{"id":7758,"date":"2024-03-27T10:44:57","date_gmt":"2024-03-27T10:44:57","guid":{"rendered":"https:\/\/noacosmetics.ro\/?page_id=7758"},"modified":"2024-03-27T10:44:59","modified_gmt":"2024-03-27T10:44:59","slug":"termenii-si-conditii","status":"publish","type":"page","link":"https:\/\/noacosmetics.ro\/en\/termenii-si-conditii\/","title":{"rendered":"Termenii \u0219i condi\u021bii"},"content":{"rendered":"<p>Compania \u00ee\u0219i rezerva dreptul de a solicita plata cu cardul \u00cen cazul clien\u021bilor care au refuzat (neridicate din sedii sau din varii motive) comenzi in trecut \u0219i doresc retrimiterea lor.<\/p>\n\n\n\n<p>Prezentul document prin continutul sau pune la dispozitia tertilor utilizatori Regulamentul privind termenii si conditiile de utilizare a site-ului <strong>NOACOSMETICS.RO <\/strong>&nbsp;<br><br>Site-ul <strong>NOACOSMETICS.RO<\/strong> este operat de societatea <strong>WHITE INN COSTINESTI SRL<\/strong>, cu sediul in <strong>Str. Pandurului nr. 34A, Constanta, judetul Constanta<\/strong>, inscrisa in Registrul Comertului cu numarul <strong>J13\/224\/2017&nbsp;<\/strong>. Utilizarea site-ului (incluzand accesul, navigarea si cumpararea produselor de pe acest site) constituie un acord implicit de respectare a termenilor si conditiilor enuntate in cuprinsul prezentului document cu toate efectele si consecintele ce decurg din aceasta.<br><br>Administratorul site-ului <strong>NOACOSMETICS.RO<\/strong> isi rezerva dreptul de a modifica in orice moment continutul acestui acord, fara notificarea prealabila a persoanelor care il utilizeaza, denumite in continuare &#8222;Utilizatori&#8221;. Utilizatorii vor avea acces permanent la termenii si conditiile de utilizare a serviciilor, pentru a le putea consulta in orice moment.<br><br><strong>Continutul site-ului si drepturile de proprietate intelectuala<\/strong><br><br>Continutul acestui site nu poate fi utilizat, reprodus, distribuit, transmis, expus, in alte scopuri decat cele expres si legal permise. Extragerea oricaror informatii urmata de orice utilizare in scop comercial care depaseste sfera copiei private reglementate de lege sau pentru vanzare ori licentiere si fara a avea in prealabil un consimtamant scris al titularilor drepturilor de proprietate constituie o incalcare a termenilor si conditiilor.<br><br>Sunteti de asemenea de acord sa nu afectati si interferati in vreun fel cu elementele de securitate ale site-ului, cu elementele care previn sau restrictioneaza utilizarea, copierea unui continut sau elemente care intaresc limitele de utilizare a siteului sau a continutului acestuia.<br><br><strong>Dreptul consumatorilor de denuntare unilaterala a contractului<\/strong><br><br>Va rugam sa va asigurati ca ati verificat specificatiile produsului si compatibilitatea acestuia prin vizitarea paginii producatorului inainte de a-l cumpara. Raporturile comerciale dintre cumparator si <strong>NOACOSMETICS.RO<\/strong> sunt reglementate oficial de Ordonanta Guvernului nr 34\/2014, privind protectia consumatorilor la incheierea si executarea contractelor la distanta.<\/p>\n\n\n\n<p><strong>Conditii de Returnare<\/strong><\/p>\n\n\n\n<p><strong>Dreptul la retragere in 14 zile pentru comert la distanta<\/strong><\/p>\n\n\n\n<p>Cumparatorul are dreptul sa se retraga din Contract, respectiv sa returneze un Bun sau sa renun\u021be la un Serviciu, \u00een termen de 14 zile calendaristice, fara invocarea niciunui motiv si fara a suporta alte costuri dec\u00e2t cele de livrare.<\/p>\n\n\n\n<p>Astfel, potrivit OUG nr 34\/2014, perioada de returnare a unui Bun sau renun\u021bare la un Serviciu expir\u0103 \u00een termen de 14 zile de la:<\/p>\n\n\n\n<ul class=\"wp-block-list\">\n<li>ziua \u00een care Cumparatorul intr\u0103 \u00een posesia fizic\u0103 a bunurilor comandate<\/li>\n<\/ul>\n\n\n\n<p>\u00cenainte de expirarea perioadei de 14 zile aveti obligatia de a ne informa cu privire la decizia dumneavoastra de a returna produsele .<\/p>\n\n\n\n<p>Ne puteti informa la adresa de e-mail <a href=\"mailto:contact@noacosmetics.ro\">contact@noacosmetics.ro<\/a>&nbsp;<\/p>\n\n\n\n<p><strong>NOACOSMETICS.RO<\/strong> &nbsp;confirm\u0103 Clientului, f\u0103r\u0103 \u00eent\u00e2rziere, pe un suport durabil, de exemplu prin e-mail, confirmarea de primire a cererii de retragere \u00een termen de maxim 2 zile lucr\u0103toare.<\/p>\n\n\n\n<ul class=\"wp-block-list\">\n<li>Puteti trimite coletul cu ce curier doriti exceptand Posta Romana. Nu primim retururi prin Posta Romana, ci doar prin intermediul firmelor de curierat.<\/li>\n\n\n\n<li>Returul coletului cade in sarcina clientului ( atat predarea spre curier cat si plata transportului)<\/li>\n\n\n\n<li>Produsele returnate trebuie sa contina etichetele ini\u021biale intacte, \u0219i toate documentele cu care au fost livrate.<\/li>\n\n\n\n<li>De asemenea produsele trebuie s\u0103 fie \u00een aceea\u0219i stare \u00een care au fost livrate \u0219i \u00eensotite de toate accesoriile, cadourile, sau alte materiale cu care au fost livrate.<\/li>\n<\/ul>\n\n\n\n<p>Va precizam ca produsele de parfumerie si cosmetica comercializate prin intermediul www.noacosmetics.ro, care au fost desigilate nu pot fi returnate din motive de protectie a sanatatii sau din motive de igiena, conform prevederilor Art. 16, lit. e din OUG 34\/2014, actualizata.<\/p>\n\n\n\n<p>ARTICOLUL 16&nbsp;&nbsp; Except\u0103ri de la dreptul de retragere<\/p>\n\n\n\n<p>e) produse sigilate care nu pot fi returnate din motive de protec\u0163ie a s\u0103n\u0103t\u0103\u0163ii sau din motive de igien\u0103 \u015fi care au fost desigilate de consumator<\/p>\n\n\n\n<ul class=\"wp-block-list\">\n<li>esente sau alte produse ce intra in contact direct cu pielea<\/li>\n\n\n\n<li>mostre si\/sau produse fara tipla de sigiliu (prevazute cu sistem roll-on sau betisor aplicator) din motive de protec\u0163ie a s\u0103n\u0103t\u0103\u0163ii sau din motive de igien\u0103<\/li>\n\n\n\n<li>Pentru a fi acceptat returul de produse, acestea trebuie sa fie in aceeasi stare in care au fost expediate.<\/li>\n\n\n\n<li>Consumatorul este responsabil \u00een ceea ce prive\u015fte diminuarea valorii produselor rezultat\u0103 din manipularea acestora.<\/li>\n\n\n\n<li>Nu se accept\u0103 produsele ale c\u0103rora ambalaje prezint\u0103 urme de uzur\u0103, sigilii rupte, folie rupta\/dezlipita, zg\u00e2rieturi, lovituri, \u0219ocuri mecanice.<\/li>\n<\/ul>\n\n\n\n<p><strong>Asigurati-va ca produsul returnat este protejat in timpul transportului prin :<\/strong><\/p>\n\n\n\n<ul class=\"wp-block-list\">\n<li>cutie adecvata<\/li>\n\n\n\n<li>bule de aer sau alte materiale ce ii pot asigura produsului protectia necesara pe timpul transportului<\/li>\n\n\n\n<li>Nu se accept\u0103 produsele ambalate necorespunzator care au suferit daune in urma returnarii.<\/li>\n<\/ul>\n\n\n\n<p>Ne obligam sa rambursam toate sumele pe care le-am primit drept plat\u0103 din partea dumneavoastra, f\u0103r\u0103 \u00eent\u00e2rziere nejustificat\u0103 \u015fi, \u00een orice caz, nu mai t\u00e2rziu de 30 zile de la data la care produsele ajung fizic in posesia noastra si respecta toate cerintele de mai sus.<\/p>\n\n\n\n<ul class=\"wp-block-list\">\n<li>Restituirea sumei se face in cont bancar,<\/li>\n\n\n\n<li>Optional daca nu detineti un cont bancar suma poate fi restituita si prin mandat postal<\/li>\n\n\n\n<li>In conditiile in care bunurile returnate nu respecta politica de returnare ne obligam sa notificam in scris sau telefonic cumparatorul cu privire la neregulile constatate.<\/li>\n\n\n\n<li>Produsele ce nu respecta cerintele de returnare vor fi retrimise iar taxa de transport va fi suportata de catre cumparatorul initial.<\/li>\n<\/ul>\n\n\n\n<p><strong>Adresa returnare colete<\/strong>:<\/p>\n\n\n\n<p><strong>WHITE INN COSTINESTI SRL<\/strong><strong><\/strong><\/p>\n\n\n\n<p><strong>Str. Pandurului, nr. 34A, Constanta, cod postal: 900082<\/strong><\/p>\n\n\n\n<p>Pentru orice fel de sugestii si reclamatii nu ezitati sa ne contactati.<\/p>\n\n\n\n<p>contact@noacosmetics.ro<\/p>\n\n\n\n<p><br>Administratorul <strong>NOACOSMETICS.RO<\/strong> face eforturi permanente pentru a pastra acuratetea informatiilor de pe site, insa uneori acestea pot contine inadvertente (specificatiile sau pretul produselor modificate de catre producator fara preaviz sau viciate de erori de operare). Atentie: fotografiiile au caracter informativ si pot contine accesorii care nu sunt incluse in pachetele standard.<br><br><strong>Frauda<\/strong><br><br>In scopul accesarii si utilizarii anumitor sectiuni ale website-ului poate fi necesara crearea unui cont personal. Prin prezenta declarati ca va asumati integral responsabilitatea pentru toate si oricare dintre activitatile realizate prin intermediul contului pe care il deschideti pe website si, in consecinta, va sfatuim sa asigurati securitatea parolei contului sau a altor date de acces. In cazul in care securitatea contului pe care il detineti este compromisa, trebuie sa anuntati imediat administratorul site-ului. <strong>NOACOSMETICS.RO<\/strong> nu este responsabil pentru daunele care va sunt cauzate sau care sunt cauzate tertilor de orice fel, prin utilizarea neautorizata a contului.<br><br><strong>Drept aplicabil<\/strong><br><br>Prin folosirea site-ului <strong>NOACOSMETICS.RO<\/strong> utilizatorul se declara de acord asupra faptului ca legile romane vor guverna Termenii si conditiile de utilizare si orice disputa de orice fel care ar putea sa apara intre utilizatori si <strong>administratorii NOACOSMETICS.RO<\/strong> sau asociatii\/partenerii\/afiliatii acestuia. In cazul unor eventuale conflicte se va incerca mai intai rezolvarea acestora pe cale amiabila, iar daca rezolvarea pe cale amiabila nu va fi posibila, conflictul va fi solutionat in instanta, in conformitate cu legile romane in vigoare.<br><br><strong>Disponibilitatea serviciului<\/strong><br><br>Administratorul <strong>NOACOSMETICS.RO<\/strong> isi rezerva dreptul de a modifica structura si interfata oricarei pagini sau subpagini a site-ului <strong>NOACOSMETICS.RO<\/strong> in orice moment si la orice interval de timp liber ales, avand dreptul de a intrerupe temporar sau permanent, partial sau in totalitate serviciile puse la dispozitia publicului prin intermediul acestui website fara vreo notificare prealabila individuala sau generala.<br><br>Daca aveti intrebari sau nelamuriri in legatura cu acesti termeni de utilizare, nu ezitati sa ne contactati prin intermediul formularului dedicat de contact sau la adresa de email contact@noacosmetics.ro<\/p>","protected":false},"excerpt":{"rendered":"<p>Compania \u00ee\u0219i rezerva dreptul de a solicita plata cu cardul \u00cen cazul clien\u021bilor care au refuzat (neridicate din sedii sau din varii motive) comenzi in trecut \u0219i doresc retrimiterea lor. Prezentul document prin continutul sau pune la dispozitia tertilor utilizatori Regulamentul privind termenii si conditiile de utilizare a site-ului NOACOSMETICS.RO &nbsp; Site-ul NOACOSMETICS.RO este operat [&hellip;]<\/p>\n","protected":false},"author":1,"featured_media":0,"parent":0,"menu_order":0,"comment_status":"closed","ping_status":"closed","template":"","meta":{"_themeisle_gutenberg_block_has_review":false,"footnotes":""},"class_list":["post-7758","page","type-page","status-publish","hentry","entry","wvn-thumbs-layout-horizontal","wvn-btn-normal","wvn-tabs-layout-horizontal","has-no-thumbnails"],"jetpack_sharing_enabled":true,"_links":{"self":[{"href":"https:\/\/noacosmetics.ro\/en\/wp-json\/wp\/v2\/pages\/7758","targetHints":{"allow":["GET"]}}],"collection":[{"href":"https:\/\/noacosmetics.ro\/en\/wp-json\/wp\/v2\/pages"}],"about":[{"href":"https:\/\/noacosmetics.ro\/en\/wp-json\/wp\/v2\/types\/page"}],"author":[{"embeddable":true,"href":"https:\/\/noacosmetics.ro\/en\/wp-json\/wp\/v2\/users\/1"}],"replies":[{"embeddable":true,"href":"https:\/\/noacosmetics.ro\/en\/wp-json\/wp\/v2\/comments?post=7758"}],"version-history":[{"count":1,"href":"https:\/\/noacosmetics.ro\/en\/wp-json\/wp\/v2\/pages\/7758\/revisions"}],"predecessor-version":[{"id":7759,"href":"https:\/\/noacosmetics.ro\/en\/wp-json\/wp\/v2\/pages\/7758\/revisions\/7759"}],"wp:attachment":[{"href":"https:\/\/noacosmetics.ro\/en\/wp-json\/wp\/v2\/media?parent=7758"}],"curies":[{"name":"wp","href":"https:\/\/api.w.org\/{rel}","templated":true}]}}