{"id":10012,"date":"2024-04-23T07:08:06","date_gmt":"2024-04-23T07:08:06","guid":{"rendered":"https:\/\/noacosmetics.ro\/?post_type=product&#038;p=10012"},"modified":"2024-04-26T08:22:03","modified_gmt":"2024-04-26T08:22:03","slug":"eveline-cosmetics-aloe-vera-crema-pentru-pielea-din-jurul-ochiloreveline-cosmetics-organic-aloe-collagen","status":"publish","type":"product","link":"https:\/\/noacosmetics.ro\/en\/product\/eveline-cosmetics-aloe-vera-crema-pentru-pielea-din-jurul-ochiloreveline-cosmetics-organic-aloe-collagen\/","title":{"rendered":"Eveline Cosmetics Aloe Vera Crem\u0103 pentru Pielea din Jurul Ochilor,Eveline Cosmetics Organic Aloe + Collagen"},"content":{"rendered":"<h4>Mod utilizare:<\/h4>\n<p>Plasturii lichizi pentru ochi care reduc cearc\u0103nele \u0219i confer\u0103 pielii o prospe\u021bime incredibil\u0103 ,\u00eei redau culoarea natural\u0103. Acestea ajut\u0103 la eliminarea cearc\u0103nelor, calmeaz\u0103 \u0219i hidrateaz\u0103 pielea delicat\u0103 din jurul ochilor, red\u00e2ndu-i elasticitatea. Utilizarea regulat\u0103 amelioreaz\u0103 simptomele oboselii cronice vizibile pe piele, adaug\u0103 energie \u0219i luminozitate aspectului.<\/p>\n<p>&nbsp;<\/p>\n<h4>Descriere:<\/h4>\n<h4>Ingredientele active ale plasturilor lichizi pentru ochi ac\u021bioneaz\u0103 \u00een 4 direc\u021bii:<\/h4>\n<div>\n<ul>\n<li>REDUCEREA \u00ceNTUNEC\u0102RII<\/li>\n<\/ul>\n<\/div>\n<div>CYTOBIOL\u2122 LUMIN-EYE, ADIPOLESS\u2122 \u0219i cofeina reduc semnificativ apari\u021bia semnelor de oboseal\u0103, red\u00e2nd prospe\u021bime privirii. HIDRATARE 24H: ALOE HYDRA DEEP SYSTEM\u2122 ac\u021bioneaz\u0103 ca o compres\u0103 calmant\u0103 \u0219i hidratant\u0103 pe piele.<\/div>\n<div>\n<ul>\n<li>FLEXIBILITATE \u0218I ELASTICITATE:<\/li>\n<\/ul>\n<\/div>\n<div>Vitamina E, bio Pullulan \u0219i cofeina au un puternic efect antioxidant, restabilind elasticitatea pielii.<\/div>\n<div>\n<ul>\n<li>EFECT DE R\u0102COPERIRE:<\/li>\n<\/ul>\n<\/div>\n<div>Ingredientele active \u00eemprosp\u0103teaz\u0103, r\u0103coresc \u0219i calmeaz\u0103 pl\u0103cut pielea. ORGANIC ALOE + COLLAGEN este o linie bazat\u0103 pe ac\u021biunea sinergic\u0103 a aloe vera 100% organic\u0103 \u0219i a colagenului vegetal. Datorit\u0103 formulei sale ultrau\u0219oare, hidrateaz\u0103 eficient \u0219i de lung\u0103 durat\u0103 pielea \u0219i activeaz\u0103 procesele regenerative care au loc \u00een ea, ceea ce red\u0103 tenului un aspect s\u0103n\u0103tos \u0219i o str\u0103lucire vital\u0103.<\/div>","protected":false},"excerpt":{"rendered":"<p>Mod utilizare: Plasturii lichizi pentru ochi care reduc cearc\u0103nele \u0219i confer\u0103 pielii o prospe\u021bime incredibil\u0103 ,\u00eei redau culoarea natural\u0103. Acestea ajut\u0103 la eliminarea cearc\u0103nelor, calmeaz\u0103 \u0219i hidrateaz\u0103 pielea delicat\u0103 din jurul ochilor, red\u00e2ndu-i elasticitatea. Utilizarea regulat\u0103 amelioreaz\u0103 simptomele oboselii cronice vizibile pe piele, adaug\u0103 energie \u0219i luminozitate aspectului. &nbsp; Descriere: Ingredientele active ale plasturilor lichizi [&hellip;]<\/p>\n","protected":false},"featured_media":10013,"comment_status":"open","ping_status":"closed","template":"","meta":{"_themeisle_gutenberg_block_has_review":false},"product_brand":[],"product_cat":[21,75,72,76],"product_tag":[],"class_list":{"0":"post-10012","1":"product","2":"type-product","3":"status-publish","4":"has-post-thumbnail","6":"product_cat-ingrijire","7":"product_cat-hidratare","8":"product_cat-ingrijire-fata","9":"product_cat-masti","10":"product_shipping_class-small-package","11":"entry","12":"has-media","14":"first","15":"onbackorder","16":"taxable","17":"shipping-taxable","18":"purchasable","19":"product-type-simple","20":"col","21":"span_1_of_3","22":"wvn-content-left","23":"wvn-thumbs-layout-horizontal","24":"wvn-btn-normal","25":"wvn-tabs-layout-horizontal","26":"has-no-thumbnails"},"jetpack_sharing_enabled":true,"_links":{"self":[{"href":"https:\/\/noacosmetics.ro\/en\/wp-json\/wp\/v2\/product\/10012","targetHints":{"allow":["GET"]}}],"collection":[{"href":"https:\/\/noacosmetics.ro\/en\/wp-json\/wp\/v2\/product"}],"about":[{"href":"https:\/\/noacosmetics.ro\/en\/wp-json\/wp\/v2\/types\/product"}],"replies":[{"embeddable":true,"href":"https:\/\/noacosmetics.ro\/en\/wp-json\/wp\/v2\/comments?post=10012"}],"wp:featuredmedia":[{"embeddable":true,"href":"https:\/\/noacosmetics.ro\/en\/wp-json\/wp\/v2\/media\/10013"}],"wp:attachment":[{"href":"https:\/\/noacosmetics.ro\/en\/wp-json\/wp\/v2\/media?parent=10012"}],"wp:term":[{"taxonomy":"product_brand","embeddable":true,"href":"https:\/\/noacosmetics.ro\/en\/wp-json\/wp\/v2\/product_brand?post=10012"},{"taxonomy":"product_cat","embeddable":true,"href":"https:\/\/noacosmetics.ro\/en\/wp-json\/wp\/v2\/product_cat?post=10012"},{"taxonomy":"product_tag","embeddable":true,"href":"https:\/\/noacosmetics.ro\/en\/wp-json\/wp\/v2\/product_tag?post=10012"}],"curies":[{"name":"wp","href":"https:\/\/api.w.org\/{rel}","templated":true}]}}