{"id":10015,"date":"2024-04-23T07:16:21","date_gmt":"2024-04-23T07:16:21","guid":{"rendered":"https:\/\/noacosmetics.ro\/?post_type=product&#038;p=10015"},"modified":"2024-04-26T08:21:50","modified_gmt":"2024-04-26T08:21:50","slug":"sampon-keratin-440ml-syoss","status":"publish","type":"product","link":"https:\/\/noacosmetics.ro\/en\/product\/sampon-keratin-440ml-syoss\/","title":{"rendered":"Sampon Keratin, 440ml, Syoss"},"content":{"rendered":"<h4>Mod utilizare:<\/h4>\n<p>\u0218amponul se aplic\u0103 pe p\u0103rul ud \u0219i se spumeaz\u0103 u\u0219or, cu mi\u0219c\u0103ri circulare. Dedica\u021bi timp masajului scalpului, cu v\u00e2rfurile degetelor, pentru o microcircula\u021bie mai bun\u0103. Apoi cl\u0103ti\u021bi bine p\u0103rul cu ap\u0103.<\/p>\n<h4>Descriere:<\/h4>\n<p>\u0218amponul pentru p\u0103r fragil \u0219i care se rupe u\u0219or, Syoss Keratin, face parte dintr-o serie inspirat\u0103 de ingrediente asiatice naturale, \u00een combina\u021bie cu un complex ce con\u021bine aminoacizi. Aceste ingrediente ac\u021bioneaz\u0103 \u00een fibrele de p\u0103r asemenea unor pietre de construc\u021bie, men\u021bin\u00e2nd p\u0103rul puternic \u0219i s\u0103n\u0103tos.<\/p>\n<p>Datorit\u0103 compozi\u021biei care reface rezervele de cheratin\u0103 ale p\u0103rului, \u0219amponul Syoss Keratin ajut\u0103 p\u0103rul s\u0103 redevin\u0103 moale \u0219i cu o str\u0103lucire natural\u0103. Ingredientele sale 90 % naturale revitalizeaz\u0103 p\u0103rul, f\u0103r\u0103 a-l \u00eempov\u0103ra.<\/p>\n<p>&nbsp;<\/p>","protected":false},"excerpt":{"rendered":"<p>Mod utilizare: \u0218amponul se aplic\u0103 pe p\u0103rul ud \u0219i se spumeaz\u0103 u\u0219or, cu mi\u0219c\u0103ri circulare. Dedica\u021bi timp masajului scalpului, cu v\u00e2rfurile degetelor, pentru o microcircula\u021bie mai bun\u0103. Apoi cl\u0103ti\u021bi bine p\u0103rul cu ap\u0103. Descriere: \u0218amponul pentru p\u0103r fragil \u0219i care se rupe u\u0219or, Syoss Keratin, face parte dintr-o serie inspirat\u0103 de ingrediente asiatice naturale, \u00een [&hellip;]<\/p>\n","protected":false},"featured_media":10017,"comment_status":"open","ping_status":"closed","template":"","meta":{"_themeisle_gutenberg_block_has_review":false},"product_brand":[],"product_cat":[21,83,84],"product_tag":[],"class_list":{"0":"post-10015","1":"product","2":"type-product","3":"status-publish","4":"has-post-thumbnail","6":"product_cat-ingrijire","7":"product_cat-ingrijire-par","8":"product_cat-sampon","9":"entry","10":"has-media","12":"first","13":"onbackorder","14":"taxable","15":"shipping-taxable","16":"purchasable","17":"product-type-simple","18":"col","19":"span_1_of_3","20":"wvn-content-left","21":"wvn-thumbs-layout-horizontal","22":"wvn-btn-normal","23":"wvn-tabs-layout-horizontal","24":"has-no-thumbnails"},"jetpack_sharing_enabled":true,"_links":{"self":[{"href":"https:\/\/noacosmetics.ro\/en\/wp-json\/wp\/v2\/product\/10015","targetHints":{"allow":["GET"]}}],"collection":[{"href":"https:\/\/noacosmetics.ro\/en\/wp-json\/wp\/v2\/product"}],"about":[{"href":"https:\/\/noacosmetics.ro\/en\/wp-json\/wp\/v2\/types\/product"}],"replies":[{"embeddable":true,"href":"https:\/\/noacosmetics.ro\/en\/wp-json\/wp\/v2\/comments?post=10015"}],"wp:featuredmedia":[{"embeddable":true,"href":"https:\/\/noacosmetics.ro\/en\/wp-json\/wp\/v2\/media\/10017"}],"wp:attachment":[{"href":"https:\/\/noacosmetics.ro\/en\/wp-json\/wp\/v2\/media?parent=10015"}],"wp:term":[{"taxonomy":"product_brand","embeddable":true,"href":"https:\/\/noacosmetics.ro\/en\/wp-json\/wp\/v2\/product_brand?post=10015"},{"taxonomy":"product_cat","embeddable":true,"href":"https:\/\/noacosmetics.ro\/en\/wp-json\/wp\/v2\/product_cat?post=10015"},{"taxonomy":"product_tag","embeddable":true,"href":"https:\/\/noacosmetics.ro\/en\/wp-json\/wp\/v2\/product_tag?post=10015"}],"curies":[{"name":"wp","href":"https:\/\/api.w.org\/{rel}","templated":true}]}}