{"id":5835,"date":"2024-03-21T08:29:50","date_gmt":"2024-03-21T08:29:50","guid":{"rendered":"https:\/\/noacosmetics.ro\/?post_type=product&#038;p=5835"},"modified":"2024-05-09T10:25:40","modified_gmt":"2024-05-09T10:25:40","slug":"bell-color-lip-gloss","status":"publish","type":"product","link":"https:\/\/noacosmetics.ro\/en\/product\/bell-color-lip-gloss\/","title":{"rendered":"Bell Color Lip Gloss"},"content":{"rendered":"<h4><strong>Mod Utilizare:<\/strong><\/h4>\n<p>Aplica rujul in mod uniform pe buze.<\/p>\n<h4><strong>Descriere:<\/strong><\/h4>\n<p>Luciul de buze Bell Color Lip Gloss este un produs cosmetic cu o formul\u0103 vegan\u0103,<br \/>\ncertificat PETA, produsul nu a fost testat pe animale.<br \/>\nAre o formul\u0103 hidratant\u0103 cu un finisaj unic, str\u0103lucitor.<br \/>\nConsisten\u021ba catifelat\u0103 asigur\u0103 confortul la purtare \u0219i, \u00een plus, ofer\u0103 buzelor netezime.<br \/>\nCremozitatea luciului de buze si aplicatorul convenabil fac ca aplicarea lui sa fie o adevarata placere &#8211; acoper\u0103 uniform buzele \u0219i nu \u00eencarc\u0103 buzele.<br \/>\nGlosurile de buze colorate ofer\u0103 un efect extraordinar, iar cele incolore ofer\u0103 un efect de vinil pe buze.<\/p>\n<p>10 culori unice disponibile.<\/p>\n<p>&nbsp;<\/p>","protected":false},"excerpt":{"rendered":"<p>Glosurile de buze sunt o alegere excelent\u0103 dac\u0103 sunte\u021bi \u00een c\u0103utarea unor produse care s\u0103 ofere o pat\u0103 de culoare spectaculoas\u0103 cu o str\u0103lucire superb\u0103.<\/p>","protected":false},"featured_media":8439,"comment_status":"open","ping_status":"closed","template":"","meta":{"_themeisle_gutenberg_block_has_review":false},"product_brand":[],"product_cat":[69,67,20,70],"product_tag":[],"class_list":{"0":"post-5835","1":"product","2":"type-product","3":"status-publish","4":"has-post-thumbnail","6":"product_cat-luciu-buze","7":"product_cat-machiaj-buze","8":"product_cat-make-up","9":"product_cat-ruj","10":"product_shipping_class-small-package","11":"entry","12":"has-media","14":"first","15":"onbackorder","16":"taxable","17":"shipping-taxable","18":"purchasable","19":"product-type-variable","20":"col","21":"span_1_of_3","22":"wvn-content-left","23":"wvn-thumbs-layout-horizontal","24":"wvn-btn-normal","25":"wvn-tabs-layout-horizontal"},"jetpack_sharing_enabled":true,"_links":{"self":[{"href":"https:\/\/noacosmetics.ro\/en\/wp-json\/wp\/v2\/product\/5835","targetHints":{"allow":["GET"]}}],"collection":[{"href":"https:\/\/noacosmetics.ro\/en\/wp-json\/wp\/v2\/product"}],"about":[{"href":"https:\/\/noacosmetics.ro\/en\/wp-json\/wp\/v2\/types\/product"}],"replies":[{"embeddable":true,"href":"https:\/\/noacosmetics.ro\/en\/wp-json\/wp\/v2\/comments?post=5835"}],"wp:featuredmedia":[{"embeddable":true,"href":"https:\/\/noacosmetics.ro\/en\/wp-json\/wp\/v2\/media\/8439"}],"wp:attachment":[{"href":"https:\/\/noacosmetics.ro\/en\/wp-json\/wp\/v2\/media?parent=5835"}],"wp:term":[{"taxonomy":"product_brand","embeddable":true,"href":"https:\/\/noacosmetics.ro\/en\/wp-json\/wp\/v2\/product_brand?post=5835"},{"taxonomy":"product_cat","embeddable":true,"href":"https:\/\/noacosmetics.ro\/en\/wp-json\/wp\/v2\/product_cat?post=5835"},{"taxonomy":"product_tag","embeddable":true,"href":"https:\/\/noacosmetics.ro\/en\/wp-json\/wp\/v2\/product_tag?post=5835"}],"curies":[{"name":"wp","href":"https:\/\/api.w.org\/{rel}","templated":true}]}}