{"id":6120,"date":"2024-03-21T12:41:29","date_gmt":"2024-03-21T12:41:29","guid":{"rendered":"https:\/\/noacosmetics.ro\/?post_type=product&#038;p=6120"},"modified":"2024-04-26T08:27:40","modified_gmt":"2024-04-26T08:27:40","slug":"eveline-fard-de-obraz-si-ruj-lichid-wonder-match-4in1-velour","status":"publish","type":"product","link":"https:\/\/noacosmetics.ro\/en\/product\/eveline-fard-de-obraz-si-ruj-lichid-wonder-match-4in1-velour\/","title":{"rendered":"Eveline Fard de Obraz si Ruj Lichid Wonder Match 4in1 Velour"},"content":{"rendered":"<h4><strong>Mod de utilizare:<\/strong><\/h4>\n<p>Aplica pe obraji sau buze ,cu aplicatorul sau degetele cantitatea dorita pentru a obtine rezultatul dorit.<\/p>\n<p>Aplicatorul mare \u0219i comod te va ajuta s\u0103 aplici cu precizie produsul cosmetic, iar disponibilitatea celor 5 culori \u00ee\u021bi va permite s\u0103 o alegi pe cea care se potrive\u0219te cel mai bine cu tenului t\u0103u.<\/p>\n<h4><strong>Descriere:<\/strong><\/h4>\n<p>Fardul de ten \u0219i rujul de buze lichid din seria Wonder Match este un produs unic pentru femeile minimaliste! Utilizarea sa practic\u0103 \u00een combina\u021bie cu propriet\u0103\u021bile de \u00eengrijire a pielii va fi deosebit de util\u0103!Formula produsului va avea grij\u0103 de aspectul frumos al buzelor, iar pe obraji va crea bujori minuna\u021bi. Scualanul, peptidele, colagenul vegan \u0219i niacinamida vor hidrata \u0219i hr\u0103ni pielea. Acestea vor netezi \u0219i calma pielea \u0219i vor regenera irita\u021biile.<\/p>\n<p>&nbsp;<\/p>","protected":false},"excerpt":{"rendered":"<p>Fardul de ten \u0219i rujul de buze lichid din seria Wonder Match este un produs unic pentru femeile minimaliste!<\/p>","protected":false},"featured_media":6126,"comment_status":"open","ping_status":"closed","template":"","meta":{"_themeisle_gutenberg_block_has_review":false},"product_brand":[],"product_cat":[58,69,67,30,20,70],"product_tag":[],"class_list":{"0":"post-6120","1":"product","2":"type-product","3":"status-publish","4":"has-post-thumbnail","6":"product_cat-blush","7":"product_cat-luciu-buze","8":"product_cat-machiaj-buze","9":"product_cat-machiaj-fata","10":"product_cat-make-up","11":"product_cat-ruj","12":"product_shipping_class-small-package","13":"entry","14":"has-media","16":"first","17":"onbackorder","18":"taxable","19":"shipping-taxable","20":"purchasable","21":"product-type-variable","22":"col","23":"span_1_of_3","24":"wvn-content-left","25":"wvn-thumbs-layout-horizontal","26":"wvn-btn-normal","27":"wvn-tabs-layout-horizontal"},"jetpack_sharing_enabled":true,"_links":{"self":[{"href":"https:\/\/noacosmetics.ro\/en\/wp-json\/wp\/v2\/product\/6120","targetHints":{"allow":["GET"]}}],"collection":[{"href":"https:\/\/noacosmetics.ro\/en\/wp-json\/wp\/v2\/product"}],"about":[{"href":"https:\/\/noacosmetics.ro\/en\/wp-json\/wp\/v2\/types\/product"}],"replies":[{"embeddable":true,"href":"https:\/\/noacosmetics.ro\/en\/wp-json\/wp\/v2\/comments?post=6120"}],"wp:featuredmedia":[{"embeddable":true,"href":"https:\/\/noacosmetics.ro\/en\/wp-json\/wp\/v2\/media\/6126"}],"wp:attachment":[{"href":"https:\/\/noacosmetics.ro\/en\/wp-json\/wp\/v2\/media?parent=6120"}],"wp:term":[{"taxonomy":"product_brand","embeddable":true,"href":"https:\/\/noacosmetics.ro\/en\/wp-json\/wp\/v2\/product_brand?post=6120"},{"taxonomy":"product_cat","embeddable":true,"href":"https:\/\/noacosmetics.ro\/en\/wp-json\/wp\/v2\/product_cat?post=6120"},{"taxonomy":"product_tag","embeddable":true,"href":"https:\/\/noacosmetics.ro\/en\/wp-json\/wp\/v2\/product_tag?post=6120"}],"curies":[{"name":"wp","href":"https:\/\/api.w.org\/{rel}","templated":true}]}}