{"id":6159,"date":"2024-03-21T13:29:05","date_gmt":"2024-03-21T13:29:05","guid":{"rendered":"https:\/\/noacosmetics.ro\/?post_type=product&#038;p=6159"},"modified":"2025-07-11T07:40:15","modified_gmt":"2025-07-11T07:40:15","slug":"bell-hypoallergenic-ruj-plumping-color-collagen","status":"publish","type":"product","link":"https:\/\/noacosmetics.ro\/en\/product\/bell-hypoallergenic-ruj-plumping-color-collagen\/","title":{"rendered":"Bell Hypoallergenic Ruj Plumping Color Collagen"},"content":{"rendered":"<h4><strong>Mod de utilizare:<\/strong><\/h4>\n<p>Aplica\u021bi rujul pe buzele curate \u0219i uscate , pentru un rezultat optim.<\/p>\n<h4><strong>Descriere:<\/strong><\/h4>\n<p>Acest ruj vegan, \u00een format stick, umple vizual buzele \u0219i accentueaz\u0103 forma lor. Formula hipoalergenic\u0103 con\u021bine colagen vegan, ulei din s\u00e2mburi de mango \u0219i agen\u021bi speciali de \u00eenmuiere care \u00eengrijesc buzele uscate \u0219i ofer\u0103 hidratare. Uleiul de ricin inclus \u00een ingrediente confer\u0103 un finisaj lucios \u0219i neted, \u00een timp ce uleiul vegetal face rujul perfect de \u00eentins. Este ideal pentru machiajul zilnic al buzelor \u0219i ca un plus la look-ul t\u0103u de sear\u0103. Produsul este disponibil \u00een 6 nuan\u021be unice. Potrivit pentru vegani, acest ruj este creat \u00een concordan\u021b\u0103 cu tendin\u021ba Clean Beauty. Este certificat de PETA, ceea ce \u00eel face o alegere excelent\u0103 pentru persoanele cu pielea sensibil\u0103, predispus\u0103 la irita\u021bii. Testat dermatologic.<\/p>","protected":false},"excerpt":{"rendered":"<p>Acest ruj vegan, \u00een format stick, umple vizual buzele \u0219i accentueaz\u0103 forma lor.<\/p>","protected":false},"featured_media":6166,"comment_status":"open","ping_status":"closed","template":"","meta":{"_themeisle_gutenberg_block_has_review":false},"product_brand":[],"product_cat":[67,20,70],"product_tag":[],"class_list":{"0":"post-6159","1":"product","2":"type-product","3":"status-publish","4":"has-post-thumbnail","6":"product_cat-machiaj-buze","7":"product_cat-make-up","8":"product_cat-ruj","9":"product_shipping_class-small-package","10":"entry","11":"has-media","13":"first","14":"onbackorder","15":"taxable","16":"shipping-taxable","17":"purchasable","18":"product-type-variable","19":"col","20":"span_1_of_3","21":"wvn-content-left","22":"wvn-thumbs-layout-horizontal","23":"wvn-btn-normal","24":"wvn-tabs-layout-horizontal"},"jetpack_sharing_enabled":true,"_links":{"self":[{"href":"https:\/\/noacosmetics.ro\/en\/wp-json\/wp\/v2\/product\/6159","targetHints":{"allow":["GET"]}}],"collection":[{"href":"https:\/\/noacosmetics.ro\/en\/wp-json\/wp\/v2\/product"}],"about":[{"href":"https:\/\/noacosmetics.ro\/en\/wp-json\/wp\/v2\/types\/product"}],"replies":[{"embeddable":true,"href":"https:\/\/noacosmetics.ro\/en\/wp-json\/wp\/v2\/comments?post=6159"}],"wp:featuredmedia":[{"embeddable":true,"href":"https:\/\/noacosmetics.ro\/en\/wp-json\/wp\/v2\/media\/6166"}],"wp:attachment":[{"href":"https:\/\/noacosmetics.ro\/en\/wp-json\/wp\/v2\/media?parent=6159"}],"wp:term":[{"taxonomy":"product_brand","embeddable":true,"href":"https:\/\/noacosmetics.ro\/en\/wp-json\/wp\/v2\/product_brand?post=6159"},{"taxonomy":"product_cat","embeddable":true,"href":"https:\/\/noacosmetics.ro\/en\/wp-json\/wp\/v2\/product_cat?post=6159"},{"taxonomy":"product_tag","embeddable":true,"href":"https:\/\/noacosmetics.ro\/en\/wp-json\/wp\/v2\/product_tag?post=6159"}],"curies":[{"name":"wp","href":"https:\/\/api.w.org\/{rel}","templated":true}]}}