{"id":6179,"date":"2024-03-21T13:38:26","date_gmt":"2024-03-21T13:38:26","guid":{"rendered":"https:\/\/noacosmetics.ro\/?post_type=product&#038;p=6179"},"modified":"2024-04-26T08:33:45","modified_gmt":"2024-04-26T08:33:45","slug":"eveline-cosmetics-variete-satin-lipstick","status":"publish","type":"product","link":"https:\/\/noacosmetics.ro\/en\/product\/eveline-cosmetics-variete-satin-lipstick\/","title":{"rendered":"Eveline Cosmetics Variete Satin Lipstick"},"content":{"rendered":"<h4><strong>Mod utilizare:<\/strong><\/h4>\n<p>Rujul se aplic\u0103 pe buze cu tu\u0219e delicate, dinspre centru spre col\u021buri.<\/p>\n<h4><strong>Descriere:<\/strong><\/h4>\n<p>Rujul Eveline Cosmetics Vari\u00e9t\u00e9 accentueaz\u0103 frumos buzele \u0219i subliniaz\u0103 perfect fondul de ten de zi \u0219i de sear\u0103.Efect satinat,pigmentare intensa,hidrateaza buzele.Contine acid hialuronic si vitamina E.<\/p>","protected":false},"excerpt":{"rendered":"<p>Contine acid hialuronic si vitamina E.<\/p>","protected":false},"featured_media":8819,"comment_status":"open","ping_status":"closed","template":"","meta":{"_themeisle_gutenberg_block_has_review":false},"product_brand":[],"product_cat":[67,20,70],"product_tag":[],"class_list":{"0":"post-6179","1":"product","2":"type-product","3":"status-publish","4":"has-post-thumbnail","6":"product_cat-machiaj-buze","7":"product_cat-make-up","8":"product_cat-ruj","9":"product_shipping_class-small-package","10":"entry","11":"has-media","13":"first","14":"onbackorder","15":"taxable","16":"shipping-taxable","17":"purchasable","18":"product-type-variable","19":"col","20":"span_1_of_3","21":"wvn-content-left","22":"wvn-thumbs-layout-horizontal","23":"wvn-btn-normal","24":"wvn-tabs-layout-horizontal"},"jetpack_sharing_enabled":true,"_links":{"self":[{"href":"https:\/\/noacosmetics.ro\/en\/wp-json\/wp\/v2\/product\/6179","targetHints":{"allow":["GET"]}}],"collection":[{"href":"https:\/\/noacosmetics.ro\/en\/wp-json\/wp\/v2\/product"}],"about":[{"href":"https:\/\/noacosmetics.ro\/en\/wp-json\/wp\/v2\/types\/product"}],"replies":[{"embeddable":true,"href":"https:\/\/noacosmetics.ro\/en\/wp-json\/wp\/v2\/comments?post=6179"}],"wp:featuredmedia":[{"embeddable":true,"href":"https:\/\/noacosmetics.ro\/en\/wp-json\/wp\/v2\/media\/8819"}],"wp:attachment":[{"href":"https:\/\/noacosmetics.ro\/en\/wp-json\/wp\/v2\/media?parent=6179"}],"wp:term":[{"taxonomy":"product_brand","embeddable":true,"href":"https:\/\/noacosmetics.ro\/en\/wp-json\/wp\/v2\/product_brand?post=6179"},{"taxonomy":"product_cat","embeddable":true,"href":"https:\/\/noacosmetics.ro\/en\/wp-json\/wp\/v2\/product_cat?post=6179"},{"taxonomy":"product_tag","embeddable":true,"href":"https:\/\/noacosmetics.ro\/en\/wp-json\/wp\/v2\/product_tag?post=6179"}],"curies":[{"name":"wp","href":"https:\/\/api.w.org\/{rel}","templated":true}]}}