{"id":6189,"date":"2024-03-21T13:43:23","date_gmt":"2024-03-21T13:43:23","guid":{"rendered":"https:\/\/noacosmetics.ro\/?post_type=product&#038;p=6189"},"modified":"2024-04-26T08:33:48","modified_gmt":"2024-04-26T08:33:48","slug":"eveline-cosmetics-oh-my-lips-matt-kit","status":"publish","type":"product","link":"https:\/\/noacosmetics.ro\/en\/product\/eveline-cosmetics-oh-my-lips-matt-kit\/","title":{"rendered":"Eveline Cosmetics Oh My Lips Matt Kit"},"content":{"rendered":"<h4><strong>Mod de utilizare:<\/strong><\/h4>\n<p>Folosi\u021bi prima dat\u0103 creionul pentru a trasa conturul buzelor apoi rujul lichid pentru a le umple perfect.<\/p>\n<h4><strong>Descriere:<\/strong><\/h4>\n<p>Setul de produse cosmetice pentru machiajul ideal al buzelor, este Eveline Cosmetics Oh! My Lips! Con\u021bine rujul lichid mat \u0219i conturul de buze \u00een acea\u0219i nuan\u021b\u0103. Formula bogat\u0103 \u00een vitamina E \u0219i complexul Moist &#8211; In Color System, asigur\u0103 un nivel optim de hidratare. Saturat cu micro &#8211; pigmen\u021bi, rujul asigur\u0103 o acoperire opac\u0103 \u0219i o rezisten\u021b\u0103 de lung\u0103 durat\u0103.<\/p>","protected":false},"excerpt":{"rendered":"<p>Setul de produse cosmetice pentru machiajul ideal al buzelor, este Eveline Cosmetics Oh! My Lips!<\/p>\n<p>Con\u021bine rujul lichid mat \u0219i conturul de buze \u00een acea\u0219i nuan\u021b\u0103.<\/p>","protected":false},"featured_media":8806,"comment_status":"open","ping_status":"closed","template":"","meta":{"_themeisle_gutenberg_block_has_review":false},"product_brand":[],"product_cat":[71,67,20,70],"product_tag":[],"class_list":{"0":"post-6189","1":"product","2":"type-product","3":"status-publish","4":"has-post-thumbnail","6":"product_cat-creion-buze","7":"product_cat-machiaj-buze","8":"product_cat-make-up","9":"product_cat-ruj","10":"product_shipping_class-small-package","11":"entry","12":"has-media","14":"first","15":"onbackorder","16":"taxable","17":"shipping-taxable","18":"purchasable","19":"product-type-variable","20":"col","21":"span_1_of_3","22":"wvn-content-left","23":"wvn-thumbs-layout-horizontal","24":"wvn-btn-normal","25":"wvn-tabs-layout-horizontal"},"jetpack_sharing_enabled":true,"_links":{"self":[{"href":"https:\/\/noacosmetics.ro\/en\/wp-json\/wp\/v2\/product\/6189","targetHints":{"allow":["GET"]}}],"collection":[{"href":"https:\/\/noacosmetics.ro\/en\/wp-json\/wp\/v2\/product"}],"about":[{"href":"https:\/\/noacosmetics.ro\/en\/wp-json\/wp\/v2\/types\/product"}],"replies":[{"embeddable":true,"href":"https:\/\/noacosmetics.ro\/en\/wp-json\/wp\/v2\/comments?post=6189"}],"wp:featuredmedia":[{"embeddable":true,"href":"https:\/\/noacosmetics.ro\/en\/wp-json\/wp\/v2\/media\/8806"}],"wp:attachment":[{"href":"https:\/\/noacosmetics.ro\/en\/wp-json\/wp\/v2\/media?parent=6189"}],"wp:term":[{"taxonomy":"product_brand","embeddable":true,"href":"https:\/\/noacosmetics.ro\/en\/wp-json\/wp\/v2\/product_brand?post=6189"},{"taxonomy":"product_cat","embeddable":true,"href":"https:\/\/noacosmetics.ro\/en\/wp-json\/wp\/v2\/product_cat?post=6189"},{"taxonomy":"product_tag","embeddable":true,"href":"https:\/\/noacosmetics.ro\/en\/wp-json\/wp\/v2\/product_tag?post=6189"}],"curies":[{"name":"wp","href":"https:\/\/api.w.org\/{rel}","templated":true}]}}