{"id":6199,"date":"2024-03-21T13:53:58","date_gmt":"2024-03-21T13:53:58","guid":{"rendered":"https:\/\/noacosmetics.ro\/?post_type=product&#038;p=6199"},"modified":"2026-01-27T06:00:07","modified_gmt":"2026-01-27T06:00:07","slug":"eveline-cosmetics-oh-my-velvet-lips-matt-kit","status":"publish","type":"product","link":"https:\/\/noacosmetics.ro\/en\/product\/eveline-cosmetics-oh-my-velvet-lips-matt-kit\/","title":{"rendered":"Eveline Cosmetics Oh My Velvet Lips Matt Kit"},"content":{"rendered":"<h4><strong>Mod utilizare:<\/strong><\/h4>\n<p>Folosi\u021bi prima dat\u0103 creionul pentru a trasa conturul buzelor apoi rujul lichid pentru a le umple perfect.<\/p>\n<h4><strong>Descriere:<\/strong><\/h4>\n<p>Buze voluptoase \u0219i extrem de atr\u0103g\u0103toare \u00een doar doi pa\u0219i. Setul Eveline Cosmetics OH! my LIPS Velvet con\u021bine un creion care contureaz\u0103 precis buzele \u0219i un ruj lichid matifiant care umple forma acestora, oferindu-le un aspect mai plin. Formulat cu ingrediente hidratante, rujul men\u021bine buzele netede \u0219i catifelate, \u00een timp ce pigmen\u021bii care p\u0103trund ad\u00e2nc \u00een piele asigur\u0103 o culoare intens\u0103 \u0219i de lung\u0103 durat\u0103.<\/p>","protected":false},"excerpt":{"rendered":"<p>Buze voluptoase \u0219i extrem de atr\u0103g\u0103toare \u00een doar doi pa\u0219i.<\/p>","protected":false},"featured_media":9722,"comment_status":"open","ping_status":"closed","template":"","meta":{"_themeisle_gutenberg_block_has_review":false},"product_brand":[],"product_cat":[71,67,20,70],"product_tag":[],"class_list":{"0":"post-6199","1":"product","2":"type-product","3":"status-publish","4":"has-post-thumbnail","6":"product_cat-creion-buze","7":"product_cat-machiaj-buze","8":"product_cat-make-up","9":"product_cat-ruj","10":"product_shipping_class-small-package","11":"entry","12":"has-media","14":"first","15":"onbackorder","16":"taxable","17":"shipping-taxable","18":"purchasable","19":"product-type-variable","20":"col","21":"span_1_of_3","22":"wvn-content-left","23":"wvn-thumbs-layout-horizontal","24":"wvn-btn-normal","25":"wvn-tabs-layout-horizontal"},"jetpack_sharing_enabled":true,"_links":{"self":[{"href":"https:\/\/noacosmetics.ro\/en\/wp-json\/wp\/v2\/product\/6199","targetHints":{"allow":["GET"]}}],"collection":[{"href":"https:\/\/noacosmetics.ro\/en\/wp-json\/wp\/v2\/product"}],"about":[{"href":"https:\/\/noacosmetics.ro\/en\/wp-json\/wp\/v2\/types\/product"}],"replies":[{"embeddable":true,"href":"https:\/\/noacosmetics.ro\/en\/wp-json\/wp\/v2\/comments?post=6199"}],"wp:featuredmedia":[{"embeddable":true,"href":"https:\/\/noacosmetics.ro\/en\/wp-json\/wp\/v2\/media\/9722"}],"wp:attachment":[{"href":"https:\/\/noacosmetics.ro\/en\/wp-json\/wp\/v2\/media?parent=6199"}],"wp:term":[{"taxonomy":"product_brand","embeddable":true,"href":"https:\/\/noacosmetics.ro\/en\/wp-json\/wp\/v2\/product_brand?post=6199"},{"taxonomy":"product_cat","embeddable":true,"href":"https:\/\/noacosmetics.ro\/en\/wp-json\/wp\/v2\/product_cat?post=6199"},{"taxonomy":"product_tag","embeddable":true,"href":"https:\/\/noacosmetics.ro\/en\/wp-json\/wp\/v2\/product_tag?post=6199"}],"curies":[{"name":"wp","href":"https:\/\/api.w.org\/{rel}","templated":true}]}}