{"id":6204,"date":"2024-03-21T15:43:59","date_gmt":"2024-03-21T15:43:59","guid":{"rendered":"https:\/\/noacosmetics.ro\/?post_type=product&#038;p=6204"},"modified":"2024-04-26T08:33:54","modified_gmt":"2024-04-26T08:33:54","slug":"eveline-cosmetics-selfie-time-2in1","status":"publish","type":"product","link":"https:\/\/noacosmetics.ro\/en\/product\/eveline-cosmetics-selfie-time-2in1\/","title":{"rendered":"Eveline Cosmetics Selfie Time 2in1"},"content":{"rendered":"<h4><strong>Mod de utilizare:<\/strong><\/h4>\n<p>Aplica\u021bi fondul de ten, Eveline Cosmetics Selfie Time, cu v\u00e2rfurile degetelor sau cu buretele de machiaj \u0219i estompa\u021bi uniform. \u00cencepe\u021bi cu fruntea, obrajii \u0219i b\u0103rbia. Apoi aplica\u021bi \u0219i \u00een jurul nasului, al buzelor \u0219i al ochilor.<\/p>\n<h4><strong>Descriere:<\/strong><\/h4>\n<p>Consisten\u021b\u0103: fluid\u0103<br \/>\nTipul de ten: pentru toate tipurile de piele<br \/>\nDup\u0103 tipul de acoperire: Ridicat\u0103<\/p>\n<p>Avantajele cosmeticelor Vegan Friendly:<\/p>\n<p>&#8211; contin numai ingrediente naturale<\/p>\n<p>&#8211; nu contin ingrediente de origine animala<\/p>\n<p>&#8211; nu sunt testate pe animale<\/p>\n<p>&#8211; au valoare nutritionala mare<\/p>\n<p>&#8211; sunt delicate cu toate tipurile de piele<\/p>\n<p>&#8211; au un risc mai scazut de reactii adverse, comparat cu cosmeticele traditionale.<br \/>\nProtec\u021bie \u00eempotriva soarelui f\u0103r\u0103 SPF<br \/>\nSubstan\u021be active acid hialuronic<br \/>\nEfect hidratant, rezistent, corector<br \/>\nNuan\u021b\u0103 fond de ten medium<\/p>\n<p>Nu v\u0103 mul\u021bumi\u021bi doar s\u0103 visa\u021bi la un machiaj cu aspect natural, care s\u0103 acopere toate imperfec\u021biunile tenului. Fondul de ten \u0219i corectorul, 2 \u00een 1 Eveline Cosmetics Selfie Time, are o textur\u0103 incredibil de lejer\u0103, care se contope\u0219te cu nuan\u021ba tenului dvs., \u00eel uniformizeaz\u0103 \u0219i acoper\u0103 perfect chiar \u0219i cearc\u0103nele, ro\u0219ea\u021ba, capilarele sparte sau acneea.<\/p>\n<p>Nu \u00eempov\u0103reaz\u0103 tenul, nu \u00eel usuc\u0103 \u0219i nu creeaz\u0103 la suprafa\u021ba acestuia un efect artificial, ca de masc\u0103. Machiajul are un efect absolut natural \u0219i de lung\u0103 durat\u0103, care rezist\u0103 la transpira\u021bie \u0219i la umiditate. Astfel, ve\u021bi fi preg\u0103tit\u0103 pentru un selfie perfect, de diminea\u021ba p\u00e2n\u0103 seara.<\/p>\n<p>Caracteristici:<\/p>\n<p>Combin\u0103 un fond de ten cu un corector, pentru un machiaj perfect<br \/>\nofer\u0103 imperfec\u021biunilor o acoperire lejer\u0103, f\u0103r\u0103 a \u00eempov\u0103ra tenul<br \/>\ntextura lejer\u0103 se contope\u0219te cu tenul \u0219i \u00eei uniformizeaz\u0103 nuan\u021ba<br \/>\nhidrateaz\u0103 \u0219i ilumineaz\u0103 tenul \u00een mod durabil<br \/>\nrezist\u0103 la umiditate \u0219i la transpira\u021bie<br \/>\np\u0103streaz\u0103 aspectul impecabil al tenului pentru mult\u0103 vreme<\/p>\n<p>Ingrediente:<\/p>\n<p>alge marine \u2013 netezesc, calmeaz\u0103 \u0219i hr\u0103nesc pielea, conferindu-i un aspect impecabil<br \/>\nacid hialuronic, agen\u021bi de hidratare \u0219i vitamina E \u2013 hidrateaz\u0103 durabil tenul, previn deshidratarea acestuia \u0219i \u00eel ilumineaza.<\/p>","protected":false},"excerpt":{"rendered":"<p>Pentru toate tipurile de piele<\/p>","protected":false},"featured_media":6206,"comment_status":"open","ping_status":"closed","template":"","meta":{"_themeisle_gutenberg_block_has_review":false},"product_brand":[],"product_cat":[55,30,20],"product_tag":[],"class_list":{"0":"post-6204","1":"product","2":"type-product","3":"status-publish","4":"has-post-thumbnail","6":"product_cat-fond-de-ten","7":"product_cat-machiaj-fata","8":"product_cat-make-up","9":"product_shipping_class-small-package","10":"entry","11":"has-media","13":"first","14":"onbackorder","15":"taxable","16":"shipping-taxable","17":"purchasable","18":"product-type-variable","19":"col","20":"span_1_of_3","21":"wvn-content-left","22":"wvn-thumbs-layout-horizontal","23":"wvn-btn-normal","24":"wvn-tabs-layout-horizontal"},"jetpack_sharing_enabled":true,"_links":{"self":[{"href":"https:\/\/noacosmetics.ro\/en\/wp-json\/wp\/v2\/product\/6204","targetHints":{"allow":["GET"]}}],"collection":[{"href":"https:\/\/noacosmetics.ro\/en\/wp-json\/wp\/v2\/product"}],"about":[{"href":"https:\/\/noacosmetics.ro\/en\/wp-json\/wp\/v2\/types\/product"}],"replies":[{"embeddable":true,"href":"https:\/\/noacosmetics.ro\/en\/wp-json\/wp\/v2\/comments?post=6204"}],"wp:featuredmedia":[{"embeddable":true,"href":"https:\/\/noacosmetics.ro\/en\/wp-json\/wp\/v2\/media\/6206"}],"wp:attachment":[{"href":"https:\/\/noacosmetics.ro\/en\/wp-json\/wp\/v2\/media?parent=6204"}],"wp:term":[{"taxonomy":"product_brand","embeddable":true,"href":"https:\/\/noacosmetics.ro\/en\/wp-json\/wp\/v2\/product_brand?post=6204"},{"taxonomy":"product_cat","embeddable":true,"href":"https:\/\/noacosmetics.ro\/en\/wp-json\/wp\/v2\/product_cat?post=6204"},{"taxonomy":"product_tag","embeddable":true,"href":"https:\/\/noacosmetics.ro\/en\/wp-json\/wp\/v2\/product_tag?post=6204"}],"curies":[{"name":"wp","href":"https:\/\/api.w.org\/{rel}","templated":true}]}}