{"id":6308,"date":"2024-03-22T11:15:33","date_gmt":"2024-03-22T11:15:33","guid":{"rendered":"https:\/\/noacosmetics.ro\/?post_type=product&#038;p=6308"},"modified":"2024-04-26T08:34:13","modified_gmt":"2024-04-26T08:34:13","slug":"bell-vege-tin-make-up-mix-and-change","status":"publish","type":"product","link":"https:\/\/noacosmetics.ro\/en\/product\/bell-vege-tin-make-up-mix-and-change\/","title":{"rendered":"Bell Vege Tin Make Up Mix and Change"},"content":{"rendered":"<h4><strong>Mod de utilizare:<\/strong><\/h4>\n<p>Aplica\u021bi \u0219i distribui\u021bi uniform pe pielea curat\u0103, \u00eenainte de aplicarea fondului de ten.<\/p>\n<h4><strong>Descriere:<\/strong><\/h4>\n<p>Fondul de ten Bell Vege uniformizeaz\u0103 nuan\u021ba pielii, acoperind micile imperfec\u021biuni.Consisten\u021b\u0103:fluid. Tipul de ten: pentru toate tipurile de piele.Dup\u0103 tipul de acoperire: u\u0219oar\u0103.Protec\u021bie \u00eempotriva soarelui :f\u0103r\u0103 SPF.Nuan\u021b\u0103 fond de ten: light. Uniformizeaz\u0103 nuan\u021ba tenului, hidrateaz\u0103 neteze\u0219te suprafa\u021ba tenului,produs vegan.Compozi\u021bia produsului este \u00eembog\u0103\u021bit\u0103 cu un extract de papaya, care hidrateaz\u0103 intens pielea, restabile\u0219te nivelul necesar de colagen \u0219i elastin\u0103, care \u00eent\u0103resc \u0219i tonifiaz\u0103 epiderma<\/p>","protected":false},"excerpt":{"rendered":"<p>Mod de utilizare: Aplica\u021bi \u0219i distribui\u021bi uniform pe pielea curat\u0103, \u00eenainte de aplicarea fondului de ten. Descriere: Fondul de ten Bell Vege uniformizeaz\u0103 nuan\u021ba pielii, acoperind micile imperfec\u021biuni.Consisten\u021b\u0103:fluid. Tipul de ten: pentru toate tipurile de piele.Dup\u0103 tipul de acoperire: u\u0219oar\u0103.Protec\u021bie \u00eempotriva soarelui :f\u0103r\u0103 SPF.Nuan\u021b\u0103 fond de ten: light. Uniformizeaz\u0103 nuan\u021ba tenului, hidrateaz\u0103 neteze\u0219te suprafa\u021ba tenului,produs [&hellip;]<\/p>\n","protected":false},"featured_media":9101,"comment_status":"open","ping_status":"closed","template":"","meta":{"_themeisle_gutenberg_block_has_review":false},"product_brand":[],"product_cat":[55,30,20,32],"product_tag":[],"class_list":{"0":"post-6308","1":"product","2":"type-product","3":"status-publish","4":"has-post-thumbnail","6":"product_cat-fond-de-ten","7":"product_cat-machiaj-fata","8":"product_cat-make-up","9":"product_cat-primer","10":"product_shipping_class-small-package","11":"entry","12":"has-media","14":"first","15":"onbackorder","16":"taxable","17":"shipping-taxable","18":"purchasable","19":"product-type-variable","20":"col","21":"span_1_of_3","22":"wvn-content-left","23":"wvn-thumbs-layout-horizontal","24":"wvn-btn-normal","25":"wvn-tabs-layout-horizontal"},"jetpack_sharing_enabled":true,"_links":{"self":[{"href":"https:\/\/noacosmetics.ro\/en\/wp-json\/wp\/v2\/product\/6308","targetHints":{"allow":["GET"]}}],"collection":[{"href":"https:\/\/noacosmetics.ro\/en\/wp-json\/wp\/v2\/product"}],"about":[{"href":"https:\/\/noacosmetics.ro\/en\/wp-json\/wp\/v2\/types\/product"}],"replies":[{"embeddable":true,"href":"https:\/\/noacosmetics.ro\/en\/wp-json\/wp\/v2\/comments?post=6308"}],"wp:featuredmedia":[{"embeddable":true,"href":"https:\/\/noacosmetics.ro\/en\/wp-json\/wp\/v2\/media\/9101"}],"wp:attachment":[{"href":"https:\/\/noacosmetics.ro\/en\/wp-json\/wp\/v2\/media?parent=6308"}],"wp:term":[{"taxonomy":"product_brand","embeddable":true,"href":"https:\/\/noacosmetics.ro\/en\/wp-json\/wp\/v2\/product_brand?post=6308"},{"taxonomy":"product_cat","embeddable":true,"href":"https:\/\/noacosmetics.ro\/en\/wp-json\/wp\/v2\/product_cat?post=6308"},{"taxonomy":"product_tag","embeddable":true,"href":"https:\/\/noacosmetics.ro\/en\/wp-json\/wp\/v2\/product_tag?post=6308"}],"curies":[{"name":"wp","href":"https:\/\/api.w.org\/{rel}","templated":true}]}}