{"id":6311,"date":"2024-03-22T11:19:21","date_gmt":"2024-03-22T11:19:21","guid":{"rendered":"https:\/\/noacosmetics.ro\/?post_type=product&#038;p=6311"},"modified":"2024-05-20T20:20:06","modified_gmt":"2024-05-20T20:20:06","slug":"eveline-cosmetics-better-than-perfect-make-up-primer","status":"publish","type":"product","link":"https:\/\/noacosmetics.ro\/en\/product\/eveline-cosmetics-better-than-perfect-make-up-primer\/","title":{"rendered":"Eveline Cosmetics Better Than Perfect Make-up Primer"},"content":{"rendered":"<h4><strong>Mod de utilizare:<\/strong><\/h4>\n<p>Aplica\u021bi uniform pe fa\u021ba cur\u0103\u021bat\u0103 \u00een prealabil \u0219i tratat\u0103 cu produse de \u00eengrijire pentru ten. Se \u00eentinde uniform \u0219i temeinic. Apoi se aplic\u0103 fondul de ten.<\/p>\n<h4><strong>Descriere:<\/strong><\/h4>\n<p>Efect Hidratare, Controlul sebumului excesiv<br \/>\nSubstan\u021be active acid hialuronic, vitamina C, colagen, vitamina E, ceramide<\/p>\n<p>Baza de fond de ten Eveline Cosmetics Better than Perfect neteze\u0219te perfect tenul, \u00eel preg\u0103te\u0219te pentru aplicarea fondului de ten \u0219i prelunge\u0219te rezisten\u021ba acestuia.<\/p>\n<p>Caracteristici:<\/p>\n<p>preg\u0103te\u0219te perfect tenul pentru aplicarea fondului de ten<br \/>\nneteze\u0219te ridurile<br \/>\nm\u0103re\u0219te rezisten\u021ba fondului de ten<\/p>","protected":false},"excerpt":{"rendered":"<p>Mod de utilizare: Aplica\u021bi uniform pe fa\u021ba cur\u0103\u021bat\u0103 \u00een prealabil \u0219i tratat\u0103 cu produse de \u00eengrijire pentru ten. Se \u00eentinde uniform \u0219i temeinic. Apoi se aplic\u0103 fondul de ten. Descriere: Efect Hidratare, Controlul sebumului excesiv Substan\u021be active acid hialuronic, vitamina C, colagen, vitamina E, ceramide Baza de fond de ten Eveline Cosmetics Better than Perfect [&hellip;]<\/p>\n","protected":false},"featured_media":9104,"comment_status":"open","ping_status":"closed","template":"","meta":{"_themeisle_gutenberg_block_has_review":false},"product_brand":[],"product_cat":[31,30,20,32],"product_tag":[],"class_list":{"0":"post-6311","1":"product","2":"type-product","3":"status-publish","4":"has-post-thumbnail","6":"product_cat-corector","7":"product_cat-machiaj-fata","8":"product_cat-make-up","9":"product_cat-primer","10":"product_shipping_class-small-package","11":"entry","12":"has-media","14":"first","15":"onbackorder","16":"taxable","17":"shipping-taxable","18":"purchasable","19":"product-type-simple","20":"col","21":"span_1_of_3","22":"wvn-content-left","23":"wvn-thumbs-layout-horizontal","24":"wvn-btn-normal","25":"wvn-tabs-layout-horizontal"},"jetpack_sharing_enabled":true,"_links":{"self":[{"href":"https:\/\/noacosmetics.ro\/en\/wp-json\/wp\/v2\/product\/6311","targetHints":{"allow":["GET"]}}],"collection":[{"href":"https:\/\/noacosmetics.ro\/en\/wp-json\/wp\/v2\/product"}],"about":[{"href":"https:\/\/noacosmetics.ro\/en\/wp-json\/wp\/v2\/types\/product"}],"replies":[{"embeddable":true,"href":"https:\/\/noacosmetics.ro\/en\/wp-json\/wp\/v2\/comments?post=6311"}],"wp:featuredmedia":[{"embeddable":true,"href":"https:\/\/noacosmetics.ro\/en\/wp-json\/wp\/v2\/media\/9104"}],"wp:attachment":[{"href":"https:\/\/noacosmetics.ro\/en\/wp-json\/wp\/v2\/media?parent=6311"}],"wp:term":[{"taxonomy":"product_brand","embeddable":true,"href":"https:\/\/noacosmetics.ro\/en\/wp-json\/wp\/v2\/product_brand?post=6311"},{"taxonomy":"product_cat","embeddable":true,"href":"https:\/\/noacosmetics.ro\/en\/wp-json\/wp\/v2\/product_cat?post=6311"},{"taxonomy":"product_tag","embeddable":true,"href":"https:\/\/noacosmetics.ro\/en\/wp-json\/wp\/v2\/product_tag?post=6311"}],"curies":[{"name":"wp","href":"https:\/\/api.w.org\/{rel}","templated":true}]}}