{"id":6331,"date":"2024-03-22T12:55:20","date_gmt":"2024-03-22T12:55:20","guid":{"rendered":"https:\/\/noacosmetics.ro\/?post_type=product&#038;p=6331"},"modified":"2024-04-26T08:34:22","modified_gmt":"2024-04-26T08:34:22","slug":"avierll-multifunctional-make-up-pen-12g","status":"publish","type":"product","link":"https:\/\/noacosmetics.ro\/en\/product\/avierll-multifunctional-make-up-pen-12g\/","title":{"rendered":"Avierll Multifunctional Make-Up Pen 12g"},"content":{"rendered":"<h4><strong>Mod de utilizare:<\/strong><\/h4>\n<p>Se aplica usor,datorita buretelului pe zonele dorite, indeplinind functia de :contur,iluminator sau blush.<\/p>\n<h4><strong>Descriere:<\/strong><\/h4>\n<p>Aplicator Tip Burete: Asigur\u0103 o aplicare u\u0219oar\u0103 \u0219i precis\u0103, permi\u021b\u00e2ndu-\u021bi s\u0103 dozezi perfect cantitatea de produs necesar\u0103 pentru look-ul dorit.<br \/>\nFormula Lichid\u0103: Textura sa cremoas\u0103 se blenduie\u0219te armonios pe piele, oferind un finisaj natural \u0219i de lung\u0103 durat\u0103.<br \/>\nMultifunc\u021bionalitate: Ideal pentru conturarea fe\u021bei, iluminarea punctelor cheie \u0219i ad\u0103ugarea unei nuan\u021be vibrante pe obraji.Acest produs este disponibil \u00eentr-o varietate de nuan\u021be, permi\u021b\u00e2ndu-\u021bi s\u0103 alegi combina\u021bia perfect\u0103 pentru tonul t\u0103u de piele. Fie c\u0103 preferi un contur subtil sau un efect de iluminare radiant, fie c\u0103 \u00ee\u021bi dore\u0219ti o culoare proasp\u0103t\u0103 de blush, produsul nostru lichid multifunc\u021bional este solu\u021bia ideal\u0103. Designul compact \u0219i aplicatorul integrat fac din acesta un must-have \u00een orice trus\u0103 de machiaj, ideal pentru retu\u0219uri rapide, oriunde te-ai afla.<\/p>\n<p>&nbsp;<\/p>","protected":false},"excerpt":{"rendered":"<p>Mod de utilizare: Se aplica usor,datorita buretelului pe zonele dorite, indeplinind functia de :contur,iluminator sau blush. Descriere: Aplicator Tip Burete: Asigur\u0103 o aplicare u\u0219oar\u0103 \u0219i precis\u0103, permi\u021b\u00e2ndu-\u021bi s\u0103 dozezi perfect cantitatea de produs necesar\u0103 pentru look-ul dorit. Formula Lichid\u0103: Textura sa cremoas\u0103 se blenduie\u0219te armonios pe piele, oferind un finisaj natural \u0219i de lung\u0103 durat\u0103. [&hellip;]<\/p>\n","protected":false},"featured_media":6339,"comment_status":"open","ping_status":"closed","template":"","meta":{"_themeisle_gutenberg_block_has_review":false},"product_brand":[],"product_cat":[58,59,57,30,20],"product_tag":[],"class_list":{"0":"post-6331","1":"product","2":"type-product","3":"status-publish","4":"has-post-thumbnail","6":"product_cat-blush","7":"product_cat-contur","8":"product_cat-iluminator","9":"product_cat-machiaj-fata","10":"product_cat-make-up","11":"product_shipping_class-small-package","12":"entry","13":"has-media","15":"first","16":"onbackorder","17":"taxable","18":"shipping-taxable","19":"purchasable","20":"product-type-variable","21":"col","22":"span_1_of_3","23":"wvn-content-left","24":"wvn-thumbs-layout-horizontal","25":"wvn-btn-normal","26":"wvn-tabs-layout-horizontal"},"jetpack_sharing_enabled":true,"_links":{"self":[{"href":"https:\/\/noacosmetics.ro\/en\/wp-json\/wp\/v2\/product\/6331","targetHints":{"allow":["GET"]}}],"collection":[{"href":"https:\/\/noacosmetics.ro\/en\/wp-json\/wp\/v2\/product"}],"about":[{"href":"https:\/\/noacosmetics.ro\/en\/wp-json\/wp\/v2\/types\/product"}],"replies":[{"embeddable":true,"href":"https:\/\/noacosmetics.ro\/en\/wp-json\/wp\/v2\/comments?post=6331"}],"wp:featuredmedia":[{"embeddable":true,"href":"https:\/\/noacosmetics.ro\/en\/wp-json\/wp\/v2\/media\/6339"}],"wp:attachment":[{"href":"https:\/\/noacosmetics.ro\/en\/wp-json\/wp\/v2\/media?parent=6331"}],"wp:term":[{"taxonomy":"product_brand","embeddable":true,"href":"https:\/\/noacosmetics.ro\/en\/wp-json\/wp\/v2\/product_brand?post=6331"},{"taxonomy":"product_cat","embeddable":true,"href":"https:\/\/noacosmetics.ro\/en\/wp-json\/wp\/v2\/product_cat?post=6331"},{"taxonomy":"product_tag","embeddable":true,"href":"https:\/\/noacosmetics.ro\/en\/wp-json\/wp\/v2\/product_tag?post=6331"}],"curies":[{"name":"wp","href":"https:\/\/api.w.org\/{rel}","templated":true}]}}