{"id":6360,"date":"2024-03-22T13:39:10","date_gmt":"2024-03-22T13:39:10","guid":{"rendered":"https:\/\/noacosmetics.ro\/?post_type=product&#038;p=6360"},"modified":"2026-04-20T06:25:01","modified_gmt":"2026-04-20T06:25:01","slug":"gerovital-beauty-baza-machia-mattifyng-30ml","status":"publish","type":"product","link":"https:\/\/noacosmetics.ro\/en\/product\/gerovital-beauty-baza-machia-mattifyng-30ml\/","title":{"rendered":"Gerovital Beauty Baza Machiaj Mattifyng 30ml"},"content":{"rendered":"<h4><strong>Mod de utilizare:<\/strong><\/h4>\n<p>Se aplic\u0103 \u00een strat sub\u021bire \u0219i uniform pe toat\u0103 fa\u021ba sau doar pe zonele cu probleme de exces de sebum (frunte, barbie etc).<br \/>\nUniformizeaz\u0103 suprafa\u021ba tenului, fiind astfel preg\u0103tit pentru aplicarea fondului de ten.<\/p>\n<h4><strong>Descriere:<\/strong><\/h4>\n<p>Creeaz\u0103 o pelicul\u0103 delicat\u0103 pe suprafa\u021ba pielii cu efect matifiant intens, care reduce semnificativ \u201eluciul\u201d nepl\u0103cut al fe\u021bei.<\/p>\n<p>Efect matifiant de lung\u0103 durat\u0103<br \/>\nPrelunge\u0219te rezisten\u021ba machiajului<br \/>\nBlureaz\u0103 imperfec\u021biunile tenului<br \/>\nTextur\u0103 fin\u0103, catifelat\u0103Gerovital Beauty Baza pentru Machiaj Mattifying are o textur\u0103 fin\u0103, catifelat\u0103, neteze\u0219te suprafa\u021ba tenului, las\u0103 un aspect mat care prelunge\u0219te rezisten\u021ba machiajului pe tenul cu tendin\u021b\u0103 de \u00eengr\u0103\u0219are.<br \/>\n\u00cempiedic\u0103 fondul de ten s\u0103 se adune \u00een ridurile \u0219i pliurile fe\u021bei sau s\u0103 migreze din cauza excesului de sebum. Machiajul aplicat rezist\u0103 astfel mai mult timp.<\/p>\n<p>Acest primer este extrem de util persoanelor cu ten gras sau ten mixt (zona T).<\/p>","protected":false},"excerpt":{"rendered":"<p>Mod de utilizare: Se aplic\u0103 \u00een strat sub\u021bire \u0219i uniform pe toat\u0103 fa\u021ba sau doar pe zonele cu probleme de exces de sebum (frunte, barbie etc). Uniformizeaz\u0103 suprafa\u021ba tenului, fiind astfel preg\u0103tit pentru aplicarea fondului de ten. Descriere: Creeaz\u0103 o pelicul\u0103 delicat\u0103 pe suprafa\u021ba pielii cu efect matifiant intens, care reduce semnificativ \u201eluciul\u201d nepl\u0103cut al [&hellip;]<\/p>\n","protected":false},"featured_media":9114,"comment_status":"open","ping_status":"closed","template":"","meta":{"_themeisle_gutenberg_block_has_review":false},"product_brand":[],"product_cat":[31,30,20,32],"product_tag":[],"class_list":{"0":"post-6360","1":"product","2":"type-product","3":"status-publish","4":"has-post-thumbnail","6":"product_cat-corector","7":"product_cat-machiaj-fata","8":"product_cat-make-up","9":"product_cat-primer","10":"product_shipping_class-small-package","11":"entry","12":"has-media","14":"first","15":"onbackorder","16":"taxable","17":"shipping-taxable","18":"purchasable","19":"product-type-simple","20":"col","21":"span_1_of_3","22":"wvn-content-left","23":"wvn-thumbs-layout-horizontal","24":"wvn-btn-normal","25":"wvn-tabs-layout-horizontal","26":"has-no-thumbnails"},"jetpack_sharing_enabled":true,"_links":{"self":[{"href":"https:\/\/noacosmetics.ro\/en\/wp-json\/wp\/v2\/product\/6360","targetHints":{"allow":["GET"]}}],"collection":[{"href":"https:\/\/noacosmetics.ro\/en\/wp-json\/wp\/v2\/product"}],"about":[{"href":"https:\/\/noacosmetics.ro\/en\/wp-json\/wp\/v2\/types\/product"}],"replies":[{"embeddable":true,"href":"https:\/\/noacosmetics.ro\/en\/wp-json\/wp\/v2\/comments?post=6360"}],"wp:featuredmedia":[{"embeddable":true,"href":"https:\/\/noacosmetics.ro\/en\/wp-json\/wp\/v2\/media\/9114"}],"wp:attachment":[{"href":"https:\/\/noacosmetics.ro\/en\/wp-json\/wp\/v2\/media?parent=6360"}],"wp:term":[{"taxonomy":"product_brand","embeddable":true,"href":"https:\/\/noacosmetics.ro\/en\/wp-json\/wp\/v2\/product_brand?post=6360"},{"taxonomy":"product_cat","embeddable":true,"href":"https:\/\/noacosmetics.ro\/en\/wp-json\/wp\/v2\/product_cat?post=6360"},{"taxonomy":"product_tag","embeddable":true,"href":"https:\/\/noacosmetics.ro\/en\/wp-json\/wp\/v2\/product_tag?post=6360"}],"curies":[{"name":"wp","href":"https:\/\/api.w.org\/{rel}","templated":true}]}}