{"id":6384,"date":"2024-03-22T18:44:31","date_gmt":"2024-03-22T18:44:31","guid":{"rendered":"https:\/\/noacosmetics.ro\/?post_type=product&#038;p=6384"},"modified":"2024-04-26T09:27:14","modified_gmt":"2024-04-26T09:27:14","slug":"evelinecosmetics-hyaluronic-apa-micelara-400ml","status":"publish","type":"product","link":"https:\/\/noacosmetics.ro\/en\/product\/evelinecosmetics-hyaluronic-apa-micelara-400ml\/","title":{"rendered":"EvelineCosmetics Hyaluronic Apa Micelara 400ml"},"content":{"rendered":"<h4><strong>Mod de utilizare<\/strong><\/h4>\n<p>Apa micelar\u0103 poate fi utilizat\u0103 at\u00e2t seara, pentru demachiere, c\u00e2t \u0219i diminea\u021ba pentru a purifica pielea. Aplica\u021bi o cantitate potrivit\u0103 de produs pe o dischet\u0103 de bumbac \u0219i \u0219terge\u021bi delicat tenul, buzele \u0219i ochii. Pentru a \u00eendep\u0103rta produsele rezistente la ap\u0103 men\u021bine\u021bi discheta c\u00e2teva secunde pentru a topi produsul.<\/p>\n<h4><strong>Descriere:<\/strong><\/h4>\n<p>Eveline Cosmetics<br \/>\nFaceMed+ ap\u0103 micelar\u0103 cu acid hialuronic 3 in 1.Ten curat \u00een orice moment al zilei.<\/p>\n<p>Apa micelar\u0103 Eveline Cosmetics FaceMed+ \u00eembog\u0103\u021bit\u0103 cu acid hialuronic ofer\u0103 pielii o cur\u0103\u021bare bl\u00e2nd\u0103, intens hr\u0103nitoare. Utilizat\u0103 seara sau diminea\u021ba, aceasta \u00eendep\u0103rteaz\u0103 machiajul sau impurit\u0103\u021bile de pe ten, l\u0103s\u00e2nd pielea curat\u0103 \u0219i moale la atingere.<\/p>\n<p>Ideal\u0103 pentru pielea foarte sensibil\u0103 sau uscat\u0103, apa elimin\u0103 f\u0103r\u0103 probleme murd\u0103ria de pe ten \u0219i machiajul rezistent la ap\u0103, astfel v\u0103 pute\u021bi bucura de o rutin\u0103 calmant\u0103, care va \u021bine irita\u021biile la distan\u021b\u0103.<\/p>\n<h4>Ingrediente:<\/h4>\n<ul>\n<li>acid hialuronic \u2013 las\u0103 pielea hidratat\u0103<\/li>\n<li>alantoin\u0103 \u2013 previne apari\u021bia irita\u021biilor<\/li>\n<li>d-pantenol \u2013 \u00eenmoaie pielea<\/li>\n<li>nu con\u021bine alcool<\/li>\n<\/ul>","protected":false},"excerpt":{"rendered":"<p>Mod de utilizare Apa micelar\u0103 poate fi utilizat\u0103 at\u00e2t seara, pentru demachiere, c\u00e2t \u0219i diminea\u021ba pentru a purifica pielea. Aplica\u021bi o cantitate potrivit\u0103 de produs pe o dischet\u0103 de bumbac \u0219i \u0219terge\u021bi delicat tenul, buzele \u0219i ochii. Pentru a \u00eendep\u0103rta produsele rezistente la ap\u0103 men\u021bine\u021bi discheta c\u00e2teva secunde pentru a topi produsul. Descriere: Eveline Cosmetics [&hellip;]<\/p>\n","protected":false},"featured_media":9337,"comment_status":"open","ping_status":"closed","template":"","meta":{"_themeisle_gutenberg_block_has_review":false},"product_brand":[],"product_cat":[73,21,72,67,30,60,20],"product_tag":[],"class_list":{"0":"post-6384","1":"product","2":"type-product","3":"status-publish","4":"has-post-thumbnail","6":"product_cat-apa-micelara","7":"product_cat-ingrijire","8":"product_cat-ingrijire-fata","9":"product_cat-machiaj-buze","10":"product_cat-machiaj-fata","11":"product_cat-machiaj-ochi","12":"product_cat-make-up","13":"product_shipping_class-small-package","14":"entry","15":"has-media","17":"first","18":"onbackorder","19":"taxable","20":"shipping-taxable","21":"purchasable","22":"product-type-simple","23":"col","24":"span_1_of_3","25":"wvn-content-left","26":"wvn-thumbs-layout-horizontal","27":"wvn-btn-normal","28":"wvn-tabs-layout-horizontal","29":"has-no-thumbnails"},"jetpack_sharing_enabled":true,"_links":{"self":[{"href":"https:\/\/noacosmetics.ro\/en\/wp-json\/wp\/v2\/product\/6384","targetHints":{"allow":["GET"]}}],"collection":[{"href":"https:\/\/noacosmetics.ro\/en\/wp-json\/wp\/v2\/product"}],"about":[{"href":"https:\/\/noacosmetics.ro\/en\/wp-json\/wp\/v2\/types\/product"}],"replies":[{"embeddable":true,"href":"https:\/\/noacosmetics.ro\/en\/wp-json\/wp\/v2\/comments?post=6384"}],"wp:featuredmedia":[{"embeddable":true,"href":"https:\/\/noacosmetics.ro\/en\/wp-json\/wp\/v2\/media\/9337"}],"wp:attachment":[{"href":"https:\/\/noacosmetics.ro\/en\/wp-json\/wp\/v2\/media?parent=6384"}],"wp:term":[{"taxonomy":"product_brand","embeddable":true,"href":"https:\/\/noacosmetics.ro\/en\/wp-json\/wp\/v2\/product_brand?post=6384"},{"taxonomy":"product_cat","embeddable":true,"href":"https:\/\/noacosmetics.ro\/en\/wp-json\/wp\/v2\/product_cat?post=6384"},{"taxonomy":"product_tag","embeddable":true,"href":"https:\/\/noacosmetics.ro\/en\/wp-json\/wp\/v2\/product_tag?post=6384"}],"curies":[{"name":"wp","href":"https:\/\/api.w.org\/{rel}","templated":true}]}}