{"id":6385,"date":"2024-03-22T18:47:04","date_gmt":"2024-03-22T18:47:04","guid":{"rendered":"https:\/\/noacosmetics.ro\/?post_type=product&#038;p=6385"},"modified":"2024-04-26T09:27:12","modified_gmt":"2024-04-26T09:27:12","slug":"eveline-cosmetics-gold-lift-expert-24k-apa-micelara-500ml","status":"publish","type":"product","link":"https:\/\/noacosmetics.ro\/en\/product\/eveline-cosmetics-gold-lift-expert-24k-apa-micelara-500ml\/","title":{"rendered":"Eveline Cosmetics Gold Lift Expert 24k Apa Micelara 500ml"},"content":{"rendered":"<h4>Mod de utilizare:<\/h4>\n<p>Se \u00eembib\u0103 o dischet\u0103 demachiant\u0103 cu ap\u0103 micelar\u0103. Cur\u0103\u021ba\u021bi zona fe\u021bei, a ochilor \u0219i g\u00e2tul de machiaj folosindu-v\u0103 de mi\u0219c\u0103ri delicate. Pentru a elimina machiajul rezistent, men\u021bine\u021bi discheta \u00een loc pentru c\u00e2teva secunde.<\/p>\n<h4>Descriere:<\/h4>\n<p>Eveline Cosmetics<br \/>\nGold Lift Expert apa pentru curatare cu particule micele pentru ten matur.Are proprietatea de a \u00eendep\u0103rta rapid \u0219i eficient reziduurile de machiaj \u0219i impurit\u0103\u021bile, f\u0103r\u0103 s\u0103 perturbe bariera protectoare a pielii.<br \/>\nDatorit\u0103 micelelor care ac\u021bioneaz\u0103 ca un magnet, apa micelar\u0103 \u00eenl\u0103tur\u0103 chiar \u0219i cel mai rezistent machiaj, l\u0103s\u00e2nd tenul curat, proasp\u0103t \u0219i catifelat.<br \/>\nProdusul ofer\u0103 \u0219i o \u00eengrijire delicat\u0103, datorit\u0103 ingredientelor naturale incluse \u00een compozi\u021bie.<br \/>\nUleiul de argan \u00eembun\u0103t\u0103\u021be\u0219te procesul de regenerare a epidermei, o hidrateaz\u0103 \u0219i previne uscarea acesteia.<br \/>\nD-pantenolul \u0219i alantoina calmeaz\u0103 irita\u021biile \u0219i \u00eent\u0103resc bariera natural\u0103 de protec\u021bie a pielii.<br \/>\nParticulele de aur restabilesc elasticitatea \u0219i moliciunea.<\/p>","protected":false},"excerpt":{"rendered":"<p>Mod de utilizare: Se \u00eembib\u0103 o dischet\u0103 demachiant\u0103 cu ap\u0103 micelar\u0103. Cur\u0103\u021ba\u021bi zona fe\u021bei, a ochilor \u0219i g\u00e2tul de machiaj folosindu-v\u0103 de mi\u0219c\u0103ri delicate. Pentru a elimina machiajul rezistent, men\u021bine\u021bi discheta \u00een loc pentru c\u00e2teva secunde. Descriere: Eveline Cosmetics Gold Lift Expert apa pentru curatare cu particule micele pentru ten matur.Are proprietatea de a \u00eendep\u0103rta [&hellip;]<\/p>\n","protected":false},"featured_media":9338,"comment_status":"open","ping_status":"closed","template":"","meta":{"_themeisle_gutenberg_block_has_review":false},"product_brand":[],"product_cat":[73,21,72,67,30,60,20],"product_tag":[],"class_list":{"0":"post-6385","1":"product","2":"type-product","3":"status-publish","4":"has-post-thumbnail","6":"product_cat-apa-micelara","7":"product_cat-ingrijire","8":"product_cat-ingrijire-fata","9":"product_cat-machiaj-buze","10":"product_cat-machiaj-fata","11":"product_cat-machiaj-ochi","12":"product_cat-make-up","13":"product_shipping_class-small-package","14":"entry","15":"has-media","17":"first","18":"onbackorder","19":"taxable","20":"shipping-taxable","21":"purchasable","22":"product-type-simple","23":"col","24":"span_1_of_3","25":"wvn-content-left","26":"wvn-thumbs-layout-horizontal","27":"wvn-btn-normal","28":"wvn-tabs-layout-horizontal","29":"has-no-thumbnails"},"jetpack_sharing_enabled":true,"_links":{"self":[{"href":"https:\/\/noacosmetics.ro\/en\/wp-json\/wp\/v2\/product\/6385","targetHints":{"allow":["GET"]}}],"collection":[{"href":"https:\/\/noacosmetics.ro\/en\/wp-json\/wp\/v2\/product"}],"about":[{"href":"https:\/\/noacosmetics.ro\/en\/wp-json\/wp\/v2\/types\/product"}],"replies":[{"embeddable":true,"href":"https:\/\/noacosmetics.ro\/en\/wp-json\/wp\/v2\/comments?post=6385"}],"wp:featuredmedia":[{"embeddable":true,"href":"https:\/\/noacosmetics.ro\/en\/wp-json\/wp\/v2\/media\/9338"}],"wp:attachment":[{"href":"https:\/\/noacosmetics.ro\/en\/wp-json\/wp\/v2\/media?parent=6385"}],"wp:term":[{"taxonomy":"product_brand","embeddable":true,"href":"https:\/\/noacosmetics.ro\/en\/wp-json\/wp\/v2\/product_brand?post=6385"},{"taxonomy":"product_cat","embeddable":true,"href":"https:\/\/noacosmetics.ro\/en\/wp-json\/wp\/v2\/product_cat?post=6385"},{"taxonomy":"product_tag","embeddable":true,"href":"https:\/\/noacosmetics.ro\/en\/wp-json\/wp\/v2\/product_tag?post=6385"}],"curies":[{"name":"wp","href":"https:\/\/api.w.org\/{rel}","templated":true}]}}