{"id":6386,"date":"2024-03-22T18:49:02","date_gmt":"2024-03-22T18:49:02","guid":{"rendered":"https:\/\/noacosmetics.ro\/?post_type=product&#038;p=6386"},"modified":"2024-11-10T06:51:05","modified_gmt":"2024-11-10T06:51:05","slug":"eveline-cosmetics-organic-aloe-collagen-apa-micelara-500ml","status":"publish","type":"product","link":"https:\/\/noacosmetics.ro\/en\/product\/eveline-cosmetics-organic-aloe-collagen-apa-micelara-500ml\/","title":{"rendered":"Eveline Cosmetics Organic Aloe Collagen Apa Micelara 500ml"},"content":{"rendered":"<h4><strong>Mod de utilizare:<\/strong><\/h4>\n<p>Se aplic\u0103 pe un tampon cosmetic \u0219i se \u0219terge fa\u021ba, pentru a elimina fondul de ten \u0219i impurit\u0103\u021bile. Se utilizeaz\u0103 diminea\u021ba sau seara, dup\u0103 cum este necesar.<\/p>\n<h4><strong>Descriere:<\/strong><\/h4>\n<p>Eveline Cosmetics<br \/>\nOrganic Aloe+Collagen apa pentru curatare cu particule micele.Apa micelar\u0103 Eveline Cosmetics Organic Aloe+Collagen este \u00eembog\u0103\u021bit\u0103 cu particule active minuscule care leag\u0103 toate impurit\u0103\u021bile \u0219i sebumul la contactul cu tenul. Datorit\u0103 acestor particule, numite micele, apa micelar\u0103 asigur\u0103 o demachiere complet\u0103 \u00een c\u00e2teva minute, f\u0103r\u0103 a necesita presiune sau frecarea tenului. Micelele sunt at\u00e2t de eficiente \u00eenc\u00e2t pot face fa\u021b\u0103 chiar \u0219i machiajului rezistent la ap\u0103. Caracteristici:<\/p>\n<p>l\u0103s\u0103 tenul complet curat<br \/>\nhidrateaz\u0103 \u00een profunzime<br \/>\ndizolv\u0103 perfect chiar \u0219i un fond de ten rezistent la ap\u0103<br \/>\npoate fi folosit \u0219i la un ten sensibil<\/p>\n<p>Ingrediente:<\/p>\n<p>produs vegan<br \/>\ncon\u021bine cel pu\u021bin 98 % ingrediente de origine natural\u0103<\/p>","protected":false},"excerpt":{"rendered":"<p>Mod de utilizare: Se aplic\u0103 pe un tampon cosmetic \u0219i se \u0219terge fa\u021ba, pentru a elimina fondul de ten \u0219i impurit\u0103\u021bile. Se utilizeaz\u0103 diminea\u021ba sau seara, dup\u0103 cum este necesar. Descriere: Eveline Cosmetics Organic Aloe+Collagen apa pentru curatare cu particule micele.Apa micelar\u0103 Eveline Cosmetics Organic Aloe+Collagen este \u00eembog\u0103\u021bit\u0103 cu particule active minuscule care leag\u0103 toate [&hellip;]<\/p>\n","protected":false},"featured_media":9329,"comment_status":"open","ping_status":"closed","template":"","meta":{"_themeisle_gutenberg_block_has_review":false},"product_brand":[],"product_cat":[73,21,72,20],"product_tag":[],"class_list":{"0":"post-6386","1":"product","2":"type-product","3":"status-publish","4":"has-post-thumbnail","6":"product_cat-apa-micelara","7":"product_cat-ingrijire","8":"product_cat-ingrijire-fata","9":"product_cat-make-up","10":"product_shipping_class-small-package","11":"entry","12":"has-media","14":"first","15":"onbackorder","16":"taxable","17":"shipping-taxable","18":"purchasable","19":"product-type-simple","20":"col","21":"span_1_of_3","22":"wvn-content-left","23":"wvn-thumbs-layout-horizontal","24":"wvn-btn-normal","25":"wvn-tabs-layout-horizontal","26":"has-no-thumbnails"},"jetpack_sharing_enabled":true,"_links":{"self":[{"href":"https:\/\/noacosmetics.ro\/en\/wp-json\/wp\/v2\/product\/6386","targetHints":{"allow":["GET"]}}],"collection":[{"href":"https:\/\/noacosmetics.ro\/en\/wp-json\/wp\/v2\/product"}],"about":[{"href":"https:\/\/noacosmetics.ro\/en\/wp-json\/wp\/v2\/types\/product"}],"replies":[{"embeddable":true,"href":"https:\/\/noacosmetics.ro\/en\/wp-json\/wp\/v2\/comments?post=6386"}],"wp:featuredmedia":[{"embeddable":true,"href":"https:\/\/noacosmetics.ro\/en\/wp-json\/wp\/v2\/media\/9329"}],"wp:attachment":[{"href":"https:\/\/noacosmetics.ro\/en\/wp-json\/wp\/v2\/media?parent=6386"}],"wp:term":[{"taxonomy":"product_brand","embeddable":true,"href":"https:\/\/noacosmetics.ro\/en\/wp-json\/wp\/v2\/product_brand?post=6386"},{"taxonomy":"product_cat","embeddable":true,"href":"https:\/\/noacosmetics.ro\/en\/wp-json\/wp\/v2\/product_cat?post=6386"},{"taxonomy":"product_tag","embeddable":true,"href":"https:\/\/noacosmetics.ro\/en\/wp-json\/wp\/v2\/product_tag?post=6386"}],"curies":[{"name":"wp","href":"https:\/\/api.w.org\/{rel}","templated":true}]}}