{"id":6388,"date":"2024-03-22T18:55:03","date_gmt":"2024-03-22T18:55:03","guid":{"rendered":"https:\/\/noacosmetics.ro\/?post_type=product&#038;p=6388"},"modified":"2024-04-26T09:27:06","modified_gmt":"2024-04-26T09:27:06","slug":"eveline-cosmetics-beautyglow-spuma-curatare-150ml","status":"publish","type":"product","link":"https:\/\/noacosmetics.ro\/en\/product\/eveline-cosmetics-beautyglow-spuma-curatare-150ml\/","title":{"rendered":"Eveline Cosmetics Beauty&#038;Glow Spuma Curatare 150ml"},"content":{"rendered":"<h4><strong>Mod de utilizare:<\/strong><\/h4>\n<p>Se aplic\u0103 diminea\u021ba \u0219i\/sau seara, pe fa\u021ba umezit\u0103 \u0219i se spumeaz\u0103. Apoi se cl\u0103te\u0219te.<\/p>\n<h4><strong>Descriere:<\/strong><\/h4>\n<p>Cur\u0103\u021b\u0103 \u00een profunzime impurit\u0103\u021bile \u0219i hidrateaz\u0103 eficient pielea<br \/>\nReduce porii \u0219i ajut\u0103 pielea s\u0103 se refac\u0103 singur\u0103<br \/>\n\u00cemprosp\u0103teaz\u0103 \u0219i adaug\u0103 energie pielii<br \/>\nHr\u0103ne\u0219te \u0219i calmeaz\u0103 epiderma celulei<br \/>\nCon\u021bine nu mai pu\u021bin de 98% ingrediente de origine natural\u0103<\/p>\n<p>Eveline Cosmetics Beauty &amp; Glow Illuminating Face Cleansing Foam este o spum\u0103 de cur\u0103\u021bare facial\u0103 iluminatoare. Cur\u0103\u021barea facial\u0103 va cur\u0103\u021ba \u0219i va \u00eent\u0103ri pielea! Cl\u0103te\u0219te imediat oboseala \u0219i impurit\u0103\u021bile de pe fa\u021b\u0103 \u0219i ofer\u0103 o \u00eengrijire complet\u0103. Cur\u0103\u021barea este conceput\u0103 pentru toate tipurile de piele, inclusiv pentru pielea sensibil\u0103.Eveline Cosmetics<br \/>\nBeauty &amp; Glow Oh Gentle! spuma de curatare ce ofera stralucire faciale<\/p>","protected":false},"excerpt":{"rendered":"<p>Mod de utilizare: Se aplic\u0103 diminea\u021ba \u0219i\/sau seara, pe fa\u021ba umezit\u0103 \u0219i se spumeaz\u0103. Apoi se cl\u0103te\u0219te. Descriere: Cur\u0103\u021b\u0103 \u00een profunzime impurit\u0103\u021bile \u0219i hidrateaz\u0103 eficient pielea Reduce porii \u0219i ajut\u0103 pielea s\u0103 se refac\u0103 singur\u0103 \u00cemprosp\u0103teaz\u0103 \u0219i adaug\u0103 energie pielii Hr\u0103ne\u0219te \u0219i calmeaz\u0103 epiderma celulei Con\u021bine nu mai pu\u021bin de 98% ingrediente de origine natural\u0103 [&hellip;]<\/p>\n","protected":false},"featured_media":9315,"comment_status":"open","ping_status":"closed","template":"","meta":{"_themeisle_gutenberg_block_has_review":false},"product_brand":[],"product_cat":[74,21,72,67,30,60,20],"product_tag":[],"class_list":{"0":"post-6388","1":"product","2":"type-product","3":"status-publish","4":"has-post-thumbnail","6":"product_cat-curatare-fata","7":"product_cat-ingrijire","8":"product_cat-ingrijire-fata","9":"product_cat-machiaj-buze","10":"product_cat-machiaj-fata","11":"product_cat-machiaj-ochi","12":"product_cat-make-up","13":"product_shipping_class-small-package","14":"entry","15":"has-media","17":"first","18":"onbackorder","19":"taxable","20":"shipping-taxable","21":"purchasable","22":"product-type-simple","23":"col","24":"span_1_of_3","25":"wvn-content-left","26":"wvn-thumbs-layout-horizontal","27":"wvn-btn-normal","28":"wvn-tabs-layout-horizontal","29":"has-no-thumbnails"},"jetpack_sharing_enabled":true,"_links":{"self":[{"href":"https:\/\/noacosmetics.ro\/en\/wp-json\/wp\/v2\/product\/6388","targetHints":{"allow":["GET"]}}],"collection":[{"href":"https:\/\/noacosmetics.ro\/en\/wp-json\/wp\/v2\/product"}],"about":[{"href":"https:\/\/noacosmetics.ro\/en\/wp-json\/wp\/v2\/types\/product"}],"replies":[{"embeddable":true,"href":"https:\/\/noacosmetics.ro\/en\/wp-json\/wp\/v2\/comments?post=6388"}],"wp:featuredmedia":[{"embeddable":true,"href":"https:\/\/noacosmetics.ro\/en\/wp-json\/wp\/v2\/media\/9315"}],"wp:attachment":[{"href":"https:\/\/noacosmetics.ro\/en\/wp-json\/wp\/v2\/media?parent=6388"}],"wp:term":[{"taxonomy":"product_brand","embeddable":true,"href":"https:\/\/noacosmetics.ro\/en\/wp-json\/wp\/v2\/product_brand?post=6388"},{"taxonomy":"product_cat","embeddable":true,"href":"https:\/\/noacosmetics.ro\/en\/wp-json\/wp\/v2\/product_cat?post=6388"},{"taxonomy":"product_tag","embeddable":true,"href":"https:\/\/noacosmetics.ro\/en\/wp-json\/wp\/v2\/product_tag?post=6388"}],"curies":[{"name":"wp","href":"https:\/\/api.w.org\/{rel}","templated":true}]}}