{"id":6389,"date":"2024-03-22T18:57:34","date_gmt":"2024-03-22T18:57:34","guid":{"rendered":"https:\/\/noacosmetics.ro\/?post_type=product&#038;p=6389"},"modified":"2024-04-26T09:27:04","modified_gmt":"2024-04-26T09:27:04","slug":"eveline-cosmetics-sensation-c-spuma-curatare-3in1-pentru-ten-mixt-si-gras-150ml","status":"publish","type":"product","link":"https:\/\/noacosmetics.ro\/en\/product\/eveline-cosmetics-sensation-c-spuma-curatare-3in1-pentru-ten-mixt-si-gras-150ml\/","title":{"rendered":"Eveline Cosmetics Sensation C Spuma Curatare 3in1 Pentru Ten Mixt Si Gras 150ml"},"content":{"rendered":"<h4>Mod de utilizare:<\/h4>\n<p>Se aplic\u0103 diminea\u021ba \u0219i\/sau seara, pe fa\u021ba umezit\u0103 \u0219i se spumeaz\u0103. Apoi se cl\u0103te\u0219te.<\/p>\n<h4>Descriere:<\/h4>\n<p>Seria de produse de \u00eengrijire a pielii C Perfection a fost dezvoltat\u0103 de Eveline Cosmetics pentru a se asigura tinere\u021bea \u0219i frumuse\u021bea pielii. Particularitatea acestei game de produse este utilizarea a dou\u0103 forme stabile de vitamina C, care produc un efect de \u00eentinerire. Spuma de cur\u0103\u021bare a fe\u021bei \u00eendep\u0103rteaz\u0103 u\u0219or excesul de sebum, impurit\u0103\u021bile \u0219i reziduurile de machiaj de pe piele, av\u00e2nd grij\u0103 \u00een acela\u0219i timp de tonul uniform. Compozi\u021bia sa include 98% componente de origine natural\u0103, iar formula activ\u0103 satureaz\u0103 pielea cu micronutrienti. Spuma are un efect hidratant eficient, protejeaz\u0103 \u00eempotriva influen\u021bei agresive a radicalilor liberi, tonific\u0103 \u0219i \u00eemprosp\u0103teaz\u0103 \u0219i confer\u0103 fe\u021bei o str\u0103lucire natural\u0103.<\/p>","protected":false},"excerpt":{"rendered":"<p>Mod de utilizare: Se aplic\u0103 diminea\u021ba \u0219i\/sau seara, pe fa\u021ba umezit\u0103 \u0219i se spumeaz\u0103. Apoi se cl\u0103te\u0219te. Descriere: Seria de produse de \u00eengrijire a pielii C Perfection a fost dezvoltat\u0103 de Eveline Cosmetics pentru a se asigura tinere\u021bea \u0219i frumuse\u021bea pielii. Particularitatea acestei game de produse este utilizarea a dou\u0103 forme stabile de vitamina C, [&hellip;]<\/p>\n","protected":false},"featured_media":9331,"comment_status":"open","ping_status":"closed","template":"","meta":{"_themeisle_gutenberg_block_has_review":false},"product_brand":[],"product_cat":[74,21,72,67,30,60,20],"product_tag":[],"class_list":{"0":"post-6389","1":"product","2":"type-product","3":"status-publish","4":"has-post-thumbnail","6":"product_cat-curatare-fata","7":"product_cat-ingrijire","8":"product_cat-ingrijire-fata","9":"product_cat-machiaj-buze","10":"product_cat-machiaj-fata","11":"product_cat-machiaj-ochi","12":"product_cat-make-up","13":"product_shipping_class-small-package","14":"entry","15":"has-media","17":"first","18":"onbackorder","19":"taxable","20":"shipping-taxable","21":"purchasable","22":"product-type-simple","23":"col","24":"span_1_of_3","25":"wvn-content-left","26":"wvn-thumbs-layout-horizontal","27":"wvn-btn-normal","28":"wvn-tabs-layout-horizontal","29":"has-no-thumbnails"},"jetpack_sharing_enabled":true,"_links":{"self":[{"href":"https:\/\/noacosmetics.ro\/en\/wp-json\/wp\/v2\/product\/6389","targetHints":{"allow":["GET"]}}],"collection":[{"href":"https:\/\/noacosmetics.ro\/en\/wp-json\/wp\/v2\/product"}],"about":[{"href":"https:\/\/noacosmetics.ro\/en\/wp-json\/wp\/v2\/types\/product"}],"replies":[{"embeddable":true,"href":"https:\/\/noacosmetics.ro\/en\/wp-json\/wp\/v2\/comments?post=6389"}],"wp:featuredmedia":[{"embeddable":true,"href":"https:\/\/noacosmetics.ro\/en\/wp-json\/wp\/v2\/media\/9331"}],"wp:attachment":[{"href":"https:\/\/noacosmetics.ro\/en\/wp-json\/wp\/v2\/media?parent=6389"}],"wp:term":[{"taxonomy":"product_brand","embeddable":true,"href":"https:\/\/noacosmetics.ro\/en\/wp-json\/wp\/v2\/product_brand?post=6389"},{"taxonomy":"product_cat","embeddable":true,"href":"https:\/\/noacosmetics.ro\/en\/wp-json\/wp\/v2\/product_cat?post=6389"},{"taxonomy":"product_tag","embeddable":true,"href":"https:\/\/noacosmetics.ro\/en\/wp-json\/wp\/v2\/product_tag?post=6389"}],"curies":[{"name":"wp","href":"https:\/\/api.w.org\/{rel}","templated":true}]}}