{"id":6392,"date":"2024-03-22T19:30:21","date_gmt":"2024-03-22T19:30:21","guid":{"rendered":"https:\/\/noacosmetics.ro\/?post_type=product&#038;p=6392"},"modified":"2024-04-26T09:26:57","modified_gmt":"2024-04-26T09:26:57","slug":"ushas-eyelash-curler-ondulator-gene","status":"publish","type":"product","link":"https:\/\/noacosmetics.ro\/en\/product\/ushas-eyelash-curler-ondulator-gene\/","title":{"rendered":"Ushas Eyelash Curler Ondulator Gene"},"content":{"rendered":"<h4>Mod de utilizare:<\/h4>\n<p>Pasul 1: \u021aine ondulatorul deschis, str\u00e2nge u\u0219or genele \u00eentre cle\u0219ti pentru 3 secunde dupa care deschide u\u0219or. Pentru rezultate mai bune repet\u0103 opera\u021biunea de 3 ori sau pentru o perioad\u0103 mai \u00eendelugat\u0103. Il po\u021bi \u00eenc\u0103lzi pu\u021bin \u00eenainte.<\/p>\n<p>Pasul 2: Aplic\u0103 rimelul \u0219i e\u0219ti gata!<\/p>\n<h4>Descriere:<\/h4>\n<p>Ondulatorul de gene este creat special pentru a curba uniform fiecare gean\u0103. Zona de prindere a acestuia este din metal acoperit\u0103 de silicon, pentru a nu aluneca.<\/p>","protected":false},"excerpt":{"rendered":"<p>Mod de utilizare: Pasul 1: \u021aine ondulatorul deschis, str\u00e2nge u\u0219or genele \u00eentre cle\u0219ti pentru 3 secunde dupa care deschide u\u0219or. Pentru rezultate mai bune repet\u0103 opera\u021biunea de 3 ori sau pentru o perioad\u0103 mai \u00eendelugat\u0103. Il po\u021bi \u00eenc\u0103lzi pu\u021bin \u00eenainte. Pasul 2: Aplic\u0103 rimelul \u0219i e\u0219ti gata! Descriere: Ondulatorul de gene este creat special pentru [&hellip;]<\/p>\n","protected":false},"featured_media":9821,"comment_status":"open","ping_status":"closed","template":"","meta":{"_themeisle_gutenberg_block_has_review":false},"product_brand":[],"product_cat":[22,60,20],"product_tag":[],"class_list":{"0":"post-6392","1":"product","2":"type-product","3":"status-publish","4":"has-post-thumbnail","6":"product_cat-accesorii","7":"product_cat-machiaj-ochi","8":"product_cat-make-up","9":"product_shipping_class-small-package","10":"entry","11":"has-media","13":"first","14":"onbackorder","15":"taxable","16":"shipping-taxable","17":"purchasable","18":"product-type-simple","19":"col","20":"span_1_of_3","21":"wvn-content-left","22":"wvn-thumbs-layout-horizontal","23":"wvn-btn-normal","24":"wvn-tabs-layout-horizontal"},"jetpack_sharing_enabled":true,"_links":{"self":[{"href":"https:\/\/noacosmetics.ro\/en\/wp-json\/wp\/v2\/product\/6392","targetHints":{"allow":["GET"]}}],"collection":[{"href":"https:\/\/noacosmetics.ro\/en\/wp-json\/wp\/v2\/product"}],"about":[{"href":"https:\/\/noacosmetics.ro\/en\/wp-json\/wp\/v2\/types\/product"}],"replies":[{"embeddable":true,"href":"https:\/\/noacosmetics.ro\/en\/wp-json\/wp\/v2\/comments?post=6392"}],"wp:featuredmedia":[{"embeddable":true,"href":"https:\/\/noacosmetics.ro\/en\/wp-json\/wp\/v2\/media\/9821"}],"wp:attachment":[{"href":"https:\/\/noacosmetics.ro\/en\/wp-json\/wp\/v2\/media?parent=6392"}],"wp:term":[{"taxonomy":"product_brand","embeddable":true,"href":"https:\/\/noacosmetics.ro\/en\/wp-json\/wp\/v2\/product_brand?post=6392"},{"taxonomy":"product_cat","embeddable":true,"href":"https:\/\/noacosmetics.ro\/en\/wp-json\/wp\/v2\/product_cat?post=6392"},{"taxonomy":"product_tag","embeddable":true,"href":"https:\/\/noacosmetics.ro\/en\/wp-json\/wp\/v2\/product_tag?post=6392"}],"curies":[{"name":"wp","href":"https:\/\/api.w.org\/{rel}","templated":true}]}}