{"id":6397,"date":"2024-03-22T19:48:22","date_gmt":"2024-03-22T19:48:22","guid":{"rendered":"https:\/\/noacosmetics.ro\/?post_type=product&#038;p=6397"},"modified":"2024-04-26T09:26:52","modified_gmt":"2024-04-26T09:26:52","slug":"gene-false-9d","status":"publish","type":"product","link":"https:\/\/noacosmetics.ro\/en\/product\/gene-false-9d\/","title":{"rendered":"Gene False 9D"},"content":{"rendered":"<h4>Mod de utlizare:<\/h4>\n<p>Pachetul nu contine lipici.<\/p>\n<p>Pasul 1 &#8211; Aplica\u021bi ini\u021bial machiajul.\u00cenainte de aplicarea genelor false, folosi\u021bi machiajul facial obi\u0219nuit. Alege\u021bi-v\u0103 tipul preferat de gene false, de la cele dramatice la gene discrete, cu un aspect natural.<br \/>\nCurba\u021bi-v\u0103 ini\u021bial genele naturale cu ondulatorul special \u0219i aplica\u021bi un strat de mascara. Acest strat va ajuta la fixarea genelor false atunci c\u00e2nd vor fi aplicate \u0219i le va conferi, de asemenea, un plus de volum.<\/p>\n<p>Pasul 2 &#8211; M\u0103sura\u021bi lungimea genelor.Folosind o penset\u0103, desprinde\u021bi genele false din ambalaj, \u00eencep\u00e2nd din col\u021bul exterior. M\u0103sura\u021bi genele compar\u00e2ndu-le cu dimensiunea ochiului \u0219i t\u0103ia\u021bi-le cu o foarfec\u0103 la lungimea dorit\u0103.<br \/>\nGenele trebuie s\u0103 fie aplicate \u00eencep\u00e2nd de la o distan\u021b\u0103 de c\u00e2\u021biva milimetri de col\u021bul ochiului \u0219i nu trebuie s\u0103 dep\u0103\u0219easc\u0103 col\u021bul opus al acestuia.<\/p>\n<p>Pasul 3 &#8211; Evita\u021bi ca genele s\u0103 se desfaca.Genele false au uneori tendin\u021ba de a se desface la col\u021buri. R\u0103suci\u021bi-le \u00een jurul unei pensule de machiaj sau al oric\u0103rui obiect cilindric pentru a v\u0103 asigura c\u0103 acestea r\u0103m\u00e2n perfect curbate, conferindu-le astfel mai mult volum. \u00cen plus, genele \u00ee\u0219i vor mai pierde astfel din rigiditate, fiind mai u\u0219or de ajustat la aplicare.<\/p>\n<p>Pasul 4 &#8211; Aplica\u021bi adezivul.Dup\u0103 ce a\u021bi ob\u021binut lungimea \u0219i forma perfect\u0103 a genelor false, este momentul s\u0103 \u00eencepe\u021bi s\u0103 aplica\u021bi adezivul. Folosind aplicatorul-pensul\u0103, aplica\u021bi lipiciul sub form\u0103 de puncte pe linia genelor false.<br \/>\nA\u0219tepta\u021bi 30 de secunde \u00eenainte de a apropia genele false de ochi, deoarece lipiciul trebuie s\u0103 fie cleios \u0219i nu umed. Aplica\u021bi o cantitate mai mare de lipici dac\u0103 ve\u021bi purta genele pentru o perioada \u00eendelungat\u0103, pentru rezisten\u021b\u0103 ridicat\u0103.<\/p>\n<p>Pasul 5 &#8211; Aplica\u021bi genele.Pute\u021bi \u00eendeplini acest pas folosindu-v\u0103 degetele sau o penset\u0103. Ating\u00e2nd col\u021bul genei, fixa\u021bi u\u0219or genele false exact deasupra genelor naturale, \u00eens\u0103 c\u00e2t mai aproape cu putin\u021b\u0103 de linia acestora. Nu aplica\u021bi direct pe genele naturale, ceea ce spore\u0219te riscul ca acestea s\u0103 fie smulse atunci c\u00e2nd le \u00eendep\u0103rta\u021bi pe cele false. Men\u021bine\u021bi genele false ap\u0103sate timp de 20-30 de secunde.Pasul 6 &#8211; Efectua\u021bi ultimele retu\u0219uri.Folosind tu\u0219 pentru ochi, contura\u021bi marginea genei, l\u00e2ng\u0103 col\u021bul ochiului, \u0219i continua\u021bi s\u0103 aplica\u021bi treptat de-a lungul liniei genelor, elimin\u00e2nd astfel \u201egolurile\u201d.Pute\u021bi aplica tu\u0219 \u0219i \u00een col\u021bul exterior al ochiului, cre\u00e2nd iluzia de ochi de pisic\u0103 \u0219i de alungire a genelor. La final, aplica\u021bi \u00eenc\u0103 un strat de mascara pentru un volum fabulos. Continua\u021bi cu cel\u0103lalt ochi \u0219i a\u021bi terminat!<\/p>\n<p>&nbsp;<\/p>\n<h4>Descriere:<\/h4>\n<p>Produsul intensific\u0103 privirea \u0219i subliniaz\u0103 frumuse\u021bea ochilor. M\u0103re\u0219te optic ochii \u0219i confer\u0103 profunzime privirii ,impresie natural\u0103, \u00eendese\u0219te \u0219i completeaz\u0103 genele lips\u0103, aplicare rapid\u0103 \u0219i u\u0219oar\u0103.V\u0103 dori\u021bi s\u0103 ave\u021bi gene incredibil de lungi \u00een c\u00e2teva minute? Opta\u021bi pentru gene false.<\/p>","protected":false},"excerpt":{"rendered":"<p>Mod de utlizare: Pachetul nu contine lipici. Pasul 1 &#8211; Aplica\u021bi ini\u021bial machiajul.\u00cenainte de aplicarea genelor false, folosi\u021bi machiajul facial obi\u0219nuit. Alege\u021bi-v\u0103 tipul preferat de gene false, de la cele dramatice la gene discrete, cu un aspect natural. Curba\u021bi-v\u0103 ini\u021bial genele naturale cu ondulatorul special \u0219i aplica\u021bi un strat de mascara. Acest strat va ajuta [&hellip;]<\/p>\n","protected":false},"featured_media":9276,"comment_status":"open","ping_status":"closed","template":"","meta":{"_themeisle_gutenberg_block_has_review":false},"product_brand":[],"product_cat":[22,60,20,61],"product_tag":[],"class_list":{"0":"post-6397","1":"product","2":"type-product","3":"status-publish","4":"has-post-thumbnail","6":"product_cat-accesorii","7":"product_cat-machiaj-ochi","8":"product_cat-make-up","9":"product_cat-sprancene-gene","10":"product_shipping_class-small-package","11":"entry","12":"has-media","14":"first","15":"onbackorder","16":"taxable","17":"shipping-taxable","18":"purchasable","19":"product-type-variable","20":"col","21":"span_1_of_3","22":"wvn-content-left","23":"wvn-thumbs-layout-horizontal","24":"wvn-btn-normal","25":"wvn-tabs-layout-horizontal"},"jetpack_sharing_enabled":true,"_links":{"self":[{"href":"https:\/\/noacosmetics.ro\/en\/wp-json\/wp\/v2\/product\/6397","targetHints":{"allow":["GET"]}}],"collection":[{"href":"https:\/\/noacosmetics.ro\/en\/wp-json\/wp\/v2\/product"}],"about":[{"href":"https:\/\/noacosmetics.ro\/en\/wp-json\/wp\/v2\/types\/product"}],"replies":[{"embeddable":true,"href":"https:\/\/noacosmetics.ro\/en\/wp-json\/wp\/v2\/comments?post=6397"}],"wp:featuredmedia":[{"embeddable":true,"href":"https:\/\/noacosmetics.ro\/en\/wp-json\/wp\/v2\/media\/9276"}],"wp:attachment":[{"href":"https:\/\/noacosmetics.ro\/en\/wp-json\/wp\/v2\/media?parent=6397"}],"wp:term":[{"taxonomy":"product_brand","embeddable":true,"href":"https:\/\/noacosmetics.ro\/en\/wp-json\/wp\/v2\/product_brand?post=6397"},{"taxonomy":"product_cat","embeddable":true,"href":"https:\/\/noacosmetics.ro\/en\/wp-json\/wp\/v2\/product_cat?post=6397"},{"taxonomy":"product_tag","embeddable":true,"href":"https:\/\/noacosmetics.ro\/en\/wp-json\/wp\/v2\/product_tag?post=6397"}],"curies":[{"name":"wp","href":"https:\/\/api.w.org\/{rel}","templated":true}]}}