{"id":6410,"date":"2024-03-22T20:01:17","date_gmt":"2024-03-22T20:01:17","guid":{"rendered":"https:\/\/noacosmetics.ro\/?post_type=product&#038;p=6410"},"modified":"2024-04-26T09:26:44","modified_gmt":"2024-04-26T09:26:44","slug":"bentita-cosmetica-3","status":"publish","type":"product","link":"https:\/\/noacosmetics.ro\/en\/product\/bentita-cosmetica-3\/","title":{"rendered":"Benti\u021b\u0103 Cosmetic\u0103"},"content":{"rendered":"<h4>Culoare: alb, roz, bleau, bleumarin, peach, negru, gri, nude, fuchsia, <span class=\"dia_suggestion w2\" contextmenu=\"true\">fundi\u021b\u0103 <\/span>OMG.<\/h4>\n<p>&nbsp;<\/p>\n<h4>Descriere:<\/h4>\n<p>Benti\u021ba cosmetic\u0103 pentru p\u0103r .Produsul este conceput pentru utilizarea \u00een timpul procesului de aplicare a produselor cosmetice \u0219i crearea machiajului. Datorit\u0103 acesteia, p\u0103rul va fi protejat \u00een mod fiabil de produsele aplicate pe ten. Poate fi folosit\u0103 \u0219i<\/p>\n<p>&nbsp;<\/p>\n<p>&nbsp;<\/p>","protected":false},"excerpt":{"rendered":"<p>Culoare: alb, roz, bleau, bleumarin, peach, negru, gri, nude, fuchsia, fundi\u021b\u0103 OMG. &nbsp; Descriere: Benti\u021ba cosmetic\u0103 pentru p\u0103r .Produsul este conceput pentru utilizarea \u00een timpul procesului de aplicare a produselor cosmetice \u0219i crearea machiajului. Datorit\u0103 acesteia, p\u0103rul va fi protejat \u00een mod fiabil de produsele aplicate pe ten. Poate fi folosit\u0103 \u0219i &nbsp; &nbsp;<\/p>","protected":false},"featured_media":9403,"comment_status":"open","ping_status":"closed","template":"","meta":{"_themeisle_gutenberg_block_has_review":false},"product_brand":[],"product_cat":[22,30,20],"product_tag":[],"class_list":{"0":"post-6410","1":"product","2":"type-product","3":"status-publish","4":"has-post-thumbnail","6":"product_cat-accesorii","7":"product_cat-machiaj-fata","8":"product_cat-make-up","9":"product_shipping_class-small-package","10":"entry","11":"has-media","13":"first","14":"onbackorder","15":"taxable","16":"shipping-taxable","17":"purchasable","18":"product-type-variable","19":"col","20":"span_1_of_3","21":"wvn-content-left","22":"wvn-thumbs-layout-horizontal","23":"wvn-btn-normal","24":"wvn-tabs-layout-horizontal"},"jetpack_sharing_enabled":true,"_links":{"self":[{"href":"https:\/\/noacosmetics.ro\/en\/wp-json\/wp\/v2\/product\/6410","targetHints":{"allow":["GET"]}}],"collection":[{"href":"https:\/\/noacosmetics.ro\/en\/wp-json\/wp\/v2\/product"}],"about":[{"href":"https:\/\/noacosmetics.ro\/en\/wp-json\/wp\/v2\/types\/product"}],"replies":[{"embeddable":true,"href":"https:\/\/noacosmetics.ro\/en\/wp-json\/wp\/v2\/comments?post=6410"}],"wp:featuredmedia":[{"embeddable":true,"href":"https:\/\/noacosmetics.ro\/en\/wp-json\/wp\/v2\/media\/9403"}],"wp:attachment":[{"href":"https:\/\/noacosmetics.ro\/en\/wp-json\/wp\/v2\/media?parent=6410"}],"wp:term":[{"taxonomy":"product_brand","embeddable":true,"href":"https:\/\/noacosmetics.ro\/en\/wp-json\/wp\/v2\/product_brand?post=6410"},{"taxonomy":"product_cat","embeddable":true,"href":"https:\/\/noacosmetics.ro\/en\/wp-json\/wp\/v2\/product_cat?post=6410"},{"taxonomy":"product_tag","embeddable":true,"href":"https:\/\/noacosmetics.ro\/en\/wp-json\/wp\/v2\/product_tag?post=6410"}],"curies":[{"name":"wp","href":"https:\/\/api.w.org\/{rel}","templated":true}]}}