{"id":6479,"date":"2024-03-22T21:30:19","date_gmt":"2024-03-22T21:30:19","guid":{"rendered":"https:\/\/noacosmetics.ro\/?post_type=product&#038;p=6479"},"modified":"2024-04-26T09:31:28","modified_gmt":"2024-04-26T09:31:28","slug":"forfecuta-unghii-stephanie-f","status":"publish","type":"product","link":"https:\/\/noacosmetics.ro\/en\/product\/forfecuta-unghii-stephanie-f\/","title":{"rendered":"Forfecu\u021b\u0103 Unghii Stephanie F"},"content":{"rendered":"<h4 style=\"text-align: left;\">Descriere:<\/h4>\n<p><span class=\"dia_suggestion w1\" contextmenu=\"true\">Din<\/span> metal inoxidabil sablat.<\/p>\n<p><span class=\"dia_suggestion w5\" contextmenu=\"true\">Rezisten\u021b\u0103<\/span> <span class=\"dia_suggestion w6\" contextmenu=\"true\">\u00eenalta<\/span>.<br \/>\nPoate <span class=\"dia_suggestion w8\" contextmenu=\"true\">fi<\/span> reascutita.<br \/>\nPutere <span class=\"dia_suggestion w11\" contextmenu=\"true\">t\u0103iere<\/span> <span class=\"dia_suggestion w12\" contextmenu=\"true\">\u00eendelungat<\/span>a.<\/p>\n<p>Dimensiune: 91.5&#215;44.6&#215;3.6 mm<\/p>","protected":false},"excerpt":{"rendered":"<p>Descriere: Din metal inoxidabil sablat. Rezisten\u021b\u0103 \u00eenalta. Poate fi reascutita. Putere t\u0103iere \u00eendelungata. Dimensiune: 91.5&#215;44.6&#215;3.6 mm<\/p>","protected":false},"featured_media":9801,"comment_status":"open","ping_status":"closed","template":"","meta":{"_themeisle_gutenberg_block_has_review":false},"product_brand":[],"product_cat":[22],"product_tag":[],"class_list":{"0":"post-6479","1":"product","2":"type-product","3":"status-publish","4":"has-post-thumbnail","6":"product_cat-accesorii","7":"product_shipping_class-small-package","8":"entry","9":"has-media","11":"first","12":"onbackorder","13":"taxable","14":"shipping-taxable","15":"purchasable","16":"product-type-simple","17":"col","18":"span_1_of_3","19":"wvn-content-left","20":"wvn-thumbs-layout-horizontal","21":"wvn-btn-normal","22":"wvn-tabs-layout-horizontal","23":"has-no-thumbnails"},"jetpack_sharing_enabled":true,"_links":{"self":[{"href":"https:\/\/noacosmetics.ro\/en\/wp-json\/wp\/v2\/product\/6479","targetHints":{"allow":["GET"]}}],"collection":[{"href":"https:\/\/noacosmetics.ro\/en\/wp-json\/wp\/v2\/product"}],"about":[{"href":"https:\/\/noacosmetics.ro\/en\/wp-json\/wp\/v2\/types\/product"}],"replies":[{"embeddable":true,"href":"https:\/\/noacosmetics.ro\/en\/wp-json\/wp\/v2\/comments?post=6479"}],"wp:featuredmedia":[{"embeddable":true,"href":"https:\/\/noacosmetics.ro\/en\/wp-json\/wp\/v2\/media\/9801"}],"wp:attachment":[{"href":"https:\/\/noacosmetics.ro\/en\/wp-json\/wp\/v2\/media?parent=6479"}],"wp:term":[{"taxonomy":"product_brand","embeddable":true,"href":"https:\/\/noacosmetics.ro\/en\/wp-json\/wp\/v2\/product_brand?post=6479"},{"taxonomy":"product_cat","embeddable":true,"href":"https:\/\/noacosmetics.ro\/en\/wp-json\/wp\/v2\/product_cat?post=6479"},{"taxonomy":"product_tag","embeddable":true,"href":"https:\/\/noacosmetics.ro\/en\/wp-json\/wp\/v2\/product_tag?post=6479"}],"curies":[{"name":"wp","href":"https:\/\/api.w.org\/{rel}","templated":true}]}}