{"id":6481,"date":"2024-03-22T21:32:41","date_gmt":"2024-03-22T21:32:41","guid":{"rendered":"https:\/\/noacosmetics.ro\/?post_type=product&#038;p=6481"},"modified":"2024-04-26T10:35:02","modified_gmt":"2024-04-26T10:35:02","slug":"unghiera-stephanie-f-8-cm","status":"publish","type":"product","link":"https:\/\/noacosmetics.ro\/en\/product\/unghiera-stephanie-f-8-cm\/","title":{"rendered":"Unghier\u0103 Stephanie F 8 cm"},"content":{"rendered":"<h4>Descriere:<\/h4>\n<p><span class=\"dia_suggestion_done w0\" contextmenu=\"true\"><span class=\"dia_suggestion w0\" contextmenu=\"true\">Unghiera<\/span> <span class=\"dia_suggestion w1\" contextmenu=\"true\">metalic\u0103<\/span> 8cm Stephanie F<\/span><\/p>\n<p><span class=\"dia_suggestion w5\" contextmenu=\"true\">Execut\u0103<\/span> un proces real de <span class=\"dia_suggestion w10\" contextmenu=\"true\">t\u0103iere<\/span> <span class=\"dia_suggestion w11\" contextmenu=\"true\">al<\/span> unghiilor.<\/p>\n<p><span class=\"dia_suggestion w13\" contextmenu=\"true\">T\u0103i\u0219ul<\/span> <span class=\"dia_suggestion w14\" contextmenu=\"true\">str\u0103punge<\/span> <span class=\"dia_suggestion w15\" contextmenu=\"true\">plac\u0103<\/span> unghiei.<\/p>\n<p><span class=\"dia_suggestion w17\" contextmenu=\"true\">Utilizabil\u0103<\/span> <span class=\"dia_suggestion w18\" contextmenu=\"true\">u\u0219or<\/span> <span class=\"dia_suggestion w19\" contextmenu=\"true\">\u0219i<\/span> rapid.<\/p>\n<p>Dimensiune: 80&#215;16.3&#215;16.5 mm<\/p>","protected":false},"excerpt":{"rendered":"<p>Descriere: Unghiera metalic\u0103 8cm Stephanie F Execut\u0103 un proces real de t\u0103iere al unghiilor. T\u0103i\u0219ul str\u0103punge plac\u0103 unghiei. Utilizabil\u0103 u\u0219or \u0219i rapid. Dimensiune: 80&#215;16.3&#215;16.5 mm<\/p>","protected":false},"featured_media":9824,"comment_status":"open","ping_status":"closed","template":"","meta":{"_themeisle_gutenberg_block_has_review":false},"product_brand":[],"product_cat":[22],"product_tag":[],"class_list":{"0":"post-6481","1":"product","2":"type-product","3":"status-publish","4":"has-post-thumbnail","6":"product_cat-accesorii","7":"product_shipping_class-small-package","8":"entry","9":"has-media","11":"first","12":"onbackorder","13":"taxable","14":"shipping-taxable","15":"purchasable","16":"product-type-simple","17":"col","18":"span_1_of_3","19":"wvn-content-left","20":"wvn-thumbs-layout-horizontal","21":"wvn-btn-normal","22":"wvn-tabs-layout-horizontal","23":"has-no-thumbnails"},"jetpack_sharing_enabled":true,"_links":{"self":[{"href":"https:\/\/noacosmetics.ro\/en\/wp-json\/wp\/v2\/product\/6481","targetHints":{"allow":["GET"]}}],"collection":[{"href":"https:\/\/noacosmetics.ro\/en\/wp-json\/wp\/v2\/product"}],"about":[{"href":"https:\/\/noacosmetics.ro\/en\/wp-json\/wp\/v2\/types\/product"}],"replies":[{"embeddable":true,"href":"https:\/\/noacosmetics.ro\/en\/wp-json\/wp\/v2\/comments?post=6481"}],"wp:featuredmedia":[{"embeddable":true,"href":"https:\/\/noacosmetics.ro\/en\/wp-json\/wp\/v2\/media\/9824"}],"wp:attachment":[{"href":"https:\/\/noacosmetics.ro\/en\/wp-json\/wp\/v2\/media?parent=6481"}],"wp:term":[{"taxonomy":"product_brand","embeddable":true,"href":"https:\/\/noacosmetics.ro\/en\/wp-json\/wp\/v2\/product_brand?post=6481"},{"taxonomy":"product_cat","embeddable":true,"href":"https:\/\/noacosmetics.ro\/en\/wp-json\/wp\/v2\/product_cat?post=6481"},{"taxonomy":"product_tag","embeddable":true,"href":"https:\/\/noacosmetics.ro\/en\/wp-json\/wp\/v2\/product_tag?post=6481"}],"curies":[{"name":"wp","href":"https:\/\/api.w.org\/{rel}","templated":true}]}}