{"id":6496,"date":"2024-03-23T07:23:56","date_gmt":"2024-03-23T07:23:56","guid":{"rendered":"https:\/\/noacosmetics.ro\/?post_type=product&#038;p=6496"},"modified":"2024-04-26T10:34:39","modified_gmt":"2024-04-26T10:34:39","slug":"luciu-de-buze-kissing-fruit-63ml-portocaliu","status":"publish","type":"product","link":"https:\/\/noacosmetics.ro\/en\/product\/luciu-de-buze-kissing-fruit-63ml-portocaliu\/","title":{"rendered":"Luciu de Buze Kissing Fruit 6,3ml &#8211; Roz"},"content":{"rendered":"<h4>Mod de utilizare:<\/h4>\n<p>Se aplica pe buze in timpul zilei, ori de cate ori este necesar.<\/p>\n<h4>Descriere:<\/h4>\n<p>Lip oil-ul cu arome de fructe este un produs de \u00eengrijire a buzelor care combin\u0103 beneficiile hidratante ale uleiurilor \u0219i aroma sa. Acest produs ofer\u0103 o experien\u021b\u0103 pl\u0103cut\u0103 pentru \u00eengrijirea buzelor, aduc\u00e2nd simultan o senza\u021bie de prospe\u021bime \u0219i hidratare intens\u0103.<\/p>\n<p>Lip oil-ul adaug\u0103 o not\u0103 proasp\u0103t\u0103 \u0219i revitalizant\u0103 buzelor datorit\u0103 aromelor sale .<\/p>\n<p>Formula sa bogat\u0103 \u00een uleiuri hidratante contribuie la hr\u0103nirea intensiv\u0103 a buzelor, ajut\u00e2ndu-le s\u0103 devin\u0103 mai catifelate.<\/p>\n<p>Lip oil-ul confer\u0103 buzelor o str\u0103lucire subtil\u0103 \u0219i natural\u0103, eviden\u021biind frumuse\u021bea lor f\u0103r\u0103 a fi nevoie de un luciu de buze suplimentar.<\/p>\n<p>Cu o textur\u0103 lejer\u0103 \u0219i non-lipicioas\u0103, lip oil-ul se aplic\u0103 cu u\u0219urin\u021b\u0103, l\u0103s\u00e2nd o senza\u021bie pl\u0103cut\u0103 pe buze.<\/p>\n<p>Lip oil-ul cu arome nu este doar un produs eficient pentru hidratarea buzelor, ci \u0219i o experien\u021b\u0103 pl\u0103cut\u0103 \u0219i revigorant\u0103 datorit\u0103 aromelor sale. Ad\u0103ug\u00e2nd o not\u0103 de str\u0103lucire \u0219i \u00eengrijire zilnic\u0103, acest lip oil devine o alegere ideal\u0103 pentru cei care caut\u0103 o modalitate delicioas\u0103 de a-\u0219i men\u021bine buzele \u00eentr-o form\u0103 optim\u0103.Poate fi pus cu usurinta in buzunar ,posete si genti.Pentru a hidrata buzele ori de cate ori calatoriti.<\/p>","protected":false},"excerpt":{"rendered":"<p>Mod de utilizare: Se aplica pe buze in timpul zilei, ori de cate ori este necesar. Descriere: Lip oil-ul cu arome de fructe este un produs de \u00eengrijire a buzelor care combin\u0103 beneficiile hidratante ale uleiurilor \u0219i aroma sa. Acest produs ofer\u0103 o experien\u021b\u0103 pl\u0103cut\u0103 pentru \u00eengrijirea buzelor, aduc\u00e2nd simultan o senza\u021bie de prospe\u021bime \u0219i [&hellip;]<\/p>\n","protected":false},"featured_media":9949,"comment_status":"open","ping_status":"closed","template":"","meta":{"_themeisle_gutenberg_block_has_review":false},"product_brand":[],"product_cat":[68,69,67,20],"product_tag":[],"class_list":{"0":"post-6496","1":"product","2":"type-product","3":"status-publish","4":"has-post-thumbnail","6":"product_cat-balsam-de-buze","7":"product_cat-luciu-buze","8":"product_cat-machiaj-buze","9":"product_cat-make-up","10":"product_shipping_class-small-package","11":"entry","12":"has-media","14":"first","15":"onbackorder","16":"taxable","17":"shipping-taxable","18":"purchasable","19":"product-type-simple","20":"col","21":"span_1_of_3","22":"wvn-content-left","23":"wvn-thumbs-layout-horizontal","24":"wvn-btn-normal","25":"wvn-tabs-layout-horizontal"},"jetpack_sharing_enabled":true,"_links":{"self":[{"href":"https:\/\/noacosmetics.ro\/en\/wp-json\/wp\/v2\/product\/6496","targetHints":{"allow":["GET"]}}],"collection":[{"href":"https:\/\/noacosmetics.ro\/en\/wp-json\/wp\/v2\/product"}],"about":[{"href":"https:\/\/noacosmetics.ro\/en\/wp-json\/wp\/v2\/types\/product"}],"replies":[{"embeddable":true,"href":"https:\/\/noacosmetics.ro\/en\/wp-json\/wp\/v2\/comments?post=6496"}],"wp:featuredmedia":[{"embeddable":true,"href":"https:\/\/noacosmetics.ro\/en\/wp-json\/wp\/v2\/media\/9949"}],"wp:attachment":[{"href":"https:\/\/noacosmetics.ro\/en\/wp-json\/wp\/v2\/media?parent=6496"}],"wp:term":[{"taxonomy":"product_brand","embeddable":true,"href":"https:\/\/noacosmetics.ro\/en\/wp-json\/wp\/v2\/product_brand?post=6496"},{"taxonomy":"product_cat","embeddable":true,"href":"https:\/\/noacosmetics.ro\/en\/wp-json\/wp\/v2\/product_cat?post=6496"},{"taxonomy":"product_tag","embeddable":true,"href":"https:\/\/noacosmetics.ro\/en\/wp-json\/wp\/v2\/product_tag?post=6496"}],"curies":[{"name":"wp","href":"https:\/\/api.w.org\/{rel}","templated":true}]}}