{"id":6697,"date":"2024-03-23T12:20:02","date_gmt":"2024-03-23T12:20:02","guid":{"rendered":"https:\/\/noacosmetics.ro\/?post_type=product&#038;p=6697"},"modified":"2024-04-26T10:39:36","modified_gmt":"2024-04-26T10:39:36","slug":"bell-hypoalergenic-aloe-bb-cream-spf-15-20g","status":"publish","type":"product","link":"https:\/\/noacosmetics.ro\/en\/product\/bell-hypoalergenic-aloe-bb-cream-spf-15-20g\/","title":{"rendered":"Bell Hypoalergenic Aloe BB Cream SPF 15, 20g"},"content":{"rendered":"<h4>Mod de utilizare:<\/h4>\n<p>Se aplica direct pe fata.Foloseste un burete,pensula sau direct cu mainile.<\/p>\n<h4>Descriere:<\/h4>\n<p>Contine 83% ingrediente naturale.BB creamul hidrateaza pielea datorita sucului de aloe extras din frunzele sale.Disponibil in 4 nuante.Nu contine microplastic.Testat dermatologic.De asemenea, acest BB Cream con\u021bine un factor de protec\u021bie solar\u0103 (SPF 15), asigur\u00e2nd astfel o protec\u021bie esen\u021bial\u0103 \u00eempotriva razelor UV, contribuind la prevenirea \u00eemb\u0103tr\u00e2nirii premature a pielii cauzate de expunerea la soare.<\/p>","protected":false},"excerpt":{"rendered":"<p>Mod de utilizare: Se aplica direct pe fata.Foloseste un burete,pensula sau direct cu mainile. Descriere: Contine 83% ingrediente naturale.BB creamul hidrateaza pielea datorita sucului de aloe extras din frunzele sale.Disponibil in 4 nuante.Nu contine microplastic.Testat dermatologic.De asemenea, acest BB Cream con\u021bine un factor de protec\u021bie solar\u0103 (SPF 15), asigur\u00e2nd astfel o protec\u021bie esen\u021bial\u0103 \u00eempotriva razelor [&hellip;]<\/p>\n","protected":false},"featured_media":7671,"comment_status":"open","ping_status":"closed","template":"","meta":{"_themeisle_gutenberg_block_has_review":false},"product_brand":[],"product_cat":[20,31,55,30,32],"product_tag":[],"class_list":{"0":"post-6697","1":"product","2":"type-product","3":"status-publish","4":"has-post-thumbnail","6":"product_cat-make-up","7":"product_cat-corector","8":"product_cat-fond-de-ten","9":"product_cat-machiaj-fata","10":"product_cat-primer","11":"product_shipping_class-small-package","12":"entry","13":"has-media","15":"first","16":"onbackorder","17":"taxable","18":"shipping-taxable","19":"purchasable","20":"product-type-variable","21":"col","22":"span_1_of_3","23":"wvn-content-left","24":"wvn-thumbs-layout-horizontal","25":"wvn-btn-normal","26":"wvn-tabs-layout-horizontal"},"jetpack_sharing_enabled":true,"_links":{"self":[{"href":"https:\/\/noacosmetics.ro\/en\/wp-json\/wp\/v2\/product\/6697","targetHints":{"allow":["GET"]}}],"collection":[{"href":"https:\/\/noacosmetics.ro\/en\/wp-json\/wp\/v2\/product"}],"about":[{"href":"https:\/\/noacosmetics.ro\/en\/wp-json\/wp\/v2\/types\/product"}],"replies":[{"embeddable":true,"href":"https:\/\/noacosmetics.ro\/en\/wp-json\/wp\/v2\/comments?post=6697"}],"wp:featuredmedia":[{"embeddable":true,"href":"https:\/\/noacosmetics.ro\/en\/wp-json\/wp\/v2\/media\/7671"}],"wp:attachment":[{"href":"https:\/\/noacosmetics.ro\/en\/wp-json\/wp\/v2\/media?parent=6697"}],"wp:term":[{"taxonomy":"product_brand","embeddable":true,"href":"https:\/\/noacosmetics.ro\/en\/wp-json\/wp\/v2\/product_brand?post=6697"},{"taxonomy":"product_cat","embeddable":true,"href":"https:\/\/noacosmetics.ro\/en\/wp-json\/wp\/v2\/product_cat?post=6697"},{"taxonomy":"product_tag","embeddable":true,"href":"https:\/\/noacosmetics.ro\/en\/wp-json\/wp\/v2\/product_tag?post=6697"}],"curies":[{"name":"wp","href":"https:\/\/api.w.org\/{rel}","templated":true}]}}