{"id":6707,"date":"2024-03-23T12:35:33","date_gmt":"2024-03-23T12:35:33","guid":{"rendered":"https:\/\/noacosmetics.ro\/?post_type=product&#038;p=6707"},"modified":"2024-04-26T10:39:22","modified_gmt":"2024-04-26T10:39:22","slug":"eveline-cosmetics-choco-glamour-lip-sleeping-mask","status":"publish","type":"product","link":"https:\/\/noacosmetics.ro\/en\/product\/eveline-cosmetics-choco-glamour-lip-sleeping-mask\/","title":{"rendered":"Eveline Cosmetics Choco Glamour Lip Sleeping Mask 12ml"},"content":{"rendered":"<h4>Mod de utilizare:<\/h4>\n<p>Aplica\u021bi un strat mai gros seara \u0219i l\u0103sa\u021bi s\u0103 ac\u021bioneze peste noapte pe post de masc\u0103.Dac\u0103 este necesar, \u0219terge\u021bi u\u0219or reziduurile diminea\u021ba. Masca poate fi folosit\u0103 \u0219i ca balsam de buze \u00een timpul zilei \u2013 \u00eenainte de aplicarea machiajului sau ca luciu de buze dup\u0103 aplicarea machiajului.<\/p>\n<h4>Descriere:<\/h4>\n<p>Masca de buze de noapte EVELINE Choco Glamour este o MASK-BALM regeneratoare pentru buze.<\/p>\n<p>Hr\u0103ne\u0219te intens, calmeaz\u0103 irita\u021biile \u0219i hr\u0103ne\u0219te pielea delicat\u0103 a buzelor.<\/p>\n<p>Re\u021beta inovatoare, bogat\u0103 \u00een extracte de ulei, \u00eei \u00eengrije\u0219te \u0219i \u00eei face s\u0103-\u0219i recapete moliciunea \u0219i delicate\u021bea.<\/p>\n<p>Masca de buze de noapte EVELINE Choco Glamour \u00eembun\u0103t\u0103\u021be\u0219te starea buzelor, neteze\u0219te \u0219i hidrateaz\u0103 lor.<\/p>\n<p>Un avantaj suplimentar al cosmeticului este parfumul s\u0103u apetisant, care face ca aplicarea s\u0103 fie o adev\u0103rat\u0103 pl\u0103cere.<\/p>","protected":false},"excerpt":{"rendered":"<p>Mod de utilizare: Aplica\u021bi un strat mai gros seara \u0219i l\u0103sa\u021bi s\u0103 ac\u021bioneze peste noapte pe post de masc\u0103.Dac\u0103 este necesar, \u0219terge\u021bi u\u0219or reziduurile diminea\u021ba. Masca poate fi folosit\u0103 \u0219i ca balsam de buze \u00een timpul zilei \u2013 \u00eenainte de aplicarea machiajului sau ca luciu de buze dup\u0103 aplicarea machiajului. Descriere: Masca de buze de [&hellip;]<\/p>\n","protected":false},"featured_media":8799,"comment_status":"open","ping_status":"closed","template":"","meta":{"_themeisle_gutenberg_block_has_review":false},"product_brand":[],"product_cat":[67,68,20],"product_tag":[],"class_list":{"0":"post-6707","1":"product","2":"type-product","3":"status-publish","4":"has-post-thumbnail","6":"product_cat-machiaj-buze","7":"product_cat-balsam-de-buze","8":"product_cat-make-up","9":"product_shipping_class-small-package","10":"entry","11":"has-media","13":"first","14":"onbackorder","15":"taxable","16":"shipping-taxable","17":"purchasable","18":"product-type-simple","19":"col","20":"span_1_of_3","21":"wvn-content-left","22":"wvn-thumbs-layout-horizontal","23":"wvn-btn-normal","24":"wvn-tabs-layout-horizontal"},"jetpack_sharing_enabled":true,"_links":{"self":[{"href":"https:\/\/noacosmetics.ro\/en\/wp-json\/wp\/v2\/product\/6707","targetHints":{"allow":["GET"]}}],"collection":[{"href":"https:\/\/noacosmetics.ro\/en\/wp-json\/wp\/v2\/product"}],"about":[{"href":"https:\/\/noacosmetics.ro\/en\/wp-json\/wp\/v2\/types\/product"}],"replies":[{"embeddable":true,"href":"https:\/\/noacosmetics.ro\/en\/wp-json\/wp\/v2\/comments?post=6707"}],"wp:featuredmedia":[{"embeddable":true,"href":"https:\/\/noacosmetics.ro\/en\/wp-json\/wp\/v2\/media\/8799"}],"wp:attachment":[{"href":"https:\/\/noacosmetics.ro\/en\/wp-json\/wp\/v2\/media?parent=6707"}],"wp:term":[{"taxonomy":"product_brand","embeddable":true,"href":"https:\/\/noacosmetics.ro\/en\/wp-json\/wp\/v2\/product_brand?post=6707"},{"taxonomy":"product_cat","embeddable":true,"href":"https:\/\/noacosmetics.ro\/en\/wp-json\/wp\/v2\/product_cat?post=6707"},{"taxonomy":"product_tag","embeddable":true,"href":"https:\/\/noacosmetics.ro\/en\/wp-json\/wp\/v2\/product_tag?post=6707"}],"curies":[{"name":"wp","href":"https:\/\/api.w.org\/{rel}","templated":true}]}}