{"id":7339,"date":"2024-03-25T18:25:57","date_gmt":"2024-03-25T18:25:57","guid":{"rendered":"https:\/\/noacosmetics.ro\/?post_type=product&#038;p=7339"},"modified":"2024-04-26T10:55:53","modified_gmt":"2024-04-26T10:55:53","slug":"bell-vege-energy-powder","status":"publish","type":"product","link":"https:\/\/noacosmetics.ro\/en\/product\/bell-vege-energy-powder\/","title":{"rendered":"Bell Vege Energy Powder"},"content":{"rendered":"<h4>Mod de utilizare:<\/h4>\n<p>Se aplic\u0103 pe piele cu o perie sau burete, se uniformizeaz\u0103 cu mi\u0219c\u0103ri de tapotare a pielii.<\/p>\n<h4>Descriere:<\/h4>\n<p>Pudra de fa\u021b\u0103 Bell Vege Energy Powder reprezint\u0103 o formul\u0103 100% vegan\u0103, fiind special formulat\u0103 pentru netezirea \u0219i uniformizarea tonului pielii \u0219i reducerea aspectului imperfec\u021biunilor, pentru a matifia \u0219i a fixa machiajul, precum \u0219i pentru a optimiza hidratarea \u0219i a calma. Compozi\u021bia \u00eembog\u0103\u021bit\u0103 cu ulei natural de avocado \u0219i extract de papaya hidrateaz\u0103 eficient epiderma, normalizeaz\u0103 secre\u021bia sebumului \u0219i protejeaz\u0103 eficient piele de efectele negative ale mediului \u00eenconjur\u0103tor. Este alc\u0103tuit din 2 texturi: nuan\u021ba verde tonific\u0103 \u0219i reduce ro\u0219ea\u021ba, inclusiv aspectul vaselor de s\u00e2nge, \u00een timp ce nuan\u021ba piersic\u0103 ofer\u0103 o netezire vizual\u0103 a pielii \u0219i o iluminare delicat\u0103.<\/p>","protected":false},"excerpt":{"rendered":"<p>Mod de utilizare: Se aplic\u0103 pe piele cu o perie sau burete, se uniformizeaz\u0103 cu mi\u0219c\u0103ri de tapotare a pielii. Descriere: Pudra de fa\u021b\u0103 Bell Vege Energy Powder reprezint\u0103 o formul\u0103 100% vegan\u0103, fiind special formulat\u0103 pentru netezirea \u0219i uniformizarea tonului pielii \u0219i reducerea aspectului imperfec\u021biunilor, pentru a matifia \u0219i a fixa machiajul, precum \u0219i [&hellip;]<\/p>\n","protected":false},"featured_media":8453,"comment_status":"open","ping_status":"closed","template":"","meta":{"_themeisle_gutenberg_block_has_review":false},"product_brand":[],"product_cat":[20,30,56],"product_tag":[],"class_list":{"0":"post-7339","1":"product","2":"type-product","3":"status-publish","4":"has-post-thumbnail","6":"product_cat-make-up","7":"product_cat-machiaj-fata","8":"product_cat-pudra","9":"product_shipping_class-small-package","10":"entry","11":"has-media","13":"first","14":"onbackorder","15":"taxable","16":"shipping-taxable","17":"purchasable","18":"product-type-simple","19":"col","20":"span_1_of_3","21":"wvn-content-left","22":"wvn-thumbs-layout-horizontal","23":"wvn-btn-normal","24":"wvn-tabs-layout-horizontal","25":"has-no-thumbnails"},"jetpack_sharing_enabled":true,"_links":{"self":[{"href":"https:\/\/noacosmetics.ro\/en\/wp-json\/wp\/v2\/product\/7339","targetHints":{"allow":["GET"]}}],"collection":[{"href":"https:\/\/noacosmetics.ro\/en\/wp-json\/wp\/v2\/product"}],"about":[{"href":"https:\/\/noacosmetics.ro\/en\/wp-json\/wp\/v2\/types\/product"}],"replies":[{"embeddable":true,"href":"https:\/\/noacosmetics.ro\/en\/wp-json\/wp\/v2\/comments?post=7339"}],"wp:featuredmedia":[{"embeddable":true,"href":"https:\/\/noacosmetics.ro\/en\/wp-json\/wp\/v2\/media\/8453"}],"wp:attachment":[{"href":"https:\/\/noacosmetics.ro\/en\/wp-json\/wp\/v2\/media?parent=7339"}],"wp:term":[{"taxonomy":"product_brand","embeddable":true,"href":"https:\/\/noacosmetics.ro\/en\/wp-json\/wp\/v2\/product_brand?post=7339"},{"taxonomy":"product_cat","embeddable":true,"href":"https:\/\/noacosmetics.ro\/en\/wp-json\/wp\/v2\/product_cat?post=7339"},{"taxonomy":"product_tag","embeddable":true,"href":"https:\/\/noacosmetics.ro\/en\/wp-json\/wp\/v2\/product_tag?post=7339"}],"curies":[{"name":"wp","href":"https:\/\/api.w.org\/{rel}","templated":true}]}}