{"id":7390,"date":"2024-03-25T19:23:51","date_gmt":"2024-03-25T19:23:51","guid":{"rendered":"https:\/\/noacosmetics.ro\/?post_type=product&#038;p=7390"},"modified":"2024-04-26T11:01:09","modified_gmt":"2024-04-26T11:01:09","slug":"gerovital-beauty-compact-powder-pudra-compacta-95g","status":"publish","type":"product","link":"https:\/\/noacosmetics.ro\/en\/product\/gerovital-beauty-compact-powder-pudra-compacta-95g\/","title":{"rendered":"Gerovital Beauty Compact Powder \/Pudra Compacta  9,5g"},"content":{"rendered":"<h4>Mod de utilizare:<\/h4>\n<p>Dupa fondul de ten, pudra se aplic\u0103 cu o pensul\u0103 puf prin mi\u0219c\u0103ri de tapotare, care asigur\u0103 aderen\u021ba la ten \u0219i un aspect neted \u0219i uniform.<\/p>\n<h4>Descriere:<\/h4>\n<p>Pudra fixeaz\u0103 fondul de ten pe fa\u021b\u0103, prelungind rezisten\u021ba machiajului.<br \/>\nTextura foarte fin\u0103 ader\u0103 perfect la pieleGerovital Beauty Pudra Compact\u0103 este disponibil\u0103 \u00een 3 nuan\u021be \u0219i asigur\u0103 un machiaj impecabil \u0219i de durat\u0103 -8H. Are o textur\u0103 bogat\u0103, dar extrem de fin\u0103, care asigur\u0103 acoperire ridicat\u0103 si un ten catifelat.<br \/>\nNuan\u021ba medie este recomandat\u0103 pentru tenul cu subton cald, nuan\u021ba \u00eenchis\u0103 pentru pielea bronzat\u0103, iar nuan\u021ba deschis\u0103 se potrive\u0219te pielii deschise, cu subton mai rece, palid. Acoperire ridicat\u0103 Rezisten\u021b\u0103 8H Ambalaj elegant, cu oglind\u0103 \u00eencorporat\u0103.Ingredientele active \u0219i rolul lor<\/p>\n<p>Extract de Iarb\u0103 Ro\u015fie (Imperata Cylindrica)<br \/>\nPedicu\u0163\u0103 cu propriet\u0103\u0163i hidratante (Lycopodium Clavatum)<\/p>","protected":false},"excerpt":{"rendered":"<p>Mod de utilizare: Dupa fondul de ten, pudra se aplic\u0103 cu o pensul\u0103 puf prin mi\u0219c\u0103ri de tapotare, care asigur\u0103 aderen\u021ba la ten \u0219i un aspect neted \u0219i uniform. Descriere: Pudra fixeaz\u0103 fondul de ten pe fa\u021b\u0103, prelungind rezisten\u021ba machiajului. Textura foarte fin\u0103 ader\u0103 perfect la pieleGerovital Beauty Pudra Compact\u0103 este disponibil\u0103 \u00een 3 nuan\u021be [&hellip;]<\/p>\n","protected":false},"featured_media":7391,"comment_status":"open","ping_status":"closed","template":"","meta":{"_themeisle_gutenberg_block_has_review":false},"product_brand":[],"product_cat":[20,30,56],"product_tag":[],"class_list":{"0":"post-7390","1":"product","2":"type-product","3":"status-publish","4":"has-post-thumbnail","6":"product_cat-make-up","7":"product_cat-machiaj-fata","8":"product_cat-pudra","9":"product_shipping_class-small-package","10":"entry","11":"has-media","13":"first","14":"onbackorder","15":"taxable","16":"shipping-taxable","17":"purchasable","18":"product-type-variable","19":"col","20":"span_1_of_3","21":"wvn-content-left","22":"wvn-thumbs-layout-horizontal","23":"wvn-btn-normal","24":"wvn-tabs-layout-horizontal","25":"has-no-thumbnails"},"jetpack_sharing_enabled":true,"_links":{"self":[{"href":"https:\/\/noacosmetics.ro\/en\/wp-json\/wp\/v2\/product\/7390","targetHints":{"allow":["GET"]}}],"collection":[{"href":"https:\/\/noacosmetics.ro\/en\/wp-json\/wp\/v2\/product"}],"about":[{"href":"https:\/\/noacosmetics.ro\/en\/wp-json\/wp\/v2\/types\/product"}],"replies":[{"embeddable":true,"href":"https:\/\/noacosmetics.ro\/en\/wp-json\/wp\/v2\/comments?post=7390"}],"wp:featuredmedia":[{"embeddable":true,"href":"https:\/\/noacosmetics.ro\/en\/wp-json\/wp\/v2\/media\/7391"}],"wp:attachment":[{"href":"https:\/\/noacosmetics.ro\/en\/wp-json\/wp\/v2\/media?parent=7390"}],"wp:term":[{"taxonomy":"product_brand","embeddable":true,"href":"https:\/\/noacosmetics.ro\/en\/wp-json\/wp\/v2\/product_brand?post=7390"},{"taxonomy":"product_cat","embeddable":true,"href":"https:\/\/noacosmetics.ro\/en\/wp-json\/wp\/v2\/product_cat?post=7390"},{"taxonomy":"product_tag","embeddable":true,"href":"https:\/\/noacosmetics.ro\/en\/wp-json\/wp\/v2\/product_tag?post=7390"}],"curies":[{"name":"wp","href":"https:\/\/api.w.org\/{rel}","templated":true}]}}