{"id":7393,"date":"2024-03-25T19:27:45","date_gmt":"2024-03-25T19:27:45","guid":{"rendered":"https:\/\/noacosmetics.ro\/?post_type=product&#038;p=7393"},"modified":"2024-04-26T11:01:07","modified_gmt":"2024-04-26T11:01:07","slug":"gerovital-beauty-blush-fard-de-obraz","status":"publish","type":"product","link":"https:\/\/noacosmetics.ro\/en\/product\/gerovital-beauty-blush-fard-de-obraz\/","title":{"rendered":"Gerovital Beauty Blush\/Fard de obraz"},"content":{"rendered":"<h4>Mod de utilizare:<\/h4>\n<p>Se aplic\u0103 cu o pensul\u0103 lat\u0103 pentru definirea pome\u021bilor.<\/p>\n<h4>Descriere:<\/h4>\n<p>Gerovital Beauty Fard de Obraz este o pudr\u0103 catifelat\u0103, cu pigmen\u0163i ultra-fini, care ajut\u0103 la colorarea obrajilor \u0219i definirea pome\u0163ilor.<\/p>\n<p>Fardul este disponibil \u00een 3 nuan\u021be:<\/p>\n<p>Peach este nuan\u021ba care complimenteaz\u0103 tenurile cu subton cald.<br \/>\nRose se potrive\u0219te subtonurilor reci.<br \/>\nBrown poate fi folosit\u0103 pentru efectul bronzant sau pentru contouring.<\/p>","protected":false},"excerpt":{"rendered":"<p>Mod de utilizare: Se aplic\u0103 cu o pensul\u0103 lat\u0103 pentru definirea pome\u021bilor. Descriere: Gerovital Beauty Fard de Obraz este o pudr\u0103 catifelat\u0103, cu pigmen\u0163i ultra-fini, care ajut\u0103 la colorarea obrajilor \u0219i definirea pome\u0163ilor. Fardul este disponibil \u00een 3 nuan\u021be: Peach este nuan\u021ba care complimenteaz\u0103 tenurile cu subton cald. Rose se potrive\u0219te subtonurilor reci. Brown poate [&hellip;]<\/p>\n","protected":false},"featured_media":7394,"comment_status":"open","ping_status":"closed","template":"","meta":{"_themeisle_gutenberg_block_has_review":false},"product_brand":[],"product_cat":[20,58,30,56],"product_tag":[],"class_list":{"0":"post-7393","1":"product","2":"type-product","3":"status-publish","4":"has-post-thumbnail","6":"product_cat-make-up","7":"product_cat-blush","8":"product_cat-machiaj-fata","9":"product_cat-pudra","10":"product_shipping_class-small-package","11":"entry","12":"has-media","14":"first","15":"onbackorder","16":"taxable","17":"shipping-taxable","18":"purchasable","19":"product-type-variable","20":"col","21":"span_1_of_3","22":"wvn-content-left","23":"wvn-thumbs-layout-horizontal","24":"wvn-btn-normal","25":"wvn-tabs-layout-horizontal"},"jetpack_sharing_enabled":true,"_links":{"self":[{"href":"https:\/\/noacosmetics.ro\/en\/wp-json\/wp\/v2\/product\/7393","targetHints":{"allow":["GET"]}}],"collection":[{"href":"https:\/\/noacosmetics.ro\/en\/wp-json\/wp\/v2\/product"}],"about":[{"href":"https:\/\/noacosmetics.ro\/en\/wp-json\/wp\/v2\/types\/product"}],"replies":[{"embeddable":true,"href":"https:\/\/noacosmetics.ro\/en\/wp-json\/wp\/v2\/comments?post=7393"}],"wp:featuredmedia":[{"embeddable":true,"href":"https:\/\/noacosmetics.ro\/en\/wp-json\/wp\/v2\/media\/7394"}],"wp:attachment":[{"href":"https:\/\/noacosmetics.ro\/en\/wp-json\/wp\/v2\/media?parent=7393"}],"wp:term":[{"taxonomy":"product_brand","embeddable":true,"href":"https:\/\/noacosmetics.ro\/en\/wp-json\/wp\/v2\/product_brand?post=7393"},{"taxonomy":"product_cat","embeddable":true,"href":"https:\/\/noacosmetics.ro\/en\/wp-json\/wp\/v2\/product_cat?post=7393"},{"taxonomy":"product_tag","embeddable":true,"href":"https:\/\/noacosmetics.ro\/en\/wp-json\/wp\/v2\/product_tag?post=7393"}],"curies":[{"name":"wp","href":"https:\/\/api.w.org\/{rel}","templated":true}]}}