{"id":7432,"date":"2024-03-25T20:40:06","date_gmt":"2024-03-25T20:40:06","guid":{"rendered":"https:\/\/noacosmetics.ro\/?post_type=product&#038;p=7432"},"modified":"2024-11-21T17:50:27","modified_gmt":"2024-11-21T17:50:27","slug":"mendsman-creion-sprancene-lichid-waterproof-2ml","status":"publish","type":"product","link":"https:\/\/noacosmetics.ro\/en\/product\/mendsman-creion-sprancene-lichid-waterproof-2ml\/","title":{"rendered":"Mendsman Creion Sprancene Lichid Waterproof 2ml"},"content":{"rendered":"<h4>Descriere:<\/h4>\n<p>MENDSMAN Creion tatuaj spr\u00e2ncene Impermeabil 4 puncte Creion pentru spr\u00e2ncene lichid de lung\u0103 durat\u0103 Machiaj feminin natural .<\/p>","protected":false},"excerpt":{"rendered":"<p>Descriere: MENDSMAN Creion tatuaj spr\u00e2ncene Impermeabil 4 puncte Creion pentru spr\u00e2ncene lichid de lung\u0103 durat\u0103 Machiaj feminin natural .<\/p>","protected":false},"featured_media":7433,"comment_status":"open","ping_status":"closed","template":"","meta":{"_themeisle_gutenberg_block_has_review":false},"product_brand":[],"product_cat":[20,60,61],"product_tag":[],"class_list":{"0":"post-7432","1":"product","2":"type-product","3":"status-publish","4":"has-post-thumbnail","6":"product_cat-make-up","7":"product_cat-machiaj-ochi","8":"product_cat-sprancene-gene","9":"product_shipping_class-small-package","10":"entry","11":"has-media","13":"first","14":"onbackorder","15":"taxable","16":"shipping-taxable","17":"purchasable","18":"product-type-variable","19":"col","20":"span_1_of_3","21":"wvn-content-left","22":"wvn-thumbs-layout-horizontal","23":"wvn-btn-normal","24":"wvn-tabs-layout-horizontal","25":"has-no-thumbnails"},"jetpack_sharing_enabled":true,"_links":{"self":[{"href":"https:\/\/noacosmetics.ro\/en\/wp-json\/wp\/v2\/product\/7432","targetHints":{"allow":["GET"]}}],"collection":[{"href":"https:\/\/noacosmetics.ro\/en\/wp-json\/wp\/v2\/product"}],"about":[{"href":"https:\/\/noacosmetics.ro\/en\/wp-json\/wp\/v2\/types\/product"}],"replies":[{"embeddable":true,"href":"https:\/\/noacosmetics.ro\/en\/wp-json\/wp\/v2\/comments?post=7432"}],"wp:featuredmedia":[{"embeddable":true,"href":"https:\/\/noacosmetics.ro\/en\/wp-json\/wp\/v2\/media\/7433"}],"wp:attachment":[{"href":"https:\/\/noacosmetics.ro\/en\/wp-json\/wp\/v2\/media?parent=7432"}],"wp:term":[{"taxonomy":"product_brand","embeddable":true,"href":"https:\/\/noacosmetics.ro\/en\/wp-json\/wp\/v2\/product_brand?post=7432"},{"taxonomy":"product_cat","embeddable":true,"href":"https:\/\/noacosmetics.ro\/en\/wp-json\/wp\/v2\/product_cat?post=7432"},{"taxonomy":"product_tag","embeddable":true,"href":"https:\/\/noacosmetics.ro\/en\/wp-json\/wp\/v2\/product_tag?post=7432"}],"curies":[{"name":"wp","href":"https:\/\/api.w.org\/{rel}","templated":true}]}}