{"id":7451,"date":"2024-03-25T21:01:07","date_gmt":"2024-03-25T21:01:07","guid":{"rendered":"https:\/\/noacosmetics.ro\/?post_type=product&#038;p=7451"},"modified":"2025-09-01T12:02:35","modified_gmt":"2025-09-01T12:02:35","slug":"bell-hypoallergenic-waterproof-brow-maker-modelator-sprancene","status":"publish","type":"product","link":"https:\/\/noacosmetics.ro\/en\/product\/bell-hypoallergenic-waterproof-brow-maker-modelator-sprancene\/","title":{"rendered":"Bell Hypoallergenic Waterproof Brow Maker-Modelator Sprancene"},"content":{"rendered":"<h4>Mod de utilizare:<\/h4>\n<p>Se piapt\u0103n\u0103 spr\u00e2ncenele, apoi cu ajutorul unei pensule se contureaz\u0103 spr\u00e2ncenele \u0219i se umplu golurile dintre fire.<\/p>\n<h4>Descriere:<\/h4>\n<p>Gelul de sprancene Bell Hypoallergenic Waterproof Brow Maker este un produs inovator pentru un aspect natural, care dureaza toata ziua al sprancenelor tale. Perfect pentru a umple sprancenele si a le oferi forma potrivita, astfel acestea arata mai groase si mai frumoase. Acest set contine trei nuante de culori care evidentiaza si consolideaza culoarea naturala a sprancenelor.<\/p>\n<p>Produsul este testat dermatologic<\/p>","protected":false},"excerpt":{"rendered":"<p>Mod de utilizare: Se piapt\u0103n\u0103 spr\u00e2ncenele, apoi cu ajutorul unei pensule se contureaz\u0103 spr\u00e2ncenele \u0219i se umplu golurile dintre fire. Descriere: Gelul de sprancene Bell Hypoallergenic Waterproof Brow Maker este un produs inovator pentru un aspect natural, care dureaza toata ziua al sprancenelor tale. Perfect pentru a umple sprancenele si a le oferi forma potrivita, [&hellip;]<\/p>\n","protected":false},"featured_media":7452,"comment_status":"open","ping_status":"closed","template":"","meta":{"_themeisle_gutenberg_block_has_review":false},"product_brand":[],"product_cat":[20,60,61],"product_tag":[],"class_list":{"0":"post-7451","1":"product","2":"type-product","3":"status-publish","4":"has-post-thumbnail","6":"product_cat-make-up","7":"product_cat-machiaj-ochi","8":"product_cat-sprancene-gene","9":"product_shipping_class-small-package","10":"entry","11":"has-media","13":"first","14":"onbackorder","15":"taxable","16":"shipping-taxable","17":"purchasable","18":"product-type-variable","19":"col","20":"span_1_of_3","21":"wvn-content-left","22":"wvn-thumbs-layout-horizontal","23":"wvn-btn-normal","24":"wvn-tabs-layout-horizontal","25":"has-no-thumbnails"},"jetpack_sharing_enabled":true,"_links":{"self":[{"href":"https:\/\/noacosmetics.ro\/en\/wp-json\/wp\/v2\/product\/7451","targetHints":{"allow":["GET"]}}],"collection":[{"href":"https:\/\/noacosmetics.ro\/en\/wp-json\/wp\/v2\/product"}],"about":[{"href":"https:\/\/noacosmetics.ro\/en\/wp-json\/wp\/v2\/types\/product"}],"replies":[{"embeddable":true,"href":"https:\/\/noacosmetics.ro\/en\/wp-json\/wp\/v2\/comments?post=7451"}],"wp:featuredmedia":[{"embeddable":true,"href":"https:\/\/noacosmetics.ro\/en\/wp-json\/wp\/v2\/media\/7452"}],"wp:attachment":[{"href":"https:\/\/noacosmetics.ro\/en\/wp-json\/wp\/v2\/media?parent=7451"}],"wp:term":[{"taxonomy":"product_brand","embeddable":true,"href":"https:\/\/noacosmetics.ro\/en\/wp-json\/wp\/v2\/product_brand?post=7451"},{"taxonomy":"product_cat","embeddable":true,"href":"https:\/\/noacosmetics.ro\/en\/wp-json\/wp\/v2\/product_cat?post=7451"},{"taxonomy":"product_tag","embeddable":true,"href":"https:\/\/noacosmetics.ro\/en\/wp-json\/wp\/v2\/product_tag?post=7451"}],"curies":[{"name":"wp","href":"https:\/\/api.w.org\/{rel}","templated":true}]}}