{"id":7648,"date":"2024-03-26T13:24:21","date_gmt":"2024-03-26T13:24:21","guid":{"rendered":"https:\/\/noacosmetics.ro\/?post_type=product&#038;p=7648"},"modified":"2024-05-20T20:20:08","modified_gmt":"2024-05-20T20:20:08","slug":"bell-my-everyday-contor-stick","status":"publish","type":"product","link":"https:\/\/noacosmetics.ro\/en\/product\/bell-my-everyday-contor-stick\/","title":{"rendered":"Bell My Everyday Contor Stick"},"content":{"rendered":"<h4>Mod de utilizare:<\/h4>\n<p>Desena\u021bi linii \u00een zonele de conturare \u0219i estompa\u021bi cu grij\u0103.<\/p>\n<h4>Descriere:<\/h4>\n<p>Bell My Everyday Contour Stick se \u00eentinde u\u0219or \u0219i precis pe piele, f\u0103r\u0103 a l\u0103sa reziduuri. Este disponibil \u00een dou\u0103 nuan\u021be pentru a se potrivi at\u00e2t tenurilor reci, c\u00e2t \u0219i celor calde. Textura pl\u0103cut\u0103 \u0219i moale se remarc\u0103 prin rezisten\u021ba ridicat\u0103 \u00een timpul zilei \u0219i permite accentuarea \u00een mod impecabil a tr\u0103s\u0103turilor fe\u021bei. Atunci c\u00e2nd aplic\u0103m produsul de conturare, este necesar s\u0103 ne amintim c\u0103 sarcina noastr\u0103 este de a crea un efect de umbr\u0103 pe fa\u021b\u0103, prin urmare, amestecarea trebuie s\u0103 fie foarte moale.<\/p>","protected":false},"excerpt":{"rendered":"<p>Mod de utilizare: Desena\u021bi linii \u00een zonele de conturare \u0219i estompa\u021bi cu grij\u0103. Descriere: Bell My Everyday Contour Stick se \u00eentinde u\u0219or \u0219i precis pe piele, f\u0103r\u0103 a l\u0103sa reziduuri. Este disponibil \u00een dou\u0103 nuan\u021be pentru a se potrivi at\u00e2t tenurilor reci, c\u00e2t \u0219i celor calde. Textura pl\u0103cut\u0103 \u0219i moale se remarc\u0103 prin rezisten\u021ba ridicat\u0103 [&hellip;]<\/p>\n","protected":false},"featured_media":7649,"comment_status":"open","ping_status":"closed","template":"","meta":{"_themeisle_gutenberg_block_has_review":false},"product_brand":[],"product_cat":[20,59,30],"product_tag":[],"class_list":{"0":"post-7648","1":"product","2":"type-product","3":"status-publish","4":"has-post-thumbnail","6":"product_cat-make-up","7":"product_cat-contur","8":"product_cat-machiaj-fata","9":"product_shipping_class-small-package","10":"entry","11":"has-media","13":"first","14":"onbackorder","15":"taxable","16":"shipping-taxable","17":"purchasable","18":"product-type-variable","19":"col","20":"span_1_of_3","21":"wvn-content-left","22":"wvn-thumbs-layout-horizontal","23":"wvn-btn-normal","24":"wvn-tabs-layout-horizontal"},"jetpack_sharing_enabled":true,"_links":{"self":[{"href":"https:\/\/noacosmetics.ro\/en\/wp-json\/wp\/v2\/product\/7648","targetHints":{"allow":["GET"]}}],"collection":[{"href":"https:\/\/noacosmetics.ro\/en\/wp-json\/wp\/v2\/product"}],"about":[{"href":"https:\/\/noacosmetics.ro\/en\/wp-json\/wp\/v2\/types\/product"}],"replies":[{"embeddable":true,"href":"https:\/\/noacosmetics.ro\/en\/wp-json\/wp\/v2\/comments?post=7648"}],"wp:featuredmedia":[{"embeddable":true,"href":"https:\/\/noacosmetics.ro\/en\/wp-json\/wp\/v2\/media\/7649"}],"wp:attachment":[{"href":"https:\/\/noacosmetics.ro\/en\/wp-json\/wp\/v2\/media?parent=7648"}],"wp:term":[{"taxonomy":"product_brand","embeddable":true,"href":"https:\/\/noacosmetics.ro\/en\/wp-json\/wp\/v2\/product_brand?post=7648"},{"taxonomy":"product_cat","embeddable":true,"href":"https:\/\/noacosmetics.ro\/en\/wp-json\/wp\/v2\/product_cat?post=7648"},{"taxonomy":"product_tag","embeddable":true,"href":"https:\/\/noacosmetics.ro\/en\/wp-json\/wp\/v2\/product_tag?post=7648"}],"curies":[{"name":"wp","href":"https:\/\/api.w.org\/{rel}","templated":true}]}}