{"id":7872,"date":"2024-03-27T12:24:17","date_gmt":"2024-03-27T12:24:17","guid":{"rendered":"https:\/\/noacosmetics.ro\/?post_type=product&#038;p=7872"},"modified":"2024-04-27T06:53:48","modified_gmt":"2024-04-27T06:53:48","slug":"eveline-cosmetic-banana-care-balsam-maini","status":"publish","type":"product","link":"https:\/\/noacosmetics.ro\/en\/product\/eveline-cosmetic-banana-care-balsam-maini\/","title":{"rendered":"Eveline Cosmetic Banana Care Balsam Maini"},"content":{"rendered":"<h4>Mod de utilizare:<\/h4>\n<p>Se aplic\u0103 crema pe m\u00e2ini, dup\u0103 nevoie \u0219i se maseaz\u0103 p\u00e2n\u0103 la absorb\u021bie.<\/p>\n<h4>Descriere:<\/h4>\n<p>Confera o doza de vitamine hranitoare si catifelare pielii uscate si dure. Formula cremoasa invaluie pielea ca o spuma hranitoare de banane, elimina roseata, uscatimea si duritatea pielii.<\/p>\n<p>Contine:<\/p>\n<ul>\n<li>Extracte hranitoare de mango, lamaie si fructul pasiunii.<\/li>\n<li>Uleiul de cocos reda catifelarea.<\/li>\n<li>Alantoina calmeaza si regenereaza.<\/li>\n<li>Untul de shea hidrateaza si previne deshidratarea.<\/li>\n<li>Aroma energizanta de banane stimuleaza simturile si imbunatateste starea de spirit la fiecare aplicare.<\/li>\n<\/ul>","protected":false},"excerpt":{"rendered":"<p>Mod de utilizare: Se aplic\u0103 crema pe m\u00e2ini, dup\u0103 nevoie \u0219i se maseaz\u0103 p\u00e2n\u0103 la absorb\u021bie. Descriere: Confera o doza de vitamine hranitoare si catifelare pielii uscate si dure. Formula cremoasa invaluie pielea ca o spuma hranitoare de banane, elimina roseata, uscatimea si duritatea pielii. Contine: Extracte hranitoare de mango, lamaie si fructul pasiunii. Uleiul [&hellip;]<\/p>\n","protected":false},"featured_media":9969,"comment_status":"open","ping_status":"closed","template":"","meta":{"_themeisle_gutenberg_block_has_review":false},"product_brand":[],"product_cat":[21,94,93],"product_tag":[],"class_list":{"0":"post-7872","1":"product","2":"type-product","3":"status-publish","4":"has-post-thumbnail","6":"product_cat-ingrijire","7":"product_cat-crema","8":"product_cat-ingrijire-maini","9":"product_shipping_class-small-package","10":"entry","11":"has-media","13":"first","14":"onbackorder","15":"taxable","16":"shipping-taxable","17":"purchasable","18":"product-type-simple","19":"col","20":"span_1_of_3","21":"wvn-content-left","22":"wvn-thumbs-layout-horizontal","23":"wvn-btn-normal","24":"wvn-tabs-layout-horizontal"},"jetpack_sharing_enabled":true,"_links":{"self":[{"href":"https:\/\/noacosmetics.ro\/en\/wp-json\/wp\/v2\/product\/7872","targetHints":{"allow":["GET"]}}],"collection":[{"href":"https:\/\/noacosmetics.ro\/en\/wp-json\/wp\/v2\/product"}],"about":[{"href":"https:\/\/noacosmetics.ro\/en\/wp-json\/wp\/v2\/types\/product"}],"replies":[{"embeddable":true,"href":"https:\/\/noacosmetics.ro\/en\/wp-json\/wp\/v2\/comments?post=7872"}],"wp:featuredmedia":[{"embeddable":true,"href":"https:\/\/noacosmetics.ro\/en\/wp-json\/wp\/v2\/media\/9969"}],"wp:attachment":[{"href":"https:\/\/noacosmetics.ro\/en\/wp-json\/wp\/v2\/media?parent=7872"}],"wp:term":[{"taxonomy":"product_brand","embeddable":true,"href":"https:\/\/noacosmetics.ro\/en\/wp-json\/wp\/v2\/product_brand?post=7872"},{"taxonomy":"product_cat","embeddable":true,"href":"https:\/\/noacosmetics.ro\/en\/wp-json\/wp\/v2\/product_cat?post=7872"},{"taxonomy":"product_tag","embeddable":true,"href":"https:\/\/noacosmetics.ro\/en\/wp-json\/wp\/v2\/product_tag?post=7872"}],"curies":[{"name":"wp","href":"https:\/\/api.w.org\/{rel}","templated":true}]}}