{"id":7875,"date":"2024-03-27T12:36:06","date_gmt":"2024-03-27T12:36:06","guid":{"rendered":"https:\/\/noacosmetics.ro\/?post_type=product&#038;p=7875"},"modified":"2024-04-27T06:53:21","modified_gmt":"2024-04-27T06:53:21","slug":"eveline-cosmetics-slim-extreme-4d-scalpel","status":"publish","type":"product","link":"https:\/\/noacosmetics.ro\/en\/product\/eveline-cosmetics-slim-extreme-4d-scalpel\/","title":{"rendered":"Eveline Cosmetics  Slim Extreme 4d  Scalpel"},"content":{"rendered":"<h4>Mod de utilizare:<\/h4>\n<p>Serul anticelulit\u0103, Slim Extreme 4D Scalpel, se folose\u0219te diminea\u021ba, pe pielea din zonele problematice (fese, \u0219olduri, coapse \u0219i abdomen) \u0219i se maseaz\u0103 cu mi\u0219c\u0103ri circulare, p\u00e2n\u0103 la absorb\u021bia complet\u0103.<\/p>\n<h4>Descriere:<\/h4>\n<p>Spune\u021bi adio celulitei, datorit\u0103 acestui ser cu for\u021ba tripl\u0103 a ingredientelor active.Serul \u00eempotriva celulitei, Slim Extreme 4D Scalpel, folose\u0219te o tehnologie revolu\u021bionar\u0103 patentat\u0103, inspirat\u0103 de descoperirile \u0219tiin\u021bifice din domeniul metabolismului gr\u0103similor.<\/p>\n<p>Compozi\u021bia, plin\u0103 de substan\u021be active \u0219i de extracte din plante, stimuleaz\u0103 benefic pielea. V\u0103 ajut\u0103 s\u0103 modela\u021bi zonele problematice \u0219i s\u0103 ob\u021bine\u021bi astfel curbele netede \u0219i ferme la care visa\u021bi. Rezultatele testului:<\/p>\n<p>Produsul a fost testat timp de 7 zile:<\/p>\n<p>95 % dintre femei au confirmat reducerea vizibilit\u0103\u021bii celulitei<br \/>\n96 % dintre femei au confirmat ameliorarea aspectului pielii<\/p>\n<p>Produsul a fost testat timp de 14 zile:<\/p>\n<p>diametrul coapselor s-a mic\u0219orat cu 3 cm<br \/>\n92 % dintre femei au men\u021bionat reducerea greut\u0103\u021bii corporale<\/p>\n<p>Ingrediente:<\/p>\n<p>TURBO-SCULPTING FUSION\u2122 \u2013 con\u021bine L-carnitin\u0103, extract de ieder\u0103 \u0219i complexul LIPOUT, sculpteaz\u0103 silueta, m\u0103re\u0219te elasticitatea pielii, neteze\u0219te imperfec\u021biunile \u0219i atenueaz\u0103 semnele celulitei<br \/>\nSCULPSURE BOOSTER\u2122 \u2013 efectele concentrate ale cafeinei \u0219i ale L-carnitinei contribuie la reducerea neinvaziv\u0103 a pernu\u021belor adipoase<br \/>\nLIPOUT\u2122 con\u021bine extracte din algele Tisochrysis Lutea, care m\u0103re\u0219te elasticitatea pielii<br \/>\nextract de ieder\u0103 \u2013 \u00eembun\u0103t\u0103\u021be\u0219te fermitatea pielii \u0219i elimin\u0103 toxinele<br \/>\nCentella Asiatica \u2013 gotu kola contribuie la netezirea \u0219i la hidratarea pielii<\/p>","protected":false},"excerpt":{"rendered":"<p>Mod de utilizare: Serul anticelulit\u0103, Slim Extreme 4D Scalpel, se folose\u0219te diminea\u021ba, pe pielea din zonele problematice (fese, \u0219olduri, coapse \u0219i abdomen) \u0219i se maseaz\u0103 cu mi\u0219c\u0103ri circulare, p\u00e2n\u0103 la absorb\u021bia complet\u0103. Descriere: Spune\u021bi adio celulitei, datorit\u0103 acestui ser cu for\u021ba tripl\u0103 a ingredientelor active.Serul \u00eempotriva celulitei, Slim Extreme 4D Scalpel, folose\u0219te o tehnologie revolu\u021bionar\u0103 [&hellip;]<\/p>\n","protected":false},"featured_media":7877,"comment_status":"open","ping_status":"closed","template":"","meta":{"_themeisle_gutenberg_block_has_review":false},"product_brand":[],"product_cat":[21,81,79],"product_tag":[],"class_list":{"0":"post-7875","1":"product","2":"type-product","3":"status-publish","4":"has-post-thumbnail","6":"product_cat-ingrijire","7":"product_cat-hidratare-corp","8":"product_cat-ingrijire-corp","9":"product_shipping_class-small-package","10":"entry","11":"has-media","13":"first","14":"onbackorder","15":"taxable","16":"shipping-taxable","17":"purchasable","18":"product-type-simple","19":"col","20":"span_1_of_3","21":"wvn-content-left","22":"wvn-thumbs-layout-horizontal","23":"wvn-btn-normal","24":"wvn-tabs-layout-horizontal"},"jetpack_sharing_enabled":true,"_links":{"self":[{"href":"https:\/\/noacosmetics.ro\/en\/wp-json\/wp\/v2\/product\/7875","targetHints":{"allow":["GET"]}}],"collection":[{"href":"https:\/\/noacosmetics.ro\/en\/wp-json\/wp\/v2\/product"}],"about":[{"href":"https:\/\/noacosmetics.ro\/en\/wp-json\/wp\/v2\/types\/product"}],"replies":[{"embeddable":true,"href":"https:\/\/noacosmetics.ro\/en\/wp-json\/wp\/v2\/comments?post=7875"}],"wp:featuredmedia":[{"embeddable":true,"href":"https:\/\/noacosmetics.ro\/en\/wp-json\/wp\/v2\/media\/7877"}],"wp:attachment":[{"href":"https:\/\/noacosmetics.ro\/en\/wp-json\/wp\/v2\/media?parent=7875"}],"wp:term":[{"taxonomy":"product_brand","embeddable":true,"href":"https:\/\/noacosmetics.ro\/en\/wp-json\/wp\/v2\/product_brand?post=7875"},{"taxonomy":"product_cat","embeddable":true,"href":"https:\/\/noacosmetics.ro\/en\/wp-json\/wp\/v2\/product_cat?post=7875"},{"taxonomy":"product_tag","embeddable":true,"href":"https:\/\/noacosmetics.ro\/en\/wp-json\/wp\/v2\/product_tag?post=7875"}],"curies":[{"name":"wp","href":"https:\/\/api.w.org\/{rel}","templated":true}]}}