{"id":7893,"date":"2024-03-27T13:01:51","date_gmt":"2024-03-27T13:01:51","guid":{"rendered":"https:\/\/noacosmetics.ro\/?post_type=product&#038;p=7893"},"modified":"2025-05-27T05:34:59","modified_gmt":"2025-05-27T05:34:59","slug":"eveline-cosmetics-insta-skin-care-plasturi-nas","status":"publish","type":"product","link":"https:\/\/noacosmetics.ro\/en\/product\/eveline-cosmetics-insta-skin-care-plasturi-nas\/","title":{"rendered":"Eveline Cosmetics Insta Skin Care Plasturi Nas"},"content":{"rendered":"<h4>Mod de utilizare:<\/h4>\n<p>Cur\u0103\u021ba\u021bi bine pielea nasului \u0219i dimprejur, apoi umezi\u021bi-o cu ap\u0103. Dezlipi\u021bi stratul protector din plastic de pe plasture. Lipi\u021bi plasturele pe pielea umezit\u0103 a nasului \u0219i presa\u021bi-l cu aten\u021bie. L\u0103sa\u021bi s\u0103 ac\u021bioneze timp de 15\u201320 de minute. Dezlipi\u021bi-l \u00eencet \u0219i cu aten\u021bie, \u00eencep\u00e2nd din p\u0103r\u021bile exterioare ale nasului.<\/p>\n<h4>Descriere:<\/h4>\n<p>Secretul pentru a avea un nas curat \u0219i neted, f\u0103r\u0103 pori vizibili. Cu mega ingrediente precum c\u0103rbunele, silica \u0219i lemnul dulce, patch-urile de cur\u0103\u021bare a porilor de pe nas Eveline Cosmetics Insta Skin sunt alegerea perfect\u0103 pentru pielea t\u00e2n\u0103r\u0103 cu imperfec\u021biuni \u0219i puncte negre, efectul de cur\u0103\u021bare \u00een profunzime conferind chipului frumuse\u021bea la care a\u021bi visat.Caracteristici: \u00eenl\u0103tur\u0103 \u0219i previne apari\u021bia punctelor negre<br \/>\npurific\u0103 \u0219i cur\u0103\u021b\u0103 pielea \u00een profunzime<br \/>\ndeblocheaz\u0103 \u0219i minimizeaz\u0103 porii<br \/>\n\u00eentinere\u0219te pielea<br \/>\nefecte vizibileIngrediente: c\u0103rbune \u2013 lupt\u0103 \u00eempotriva imperfec\u021biunilor \u0219i punctelor negre, absorbind excesul de sebum \u0219i impurit\u0103\u021bi de pe suprafa\u021ba pielii, cur\u0103\u021b\u00e2nd \u0219i diminu\u00e2nd porii, netezind pielea<br \/>\nsilica \u2013 mineral cu propriet\u0103\u021bi extraordinare, absoarbe excesul de sebum \u0219i previne aspectul de piele lucioas\u0103<br \/>\nlemn dulce \u2013 rol antibacterian \u0219i astringent, absorbind radicalii liberi \u0219i prevenind formarea de puncte negre<br \/>\nprodus vegan<\/p>","protected":false},"excerpt":{"rendered":"<p>4 bucati<\/p>","protected":false},"featured_media":9872,"comment_status":"open","ping_status":"closed","template":"","meta":{"_themeisle_gutenberg_block_has_review":false},"product_brand":[],"product_cat":[21,74,72,76],"product_tag":[],"class_list":{"0":"post-7893","1":"product","2":"type-product","3":"status-publish","4":"has-post-thumbnail","6":"product_cat-ingrijire","7":"product_cat-curatare-fata","8":"product_cat-ingrijire-fata","9":"product_cat-masti","10":"product_shipping_class-small-package","11":"entry","12":"has-media","14":"first","15":"onbackorder","16":"taxable","17":"shipping-taxable","18":"purchasable","19":"product-type-simple","20":"col","21":"span_1_of_3","22":"wvn-content-left","23":"wvn-thumbs-layout-horizontal","24":"wvn-btn-normal","25":"wvn-tabs-layout-horizontal"},"jetpack_sharing_enabled":true,"_links":{"self":[{"href":"https:\/\/noacosmetics.ro\/en\/wp-json\/wp\/v2\/product\/7893","targetHints":{"allow":["GET"]}}],"collection":[{"href":"https:\/\/noacosmetics.ro\/en\/wp-json\/wp\/v2\/product"}],"about":[{"href":"https:\/\/noacosmetics.ro\/en\/wp-json\/wp\/v2\/types\/product"}],"replies":[{"embeddable":true,"href":"https:\/\/noacosmetics.ro\/en\/wp-json\/wp\/v2\/comments?post=7893"}],"wp:featuredmedia":[{"embeddable":true,"href":"https:\/\/noacosmetics.ro\/en\/wp-json\/wp\/v2\/media\/9872"}],"wp:attachment":[{"href":"https:\/\/noacosmetics.ro\/en\/wp-json\/wp\/v2\/media?parent=7893"}],"wp:term":[{"taxonomy":"product_brand","embeddable":true,"href":"https:\/\/noacosmetics.ro\/en\/wp-json\/wp\/v2\/product_brand?post=7893"},{"taxonomy":"product_cat","embeddable":true,"href":"https:\/\/noacosmetics.ro\/en\/wp-json\/wp\/v2\/product_cat?post=7893"},{"taxonomy":"product_tag","embeddable":true,"href":"https:\/\/noacosmetics.ro\/en\/wp-json\/wp\/v2\/product_tag?post=7893"}],"curies":[{"name":"wp","href":"https:\/\/api.w.org\/{rel}","templated":true}]}}