{"id":7895,"date":"2024-03-27T13:05:49","date_gmt":"2024-03-27T13:05:49","guid":{"rendered":"https:\/\/noacosmetics.ro\/?post_type=product&#038;p=7895"},"modified":"2024-04-27T06:51:21","modified_gmt":"2024-04-27T06:51:21","slug":"eveline-cosmetics-comprese-pentru-ochi-hidrogel-racoritor-3in1","status":"publish","type":"product","link":"https:\/\/noacosmetics.ro\/en\/product\/eveline-cosmetics-comprese-pentru-ochi-hidrogel-racoritor-3in1\/","title":{"rendered":"Eveline Cosmetics Comprese pentru Ochi Hidrogel Racoritor 3in1"},"content":{"rendered":"<h4>Mod de utilizare:<\/h4>\n<p>Aplica\u021bi c\u00e2te un patch pe zona de sub ochi. \u00cendep\u0103rta\u021bi dup\u0103 20-30 de minute \u0219i tapota\u021bi u\u0219or excesul de esen\u021b\u0103 \u00een piele, p\u00e2n\u0103 la absorb\u021bia complet\u0103.<\/p>\n<h4>Descriere:<\/h4>\n<p>Eveline Cosmetics Cooling Compress Hydrogel Eye Pads sunt patch-uri de hidrogel pentru zona de sub ochi, care ofer\u0103 hidratare intens\u0103 \u0219i nutri\u021bie vital\u0103, pentru o senza\u021bie de fermitate, prospe\u021bime, confort \u0219i str\u0103lucire. Acest produs este recomandat pentru toate tipurile de piele \u0219i este perfect pentru utilizarea zilnic\u0103. Avantajul acestor patch-uri const\u0103 nu numai \u00een compozi\u021bia acestora, ci \u0219i \u00een designul confortabil. Ingredientele nutritive din formula special\u0103 a patch-urilor asigur\u0103 beneficii precum \u00eencetinirea pierderii de colagen, \u00eembun\u0103t\u0103\u021birea elasticit\u0103\u021bii pielii \u0219i a circula\u021biei s\u00e2ngelui, iluminarea pielii, stimularea regener\u0103rii celulelor pielii, conferirea fermit\u0103\u021bii \u0219i prevenirea \u00eemb\u0103tr\u00e2nirii timpurii \u0219i a apari\u021biei ridurilor.<\/p>","protected":false},"excerpt":{"rendered":"<p>2 bucati<\/p>","protected":false},"featured_media":7897,"comment_status":"open","ping_status":"closed","template":"","meta":{"_themeisle_gutenberg_block_has_review":false},"product_brand":[],"product_cat":[21,75,72,76],"product_tag":[],"class_list":{"0":"post-7895","1":"product","2":"type-product","3":"status-publish","4":"has-post-thumbnail","6":"product_cat-ingrijire","7":"product_cat-hidratare","8":"product_cat-ingrijire-fata","9":"product_cat-masti","10":"product_shipping_class-small-package","11":"entry","12":"has-media","14":"first","15":"onbackorder","16":"taxable","17":"shipping-taxable","18":"purchasable","19":"product-type-simple","20":"col","21":"span_1_of_3","22":"wvn-content-left","23":"wvn-thumbs-layout-horizontal","24":"wvn-btn-normal","25":"wvn-tabs-layout-horizontal"},"jetpack_sharing_enabled":true,"_links":{"self":[{"href":"https:\/\/noacosmetics.ro\/en\/wp-json\/wp\/v2\/product\/7895","targetHints":{"allow":["GET"]}}],"collection":[{"href":"https:\/\/noacosmetics.ro\/en\/wp-json\/wp\/v2\/product"}],"about":[{"href":"https:\/\/noacosmetics.ro\/en\/wp-json\/wp\/v2\/types\/product"}],"replies":[{"embeddable":true,"href":"https:\/\/noacosmetics.ro\/en\/wp-json\/wp\/v2\/comments?post=7895"}],"wp:featuredmedia":[{"embeddable":true,"href":"https:\/\/noacosmetics.ro\/en\/wp-json\/wp\/v2\/media\/7897"}],"wp:attachment":[{"href":"https:\/\/noacosmetics.ro\/en\/wp-json\/wp\/v2\/media?parent=7895"}],"wp:term":[{"taxonomy":"product_brand","embeddable":true,"href":"https:\/\/noacosmetics.ro\/en\/wp-json\/wp\/v2\/product_brand?post=7895"},{"taxonomy":"product_cat","embeddable":true,"href":"https:\/\/noacosmetics.ro\/en\/wp-json\/wp\/v2\/product_cat?post=7895"},{"taxonomy":"product_tag","embeddable":true,"href":"https:\/\/noacosmetics.ro\/en\/wp-json\/wp\/v2\/product_tag?post=7895"}],"curies":[{"name":"wp","href":"https:\/\/api.w.org\/{rel}","templated":true}]}}