{"id":7902,"date":"2024-03-27T13:15:19","date_gmt":"2024-03-27T13:15:19","guid":{"rendered":"https:\/\/noacosmetics.ro\/?post_type=product&#038;p=7902"},"modified":"2024-04-27T06:50:47","modified_gmt":"2024-04-27T06:50:47","slug":"eveline-cosmetics-masca-collagen-8-in-1-1buc","status":"publish","type":"product","link":"https:\/\/noacosmetics.ro\/en\/product\/eveline-cosmetics-masca-collagen-8-in-1-1buc\/","title":{"rendered":"Eveline Cosmetics Masca Collagen 8 in 1,  1buc"},"content":{"rendered":"<h4>Mod de utilizare:<\/h4>\n<p>Aplicati masca pe pielea curatata in prealabil, lasati-o timp de 15-20 de minute, apoi indepartati-o si frecati usor restul de gel in piele.<\/p>\n<h4>Descriere:<\/h4>\n<p>Masca de fata Korean Collagen Intensely are un incredibil efect de lifting 8 in 1, fiind potrivita pentru toate tipurile de piele. Aceasta contine ingrediente hranitoare care satureaza fiecare celula cu minerale si vitamine esentiale. De asemenea, ajuta la stabilizarea echilibrului apei, astfel incat liniile fine si ridurile sunt atenuate.Dup\u0103 v\u00e2rsta de 35 de ani, pielea devine mai sensibil\u0103 la factorii externi, care de cele mai multe ori ac\u021bioneaz\u0103 negativ. Apari\u021bia ridurilor, a petelor pigmentare, a semnelor de oboseal\u0103, fac pielea s\u0103 \u00ee\u0219i piard\u0103 din str\u0103lucire \u0219i din atractivitate. Cu toate acestea, cosmetologia modern\u0103 v\u0103 permite s\u0103 v\u0103 redob\u00e2ndi\u021bi \u0219i s\u0103 men\u021bine\u021bi frumuse\u021bea \u0219i tinere\u021bea tenului, cre\u00e2nd diverse produse de \u00eengrijire care ac\u021bioneaz\u0103 benefic \u0219i au efect miraculos. Eveline Cosmetics Collagen Lifting Essence Face Mask este o masc\u0103 din \u021bes\u0103tur\u0103, impregnat\u0103 cu colagen, care are efect anti-\u00eemb\u0103tr\u00e2nire, de lifting \u0219i de tonifiere a epidermei. Masca este potrivit\u0103 pentru orice tip de piele, con\u021bine nutrien\u021bi care satureaz\u0103 fiecare celul\u0103 cu minerale \u0219i vitamine esen\u021biale, ajut\u0103, de asemenea, la stabilizarea echilibrului apei \u00een celule, astfel \u00eenc\u00e2t ridurile fine sunt netezite, iar ridurile mai ad\u00e2nci devin mai pu\u021bin vizibile.<\/p>","protected":false},"excerpt":{"rendered":"<p>1 bucata<\/p>","protected":false},"featured_media":9883,"comment_status":"open","ping_status":"closed","template":"","meta":{"_themeisle_gutenberg_block_has_review":false},"product_brand":[],"product_cat":[21,72,76],"product_tag":[],"class_list":{"0":"post-7902","1":"product","2":"type-product","3":"status-publish","4":"has-post-thumbnail","6":"product_cat-ingrijire","7":"product_cat-ingrijire-fata","8":"product_cat-masti","9":"product_shipping_class-small-package","10":"entry","11":"has-media","13":"first","14":"onbackorder","15":"taxable","16":"shipping-taxable","17":"purchasable","18":"product-type-simple","19":"col","20":"span_1_of_3","21":"wvn-content-left","22":"wvn-thumbs-layout-horizontal","23":"wvn-btn-normal","24":"wvn-tabs-layout-horizontal","25":"has-no-thumbnails"},"jetpack_sharing_enabled":true,"_links":{"self":[{"href":"https:\/\/noacosmetics.ro\/en\/wp-json\/wp\/v2\/product\/7902","targetHints":{"allow":["GET"]}}],"collection":[{"href":"https:\/\/noacosmetics.ro\/en\/wp-json\/wp\/v2\/product"}],"about":[{"href":"https:\/\/noacosmetics.ro\/en\/wp-json\/wp\/v2\/types\/product"}],"replies":[{"embeddable":true,"href":"https:\/\/noacosmetics.ro\/en\/wp-json\/wp\/v2\/comments?post=7902"}],"wp:featuredmedia":[{"embeddable":true,"href":"https:\/\/noacosmetics.ro\/en\/wp-json\/wp\/v2\/media\/9883"}],"wp:attachment":[{"href":"https:\/\/noacosmetics.ro\/en\/wp-json\/wp\/v2\/media?parent=7902"}],"wp:term":[{"taxonomy":"product_brand","embeddable":true,"href":"https:\/\/noacosmetics.ro\/en\/wp-json\/wp\/v2\/product_brand?post=7902"},{"taxonomy":"product_cat","embeddable":true,"href":"https:\/\/noacosmetics.ro\/en\/wp-json\/wp\/v2\/product_cat?post=7902"},{"taxonomy":"product_tag","embeddable":true,"href":"https:\/\/noacosmetics.ro\/en\/wp-json\/wp\/v2\/product_tag?post=7902"}],"curies":[{"name":"wp","href":"https:\/\/api.w.org\/{rel}","templated":true}]}}