{"id":7913,"date":"2024-03-27T13:30:53","date_gmt":"2024-03-27T13:30:53","guid":{"rendered":"https:\/\/noacosmetics.ro\/?post_type=product&#038;p=7913"},"modified":"2024-04-27T06:49:49","modified_gmt":"2024-04-27T06:49:49","slug":"eveline-cosmetics-peptide-ampoule-mask-8ml-1-buc","status":"publish","type":"product","link":"https:\/\/noacosmetics.ro\/en\/product\/eveline-cosmetics-peptide-ampoule-mask-8ml-1-buc\/","title":{"rendered":"Eveline Cosmetics Peptide Ampoule Mask 8ml, 1 buc"},"content":{"rendered":"<h4>Mod de utilizare:<\/h4>\n<p>Masca se aplic\u0103 \u00een strat sub\u021bire pe fa\u021ba curat\u0103, evit\u00e2nd zona ochilor. Se las\u0103 s\u0103 ac\u021bioneze pe perioada specificat\u0103 pe ambalaj. Apoi se spal\u0103 bine masca, cu ap\u0103 c\u0103ldu\u021b\u0103.<\/p>\n<h4>Descriere:<\/h4>\n<p>Masca sub forma de crema pentru regenerarea \u0219i re\u00eennoirea pielii.Masca facial\u0103 Eveline Cosmetics Face Therapy Peptide v\u0103 va \u00eembog\u0103\u021bi perfect rutina de \u00eengrijire \u2013 va r\u0103sf\u0103\u021ba tenul \u0219i \u00eei va oferi o \u00eengrijire intensiv\u0103, care \u00eei va \u00eembun\u0103t\u0103\u021bi imediat aspectul.<\/p>\n<p>Caracteristici:<\/p>\n<p>ilumineaz\u0103 \u0219i \u00eemprosp\u0103teaz\u0103<br \/>\nred\u0103 pielii elasticitatea \u0219i sentimentul de confort<br \/>\nla atingere, pielea devine fin\u0103 ca m\u0103tasea<br \/>\nhidrateaz\u0103 profund \u0219i hr\u0103ne\u0219te intens.<\/p>\n<p>&nbsp;<\/p>","protected":false},"excerpt":{"rendered":"<p>Mod de utilizare: Masca se aplic\u0103 \u00een strat sub\u021bire pe fa\u021ba curat\u0103, evit\u00e2nd zona ochilor. Se las\u0103 s\u0103 ac\u021bioneze pe perioada specificat\u0103 pe ambalaj. Apoi se spal\u0103 bine masca, cu ap\u0103 c\u0103ldu\u021b\u0103. Descriere: Masca sub forma de crema pentru regenerarea \u0219i re\u00eennoirea pielii.Masca facial\u0103 Eveline Cosmetics Face Therapy Peptide v\u0103 va \u00eembog\u0103\u021bi perfect rutina de [&hellip;]<\/p>\n","protected":false},"featured_media":9877,"comment_status":"open","ping_status":"closed","template":"","meta":{"_themeisle_gutenberg_block_has_review":false},"product_brand":[],"product_cat":[21,72,76],"product_tag":[],"class_list":{"0":"post-7913","1":"product","2":"type-product","3":"status-publish","4":"has-post-thumbnail","6":"product_cat-ingrijire","7":"product_cat-ingrijire-fata","8":"product_cat-masti","9":"product_shipping_class-small-package","10":"entry","11":"has-media","13":"first","14":"onbackorder","15":"taxable","16":"shipping-taxable","17":"purchasable","18":"product-type-simple","19":"col","20":"span_1_of_3","21":"wvn-content-left","22":"wvn-thumbs-layout-horizontal","23":"wvn-btn-normal","24":"wvn-tabs-layout-horizontal","25":"has-no-thumbnails"},"jetpack_sharing_enabled":true,"_links":{"self":[{"href":"https:\/\/noacosmetics.ro\/en\/wp-json\/wp\/v2\/product\/7913","targetHints":{"allow":["GET"]}}],"collection":[{"href":"https:\/\/noacosmetics.ro\/en\/wp-json\/wp\/v2\/product"}],"about":[{"href":"https:\/\/noacosmetics.ro\/en\/wp-json\/wp\/v2\/types\/product"}],"replies":[{"embeddable":true,"href":"https:\/\/noacosmetics.ro\/en\/wp-json\/wp\/v2\/comments?post=7913"}],"wp:featuredmedia":[{"embeddable":true,"href":"https:\/\/noacosmetics.ro\/en\/wp-json\/wp\/v2\/media\/9877"}],"wp:attachment":[{"href":"https:\/\/noacosmetics.ro\/en\/wp-json\/wp\/v2\/media?parent=7913"}],"wp:term":[{"taxonomy":"product_brand","embeddable":true,"href":"https:\/\/noacosmetics.ro\/en\/wp-json\/wp\/v2\/product_brand?post=7913"},{"taxonomy":"product_cat","embeddable":true,"href":"https:\/\/noacosmetics.ro\/en\/wp-json\/wp\/v2\/product_cat?post=7913"},{"taxonomy":"product_tag","embeddable":true,"href":"https:\/\/noacosmetics.ro\/en\/wp-json\/wp\/v2\/product_tag?post=7913"}],"curies":[{"name":"wp","href":"https:\/\/api.w.org\/{rel}","templated":true}]}}