{"id":7928,"date":"2024-03-27T13:58:44","date_gmt":"2024-03-27T13:58:44","guid":{"rendered":"https:\/\/noacosmetics.ro\/?post_type=product&#038;p=7928"},"modified":"2024-04-27T06:47:55","modified_gmt":"2024-04-27T06:47:55","slug":"dear-she-avocado-collagen-comprese-6g","status":"publish","type":"product","link":"https:\/\/noacosmetics.ro\/en\/product\/dear-she-avocado-collagen-comprese-6g\/","title":{"rendered":"Dear She Avocado Collagen Comprese 6g"},"content":{"rendered":"<h4>Mod de utilizare:<\/h4>\n<p>Aplicati masca timp de 20-30minute. Indepartati masca si masati usor pana la absorbtia completa in piele. Nu necesita clatire.<\/p>\n<h4>Descriere:<\/h4>\n<p>Bucur\u0103-te de o experien\u021b\u0103 de \u00eengrijire delicat\u0103 \u0219i revitalizant\u0103 pentru zona ochilor cu Masca Hidratant\u0103 \u0219i Antirid Darry Love. Infuzat\u0103 cu beneficiile colagenului \u0219i ale avocado-ului, aceast\u0103 masc\u0103 promite s\u0103 redefineasc\u0103 prospetimea \u0219i s\u0103 diminueze semnele timpului.<\/p>\n<p>Caracteristici Cheie:<br \/>\nColagen: Formula sa bogat\u0103 \u00een colagen contribuie la hidratarea profund\u0103 \u0219i la redarea elasticit\u0103\u021bii pielii din jurul ochilor.<br \/>\nAvocado: Extractul de avocado ofer\u0103 o doz\u0103 concentrat\u0103 de nutrien\u021bi \u0219i antioxidan\u021bi, contribuind la revitalizarea \u0219i hr\u0103nirea pielii.<\/p>\n<p>Beneficii :<br \/>\nHidratare Intensiv\u0103: Masca ofer\u0103 o hidratare profund\u0103, reduc\u00e2nd senza\u021bia de usc\u0103ciune \u0219i disconfort.<br \/>\nEfect Antirid: Utilizarea regulat\u0103 contribuie la diminuarea liniilor fine \u0219i a ridurilor, conferind un aspect proasp\u0103t \u0219i revitalizat.<br \/>\nRevigorare Instantanee: \u00cembun\u0103t\u0103\u021be\u0219te aspectul ochilor obosi\u021bi \u0219i contribuie la reducerea pungilor \u0219i a cearc\u0103nelor.<\/p>\n<p>Transform\u0103-\u021bi rutina de \u00eengrijire a pielii cu Masca pentru Ochi Hidratant\u0103 \u0219i Antirid cu Colagen \u0219i Avocado de la Darry Love. Ofer\u0103-i ochilor t\u0103i r\u0103sf\u0103\u021bul \u0219i aten\u021bia pe care o merit\u0103, pentru o privire proasp\u0103t\u0103 \u0219i radiat\u0103<\/p>","protected":false},"excerpt":{"rendered":"<p>Mod de utilizare: Aplicati masca timp de 20-30minute. Indepartati masca si masati usor pana la absorbtia completa in piele. Nu necesita clatire. Descriere: Bucur\u0103-te de o experien\u021b\u0103 de \u00eengrijire delicat\u0103 \u0219i revitalizant\u0103 pentru zona ochilor cu Masca Hidratant\u0103 \u0219i Antirid Darry Love. Infuzat\u0103 cu beneficiile colagenului \u0219i ale avocado-ului, aceast\u0103 masc\u0103 promite s\u0103 redefineasc\u0103 prospetimea [&hellip;]<\/p>\n","protected":false},"featured_media":9349,"comment_status":"open","ping_status":"closed","template":"","meta":{"_themeisle_gutenberg_block_has_review":false},"product_brand":[],"product_cat":[21,72,76],"product_tag":[],"class_list":{"0":"post-7928","1":"product","2":"type-product","3":"status-publish","4":"has-post-thumbnail","6":"product_cat-ingrijire","7":"product_cat-ingrijire-fata","8":"product_cat-masti","9":"product_shipping_class-small-package","10":"entry","11":"has-media","13":"first","14":"onbackorder","15":"taxable","16":"shipping-taxable","17":"purchasable","18":"product-type-simple","19":"col","20":"span_1_of_3","21":"wvn-content-left","22":"wvn-thumbs-layout-horizontal","23":"wvn-btn-normal","24":"wvn-tabs-layout-horizontal","25":"has-no-thumbnails"},"jetpack_sharing_enabled":true,"_links":{"self":[{"href":"https:\/\/noacosmetics.ro\/en\/wp-json\/wp\/v2\/product\/7928","targetHints":{"allow":["GET"]}}],"collection":[{"href":"https:\/\/noacosmetics.ro\/en\/wp-json\/wp\/v2\/product"}],"about":[{"href":"https:\/\/noacosmetics.ro\/en\/wp-json\/wp\/v2\/types\/product"}],"replies":[{"embeddable":true,"href":"https:\/\/noacosmetics.ro\/en\/wp-json\/wp\/v2\/comments?post=7928"}],"wp:featuredmedia":[{"embeddable":true,"href":"https:\/\/noacosmetics.ro\/en\/wp-json\/wp\/v2\/media\/9349"}],"wp:attachment":[{"href":"https:\/\/noacosmetics.ro\/en\/wp-json\/wp\/v2\/media?parent=7928"}],"wp:term":[{"taxonomy":"product_brand","embeddable":true,"href":"https:\/\/noacosmetics.ro\/en\/wp-json\/wp\/v2\/product_brand?post=7928"},{"taxonomy":"product_cat","embeddable":true,"href":"https:\/\/noacosmetics.ro\/en\/wp-json\/wp\/v2\/product_cat?post=7928"},{"taxonomy":"product_tag","embeddable":true,"href":"https:\/\/noacosmetics.ro\/en\/wp-json\/wp\/v2\/product_tag?post=7928"}],"curies":[{"name":"wp","href":"https:\/\/api.w.org\/{rel}","templated":true}]}}