{"id":7934,"date":"2024-03-27T14:13:51","date_gmt":"2024-03-27T14:13:51","guid":{"rendered":"https:\/\/noacosmetics.ro\/?post_type=product&#038;p=7934"},"modified":"2026-03-30T07:33:16","modified_gmt":"2026-03-30T07:33:16","slug":"eveline-cosmetics-glowgo-aqua-miracle-4in1-110ml","status":"publish","type":"product","link":"https:\/\/noacosmetics.ro\/en\/product\/eveline-cosmetics-glowgo-aqua-miracle-4in1-110ml\/","title":{"rendered":"Eveline Cosmetics Glow&#038;Go Aqua Miracle 4in1,  110ml"},"content":{"rendered":"<h4>Mod de utilizare:<\/h4>\n<p>Spray-ul hidratant Eveline Cosmetics Glow &amp; Go 4 \u00een 1 se aplic\u0103 dup\u0103 aplicarea make-up-ului. Agita\u021bi bine spray-ul \u0219i pulveriza\u021bi-l de la o distan\u021b\u0103 de aproximativ 30 cm \u2013 sunt suficiente dou\u0103-trei aplic\u0103ri pe \u00eentreaga fa\u021b\u0103. \u021aine\u021bi gura \u0219i ochii \u00eenchi\u0219i \u00een timpul aplic\u0103rii.<\/p>\n<h4>Descriere:<\/h4>\n<p>Spray fixator make-up cu efect stralucitor.\u00cemprosp\u0103ta\u021bi-v\u0103 fa\u021ba care asigur\u0103 un rezultat excelent sub forma unui ten str\u0103lucitor. Spray-ul hidratant pentru fa\u021b\u0103 Eveline Cosmetics Glow &amp; Go 4 \u00een 1 combin\u0103 beneficiile apei termale \u0219i ale tonicului. Indiferent dac\u0103 \u00eel folosi\u021bi pentru machiajul de zi sau de sear\u0103, v\u0103 va \u00eembun\u0103t\u0103\u021bi vizual nuan\u021ba tenului, \u00eel va ilumina \u0219i va conferi make-up-ului dvs. o adev\u0103rat\u0103 str\u0103lucire.Este disponibil in 2 nuante:nude si pink.<\/p>","protected":false},"excerpt":{"rendered":"<p>Mod de utilizare: Spray-ul hidratant Eveline Cosmetics Glow &amp; Go 4 \u00een 1 se aplic\u0103 dup\u0103 aplicarea make-up-ului. Agita\u021bi bine spray-ul \u0219i pulveriza\u021bi-l de la o distan\u021b\u0103 de aproximativ 30 cm \u2013 sunt suficiente dou\u0103-trei aplic\u0103ri pe \u00eentreaga fa\u021b\u0103. \u021aine\u021bi gura \u0219i ochii \u00eenchi\u0219i \u00een timpul aplic\u0103rii. Descriere: Spray fixator make-up cu efect stralucitor.\u00cemprosp\u0103ta\u021bi-v\u0103 fa\u021ba [&hellip;]<\/p>\n","protected":false},"featured_media":9340,"comment_status":"open","ping_status":"closed","template":"","meta":{"_themeisle_gutenberg_block_has_review":false},"product_brand":[],"product_cat":[21,75,57,72,32],"product_tag":[],"class_list":{"0":"post-7934","1":"product","2":"type-product","3":"status-publish","4":"has-post-thumbnail","6":"product_cat-ingrijire","7":"product_cat-hidratare","8":"product_cat-iluminator","9":"product_cat-ingrijire-fata","10":"product_cat-primer","11":"product_shipping_class-small-package","12":"entry","13":"has-media","15":"first","16":"onbackorder","17":"taxable","18":"shipping-taxable","19":"purchasable","20":"product-type-variable","21":"col","22":"span_1_of_3","23":"wvn-content-left","24":"wvn-thumbs-layout-horizontal","25":"wvn-btn-normal","26":"wvn-tabs-layout-horizontal"},"jetpack_sharing_enabled":true,"_links":{"self":[{"href":"https:\/\/noacosmetics.ro\/en\/wp-json\/wp\/v2\/product\/7934","targetHints":{"allow":["GET"]}}],"collection":[{"href":"https:\/\/noacosmetics.ro\/en\/wp-json\/wp\/v2\/product"}],"about":[{"href":"https:\/\/noacosmetics.ro\/en\/wp-json\/wp\/v2\/types\/product"}],"replies":[{"embeddable":true,"href":"https:\/\/noacosmetics.ro\/en\/wp-json\/wp\/v2\/comments?post=7934"}],"wp:featuredmedia":[{"embeddable":true,"href":"https:\/\/noacosmetics.ro\/en\/wp-json\/wp\/v2\/media\/9340"}],"wp:attachment":[{"href":"https:\/\/noacosmetics.ro\/en\/wp-json\/wp\/v2\/media?parent=7934"}],"wp:term":[{"taxonomy":"product_brand","embeddable":true,"href":"https:\/\/noacosmetics.ro\/en\/wp-json\/wp\/v2\/product_brand?post=7934"},{"taxonomy":"product_cat","embeddable":true,"href":"https:\/\/noacosmetics.ro\/en\/wp-json\/wp\/v2\/product_cat?post=7934"},{"taxonomy":"product_tag","embeddable":true,"href":"https:\/\/noacosmetics.ro\/en\/wp-json\/wp\/v2\/product_tag?post=7934"}],"curies":[{"name":"wp","href":"https:\/\/api.w.org\/{rel}","templated":true}]}}