{"id":7979,"date":"2024-03-27T14:39:11","date_gmt":"2024-03-27T14:39:11","guid":{"rendered":"https:\/\/noacosmetics.ro\/?post_type=product&#038;p=7979"},"modified":"2024-04-27T06:44:49","modified_gmt":"2024-04-27T06:44:49","slug":"gerovital-beauty-uv-top-coat","status":"publish","type":"product","link":"https:\/\/noacosmetics.ro\/en\/product\/gerovital-beauty-uv-top-coat\/","title":{"rendered":"Gerovital Beauty UV Top Coat"},"content":{"rendered":"<h4>Mod de utilizare:<\/h4>\n<p>Se aplic\u0103 peste lacul de unghii colorat, pentru extra luciu \u0219i protec\u021bie a culorii. Poate fi aplicat direct pe unghie, ca lac transparent, pentru luciul unghiilor naturale.<\/p>\n<p>Gelul TopCoat poate fi aplicat \u0219i ca ultim strat \u00een cazul unghiilor construite din gel, cu men\u021biunea c\u0103 se usuc\u0103 f\u0103r\u0103 lampa UV<\/p>\n<h4>Descriere:<\/h4>\n<p>Manichiur\u0103 cu aspect de gel, f\u0103r\u0103 lamp\u0103 UV.<\/p>\n<p>Confer\u0103 ojei rezisten\u021b\u0103, protec\u021bie \u0219i luciu<br \/>\nEfect de durat\u0103<br \/>\nTextur\u0103 fluid\u0103<br \/>\nPensula groas\u0103 asigur\u0103 aplicare uniform\u0103 dintr-un singur pas.Gerovital Beauty Gel UV TopCoat \u00eemprosp\u0103teaz\u0103 \u0219i protejeaz\u0103 culoarea lacului de unghii conferind un aspect de gel, f\u0103r\u0103 a fi nevoie de lampa UV. Un Top Coat revolu\u021bionar cu rezultate excep\u021bionale de rezisten\u021b\u0103 \u0219i luciu pe unghie.<\/p>\n<p>Pensula suficient de groas\u0103 \u0219i textura fluid\u0103 asigur\u0103 o aplicare facil\u0103 \u0219i uniform\u0103, f\u0103r\u0103 s\u0103 \u00eencarce unghia<\/p>","protected":false},"excerpt":{"rendered":"<p>Mod de utilizare: Se aplic\u0103 peste lacul de unghii colorat, pentru extra luciu \u0219i protec\u021bie a culorii. Poate fi aplicat direct pe unghie, ca lac transparent, pentru luciul unghiilor naturale. Gelul TopCoat poate fi aplicat \u0219i ca ultim strat \u00een cazul unghiilor construite din gel, cu men\u021biunea c\u0103 se usuc\u0103 f\u0103r\u0103 lampa UV Descriere: Manichiur\u0103 [&hellip;]<\/p>\n","protected":false},"featured_media":10082,"comment_status":"open","ping_status":"closed","template":"","meta":{"_themeisle_gutenberg_block_has_review":false},"product_brand":[],"product_cat":[21,93,95],"product_tag":[],"class_list":{"0":"post-7979","1":"product","2":"type-product","3":"status-publish","4":"has-post-thumbnail","6":"product_cat-ingrijire","7":"product_cat-ingrijire-maini","8":"product_cat-oja-si-acetona","9":"product_shipping_class-small-package","10":"entry","11":"has-media","13":"first","14":"onbackorder","15":"taxable","16":"shipping-taxable","17":"purchasable","18":"product-type-simple","19":"col","20":"span_1_of_3","21":"wvn-content-left","22":"wvn-thumbs-layout-horizontal","23":"wvn-btn-normal","24":"wvn-tabs-layout-horizontal","25":"has-no-thumbnails"},"jetpack_sharing_enabled":true,"_links":{"self":[{"href":"https:\/\/noacosmetics.ro\/en\/wp-json\/wp\/v2\/product\/7979","targetHints":{"allow":["GET"]}}],"collection":[{"href":"https:\/\/noacosmetics.ro\/en\/wp-json\/wp\/v2\/product"}],"about":[{"href":"https:\/\/noacosmetics.ro\/en\/wp-json\/wp\/v2\/types\/product"}],"replies":[{"embeddable":true,"href":"https:\/\/noacosmetics.ro\/en\/wp-json\/wp\/v2\/comments?post=7979"}],"wp:featuredmedia":[{"embeddable":true,"href":"https:\/\/noacosmetics.ro\/en\/wp-json\/wp\/v2\/media\/10082"}],"wp:attachment":[{"href":"https:\/\/noacosmetics.ro\/en\/wp-json\/wp\/v2\/media?parent=7979"}],"wp:term":[{"taxonomy":"product_brand","embeddable":true,"href":"https:\/\/noacosmetics.ro\/en\/wp-json\/wp\/v2\/product_brand?post=7979"},{"taxonomy":"product_cat","embeddable":true,"href":"https:\/\/noacosmetics.ro\/en\/wp-json\/wp\/v2\/product_cat?post=7979"},{"taxonomy":"product_tag","embeddable":true,"href":"https:\/\/noacosmetics.ro\/en\/wp-json\/wp\/v2\/product_tag?post=7979"}],"curies":[{"name":"wp","href":"https:\/\/api.w.org\/{rel}","templated":true}]}}