{"id":8005,"date":"2024-03-27T15:37:59","date_gmt":"2024-03-27T15:37:59","guid":{"rendered":"https:\/\/noacosmetics.ro\/?post_type=product&#038;p=8005"},"modified":"2024-04-27T06:43:42","modified_gmt":"2024-04-27T06:43:42","slug":"rujul-lichid-beauty-balm-de-la-revers","status":"publish","type":"product","link":"https:\/\/noacosmetics.ro\/en\/product\/rujul-lichid-beauty-balm-de-la-revers\/","title":{"rendered":"Rujul lichid Beauty Balm, de la Revers"},"content":{"rendered":"<h4>Mod de utilizare:<\/h4>\n<p>Beauty Balm Lip Tint poate fi utilizat ca atare, sau aplicat peste un ruj pentru un plus de stralucire si volum.<\/p>\n<p>Avertismente: Uz extern. Evitati contactul cu ochii. Nu lasati la indemana copiilor. Depozitati in mediu uscat, ferit de lumina soarelui, la temperaturi intre 18-25 grade C, cu capacul inchis cu grija.<\/p>\n<h4>Descriere:<\/h4>\n<p>Rujul lichid Beauty Balm, de la Revers, nr.1P, roz nude sidef, ofer\u0103 confortul si hidratarea unui balsam de buze, culoarea intens\u0103 a unui ruj \u0219i stralucirea si volumul unui gloss de buze. Datorit\u0103 gamei largi de culori, puteti alege nuanta preferata, iar buzele vor cap\u0103ta un aspect unic, luxuriant. Luciul de buze con\u021bine un aplicator extrem de moale, foarte confortabil, astfel \u00eenc\u00e2t formula puternic pigmentata poat\u0103 fi aplicat\u0103 cu precizie, evidentiind buzele si conferindu-le volum si ingrijire. Nuante ultra str\u0103lucitoare. Efect de buze umede.<\/p>","protected":false},"excerpt":{"rendered":"<p>Mod de utilizare: Beauty Balm Lip Tint poate fi utilizat ca atare, sau aplicat peste un ruj pentru un plus de stralucire si volum. Avertismente: Uz extern. Evitati contactul cu ochii. Nu lasati la indemana copiilor. Depozitati in mediu uscat, ferit de lumina soarelui, la temperaturi intre 18-25 grade C, cu capacul inchis cu grija. [&hellip;]<\/p>\n","protected":false},"featured_media":8010,"comment_status":"open","ping_status":"closed","template":"","meta":{"_themeisle_gutenberg_block_has_review":false},"product_brand":[],"product_cat":[20,69,67,70],"product_tag":[],"class_list":{"0":"post-8005","1":"product","2":"type-product","3":"status-publish","4":"has-post-thumbnail","6":"product_cat-make-up","7":"product_cat-luciu-buze","8":"product_cat-machiaj-buze","9":"product_cat-ruj","10":"product_shipping_class-small-package","11":"entry","12":"has-media","14":"first","15":"onbackorder","16":"taxable","17":"shipping-taxable","18":"purchasable","19":"product-type-variable","20":"col","21":"span_1_of_3","22":"wvn-content-left","23":"wvn-thumbs-layout-horizontal","24":"wvn-btn-normal","25":"wvn-tabs-layout-horizontal"},"jetpack_sharing_enabled":true,"_links":{"self":[{"href":"https:\/\/noacosmetics.ro\/en\/wp-json\/wp\/v2\/product\/8005","targetHints":{"allow":["GET"]}}],"collection":[{"href":"https:\/\/noacosmetics.ro\/en\/wp-json\/wp\/v2\/product"}],"about":[{"href":"https:\/\/noacosmetics.ro\/en\/wp-json\/wp\/v2\/types\/product"}],"replies":[{"embeddable":true,"href":"https:\/\/noacosmetics.ro\/en\/wp-json\/wp\/v2\/comments?post=8005"}],"wp:featuredmedia":[{"embeddable":true,"href":"https:\/\/noacosmetics.ro\/en\/wp-json\/wp\/v2\/media\/8010"}],"wp:attachment":[{"href":"https:\/\/noacosmetics.ro\/en\/wp-json\/wp\/v2\/media?parent=8005"}],"wp:term":[{"taxonomy":"product_brand","embeddable":true,"href":"https:\/\/noacosmetics.ro\/en\/wp-json\/wp\/v2\/product_brand?post=8005"},{"taxonomy":"product_cat","embeddable":true,"href":"https:\/\/noacosmetics.ro\/en\/wp-json\/wp\/v2\/product_cat?post=8005"},{"taxonomy":"product_tag","embeddable":true,"href":"https:\/\/noacosmetics.ro\/en\/wp-json\/wp\/v2\/product_tag?post=8005"}],"curies":[{"name":"wp","href":"https:\/\/api.w.org\/{rel}","templated":true}]}}