{"id":8049,"date":"2024-03-27T16:02:40","date_gmt":"2024-03-27T16:02:40","guid":{"rendered":"https:\/\/noacosmetics.ro\/?post_type=product&#038;p=8049"},"modified":"2024-12-19T22:04:31","modified_gmt":"2024-12-19T22:04:31","slug":"ruj-lichid-show-glow-revers-metalic-28-nude","status":"publish","type":"product","link":"https:\/\/noacosmetics.ro\/en\/product\/ruj-lichid-show-glow-revers-metalic-28-nude\/","title":{"rendered":"Ruj lichid Show Glow, Revers, Metalic"},"content":{"rendered":"<h4>Mod de utilizare:<\/h4>\n<p>Rujul se \u00eentinde pe buzele curate, cu tu\u0219e u\u0219oare, din centru spre col\u021buri. Pentru a crea un efect mai dramatic, folositi un contur mat, cu o nuanta mai inchisa decat a rujului<\/p>\n<p>Avertismente: Uz extern. Evitati contactul cu ochii. Nu lasati la indemana copiilor. Depozitati in mediu uscat, ferit de lumina soarelui, la temperaturi intre 18-25 grade C, cu capacul inchis cu grija.<\/p>\n<h4>Descriere:<\/h4>\n<p>Rujul lichid Show Glow, Revers, Metalic, 28, nude este un produs inovator, care combina consistenta pigmentilor cu intensitatea culorii, si cu un efect uluitor de stralucire metalica. Pigmentul stralucitor, care reflecta lumina, confera buzelor reflexe sclipitoare, metalice. Buzele vor parea mai mari si mai voluptoase.<\/p>\n<p>Datorita formulei cremoase, rujul devine incredibil de usor de aplicat, acoperind buzele intr-o culoare stralucitoare, multi-dimensionala. Aplicatorul unic, precis, intinde rujul uniform, acoperind perfect si evidentiind buzele.<\/p>\n<p>Caracteristici: Coloreaz\u0103 buzele \u00een culori saturate, cu o singura aplicare Efectul metalic rezist\u0103 pe buze pentru mult timp, fara a usca buzele Este puternic pigmentat, si nu \u00eencarca buzele Aplicatorul asigur\u0103 o \u00eentindere facil\u0103 si uniforma a rujului, cu un rezultat perfect<\/p>\n<p>Capacitate: 5,5ml<\/p>\n<p>&nbsp;<\/p>","protected":false},"excerpt":{"rendered":"<p>Mod de utilizare: Rujul se \u00eentinde pe buzele curate, cu tu\u0219e u\u0219oare, din centru spre col\u021buri. Pentru a crea un efect mai dramatic, folositi un contur mat, cu o nuanta mai inchisa decat a rujului Avertismente: Uz extern. Evitati contactul cu ochii. Nu lasati la indemana copiilor. Depozitati in mediu uscat, ferit de lumina soarelui, [&hellip;]<\/p>\n","protected":false},"featured_media":9061,"comment_status":"open","ping_status":"closed","template":"","meta":{"_themeisle_gutenberg_block_has_review":false},"product_brand":[],"product_cat":[20,69,67,70],"product_tag":[],"class_list":{"0":"post-8049","1":"product","2":"type-product","3":"status-publish","4":"has-post-thumbnail","6":"product_cat-make-up","7":"product_cat-luciu-buze","8":"product_cat-machiaj-buze","9":"product_cat-ruj","10":"product_shipping_class-small-package","11":"entry","12":"has-media","14":"first","15":"onbackorder","16":"taxable","17":"shipping-taxable","18":"purchasable","19":"product-type-variable","20":"col","21":"span_1_of_3","22":"wvn-content-left","23":"wvn-thumbs-layout-horizontal","24":"wvn-btn-normal","25":"wvn-tabs-layout-horizontal"},"jetpack_sharing_enabled":true,"_links":{"self":[{"href":"https:\/\/noacosmetics.ro\/en\/wp-json\/wp\/v2\/product\/8049","targetHints":{"allow":["GET"]}}],"collection":[{"href":"https:\/\/noacosmetics.ro\/en\/wp-json\/wp\/v2\/product"}],"about":[{"href":"https:\/\/noacosmetics.ro\/en\/wp-json\/wp\/v2\/types\/product"}],"replies":[{"embeddable":true,"href":"https:\/\/noacosmetics.ro\/en\/wp-json\/wp\/v2\/comments?post=8049"}],"wp:featuredmedia":[{"embeddable":true,"href":"https:\/\/noacosmetics.ro\/en\/wp-json\/wp\/v2\/media\/9061"}],"wp:attachment":[{"href":"https:\/\/noacosmetics.ro\/en\/wp-json\/wp\/v2\/media?parent=8049"}],"wp:term":[{"taxonomy":"product_brand","embeddable":true,"href":"https:\/\/noacosmetics.ro\/en\/wp-json\/wp\/v2\/product_brand?post=8049"},{"taxonomy":"product_cat","embeddable":true,"href":"https:\/\/noacosmetics.ro\/en\/wp-json\/wp\/v2\/product_cat?post=8049"},{"taxonomy":"product_tag","embeddable":true,"href":"https:\/\/noacosmetics.ro\/en\/wp-json\/wp\/v2\/product_tag?post=8049"}],"curies":[{"name":"wp","href":"https:\/\/api.w.org\/{rel}","templated":true}]}}