{"id":8077,"date":"2024-03-27T16:11:01","date_gmt":"2024-03-27T16:11:01","guid":{"rendered":"https:\/\/noacosmetics.ro\/?post_type=product&#038;p=8077"},"modified":"2024-11-10T07:45:15","modified_gmt":"2024-11-10T07:45:15","slug":"apa-micelara-demachianta-cu-ulei-natural-de-canepa-cu-cbd-100-vegan-revers-500ml","status":"publish","type":"product","link":"https:\/\/noacosmetics.ro\/en\/product\/apa-micelara-demachianta-cu-ulei-natural-de-canepa-cu-cbd-100-vegan-revers-500ml\/","title":{"rendered":"Ap\u0103 micelara demachianta cu ulei natural de c\u00e2nep\u0103 cu CBD, 100% vegan, Revers, 500ml"},"content":{"rendered":"<h4>Mod de utilizare:<\/h4>\n<p>1. Aplica\u021bi o cantitate mic\u0103 de lichid pe tamponul de bumbac<br \/>\n2. Cu mi\u0219c\u0103ri circulare, u\u0219oare, r\u0103sp\u00e2ndi\u021bi lichidul pe toat\u0103 fa\u021ba<br \/>\n3. Dac\u0103 este necesar, repeta\u021bi activitatea.<\/p>\n<p>Uleiul de c\u00e2nep\u0103 CBD 100% natural este ob\u021binut din semin\u021be de c\u00e2nep\u0103 (Cannabis sativa), care, spre deosebire de THC, nu are efecte psihoactive. Are un efect benefic dovedit \u0219tiin\u021bific asupra pielii \u0219i p\u0103rului. Are propriet\u0103\u021bi nutritive \u0219i protectoare puternice. Produsul este bogat \u00een substan\u021be biologic active, cum ar fi CBD, adic\u0103 canabidiol, tocoferol \u0219i terpineol. Aceste ingrediente au propriet\u0103\u021bi antioxidante, antiinflamatoare \u0219i antiseptice. Aproape 80 la sut\u0103 din uleiul de c\u00e2nep\u0103 este format din acizi gra\u0219i esen\u021biali (EFA), acid linoleic din grupul acizilor gra\u0219i omega-6 \u0219i acid linolenic din grupul omega-3. De asemenea, con\u021bine acizi valoro\u0219i: oleic, palmitic \u0219i gamma-linolenic, precum \u0219i proteine, aminoacizi, caroten, minerale, vitamine (vitamina A, vitamina D, vitamina E \u0219i vitamina K), fitosteroli, fosfolipide. Toate acestea fac din uleiul de c\u00e2nep\u0103 un produs ideal cu propriet\u0103\u021bi nutritive, care poate fi utilizat individual sau ca si component\u0103 care \u00eembog\u0103\u021be\u0219te alte produse cosmetice.<br \/>\nPotrivit pentru toate tipurile de piele.<\/p>\n<p>Avertismente: Uz extern. Evitati contactul cu ochii.u lasati la indemana copiilor. Depozitati in mediu uscat, ferit de lumina soarelui, la temperaturi intre 18-25 grade C, cu capacul inchis cu grija.<\/p>\n<p>&nbsp;<\/p>\n<h4>Descriere:<\/h4>\n<p>Ap\u0103 micelara demachianta cu ulei natural de c\u00e2nep\u0103 cu CBD, 500ml<br \/>\nLichidul u\u0219or, inodor,\u00eendep\u0103rteaz\u0103 eficient machiajul \u0219i excesul de sebum f\u0103r\u0103 a fi nevoie s\u0103 folosi\u021bi ap\u0103. Datorit\u0103 con\u021binutului de ulei natural de c\u00e2nep\u0103 cu CBD, acid hialuronic \u0219i alantoin\u0103, are un efect calmant, hidratant \u0219i netezitor. Tenul r\u0103m\u00e2ne profund cur\u0103\u021bat, re\u00eemprosp\u0103tat \u0219i intens hidratat mult timp. Potrivit pentru toate tipurile de ten.<br \/>\nUleiul natural de c\u00e2nep\u0103 cu CBD &#8211; ob\u021binut din semin\u021be de c\u00e2nep\u0103 (Cannabis sativa), are propriet\u0103\u021bi nutritive \u0219i protectoare puternice.<br \/>\nProdusul este bogat \u00een substan\u021be biologic active, cum ar fi CBD, adic\u0103 canabidiol, tocoferol \u0219i terpineol. Aceste ingrediente contin antioxidan\u021bi, antiinflamatori \u0219i au propriet\u0103\u021bi antiseptice. CBD posed\u0103, de asemenea, propriet\u0103\u021bi regenerative. Accelereaz\u0103 vindecarea microdeterior\u0103rilor pielii, previne pierderea apei \u0219i protejeaz\u0103 \u00eempotriva factorilor externi nefavorabili, precum radia\u021biile ultraviolete.<br \/>\nAcidul hialuronic &#8211; are proprietatea de a combina fibrele<\/p>\n<p>Caracteristici:<br \/>\n&#8211; 100% vegan<br \/>\n&#8211; con\u021bine 91,98% ingrediente naturale<br \/>\n&#8211; indeparteaza machiajul si impuritatile<br \/>\n&#8211; elimin\u0103 excesul de sebum<br \/>\n&#8211; red\u0103 echilibrul \u0219i matifiaz\u0103 pielea<br \/>\n&#8211; nu con\u021bine parfumuri<br \/>\n&#8211; nu con\u021bine pigmen\u021bi \u0219i substan\u021be colorante<br \/>\n&#8211; nu con\u021bine alcool<br \/>\n&#8211; nu con\u021bine microplastic<br \/>\n&#8211; netestat pe animale<\/p>\n<p>Descrieri ale pictogramelor:<br \/>\nUlei natural de c\u00e2nep\u0103 cu CBD<br \/>\nCur\u0103\u021b\u0103 pielea<br \/>\nCalmeaz\u0103 iritatiile<br \/>\nCombate imperfec\u021biunile<br \/>\nInchide porii dilatati<br \/>\nHidrateaz\u0103 pielea<\/p>","protected":false},"excerpt":{"rendered":"<p>Mod de utilizare: 1. Aplica\u021bi o cantitate mic\u0103 de lichid pe tamponul de bumbac 2. Cu mi\u0219c\u0103ri circulare, u\u0219oare, r\u0103sp\u00e2ndi\u021bi lichidul pe toat\u0103 fa\u021ba 3. Dac\u0103 este necesar, repeta\u021bi activitatea. Uleiul de c\u00e2nep\u0103 CBD 100% natural este ob\u021binut din semin\u021be de c\u00e2nep\u0103 (Cannabis sativa), care, spre deosebire de THC, nu are efecte psihoactive. Are un [&hellip;]<\/p>\n","protected":false},"featured_media":8078,"comment_status":"open","ping_status":"closed","template":"","meta":{"_themeisle_gutenberg_block_has_review":false},"product_brand":[],"product_cat":[21,73,72],"product_tag":[],"class_list":{"0":"post-8077","1":"product","2":"type-product","3":"status-publish","4":"has-post-thumbnail","6":"product_cat-ingrijire","7":"product_cat-apa-micelara","8":"product_cat-ingrijire-fata","9":"product_shipping_class-small-package","10":"entry","11":"has-media","13":"first","14":"onbackorder","15":"taxable","16":"shipping-taxable","17":"purchasable","18":"product-type-simple","19":"col","20":"span_1_of_3","21":"wvn-content-left","22":"wvn-thumbs-layout-horizontal","23":"wvn-btn-normal","24":"wvn-tabs-layout-horizontal","25":"has-no-thumbnails"},"jetpack_sharing_enabled":true,"_links":{"self":[{"href":"https:\/\/noacosmetics.ro\/en\/wp-json\/wp\/v2\/product\/8077","targetHints":{"allow":["GET"]}}],"collection":[{"href":"https:\/\/noacosmetics.ro\/en\/wp-json\/wp\/v2\/product"}],"about":[{"href":"https:\/\/noacosmetics.ro\/en\/wp-json\/wp\/v2\/types\/product"}],"replies":[{"embeddable":true,"href":"https:\/\/noacosmetics.ro\/en\/wp-json\/wp\/v2\/comments?post=8077"}],"wp:featuredmedia":[{"embeddable":true,"href":"https:\/\/noacosmetics.ro\/en\/wp-json\/wp\/v2\/media\/8078"}],"wp:attachment":[{"href":"https:\/\/noacosmetics.ro\/en\/wp-json\/wp\/v2\/media?parent=8077"}],"wp:term":[{"taxonomy":"product_brand","embeddable":true,"href":"https:\/\/noacosmetics.ro\/en\/wp-json\/wp\/v2\/product_brand?post=8077"},{"taxonomy":"product_cat","embeddable":true,"href":"https:\/\/noacosmetics.ro\/en\/wp-json\/wp\/v2\/product_cat?post=8077"},{"taxonomy":"product_tag","embeddable":true,"href":"https:\/\/noacosmetics.ro\/en\/wp-json\/wp\/v2\/product_tag?post=8077"}],"curies":[{"name":"wp","href":"https:\/\/api.w.org\/{rel}","templated":true}]}}