{"id":8150,"date":"2024-03-28T11:24:20","date_gmt":"2024-03-28T11:24:20","guid":{"rendered":"https:\/\/noacosmetics.ro\/?post_type=product&#038;p=8150"},"modified":"2024-04-27T06:36:47","modified_gmt":"2024-04-27T06:36:47","slug":"balsam-de-buze-cu-aroma-de-vanilie-candy-egg-idc-institute-30133v-10-g","status":"publish","type":"product","link":"https:\/\/noacosmetics.ro\/en\/product\/balsam-de-buze-cu-aroma-de-vanilie-candy-egg-idc-institute-30133v-10-g\/","title":{"rendered":"Balsam de buze cu aroma de vanilie Candy Egg IDC Institute 30133V, 10 g"},"content":{"rendered":"<h4>Mod de utilizare:<\/h4>\n<p>Se aplica de minim 2 ori pe zi pana la maxim 4 aplicari. Recomandare: nu eliberati o cantitate mare din recipient deoarece exista posibilitatea ruperii balsamului. Avertismente: Uz extern. Nu lasati la indemana copiilor. Depozitati in mediu uscat, ferit de lumina soarelui, la temperaturi intre 18-25 grade C, cu capacul inchis cu grija.<\/p>\n<h4>Descriere:<\/h4>\n<p>Trateaz\u0103-\u021bi buzele \u00een cel mai juc\u0103u\u0219 mod, cu Smile Lip Balm Magic Studio un balsam de buze pentru doamne \u0219i domni\u0219oare, care \u00ee\u021bi hr\u0103ne\u0219te buzele \u0219i le las\u0103 moi \u0219i m\u0103t\u0103soase, \u00een timp ce \u00ee\u021bi infrumuseteaza ziua.<\/p>\n<p>Aroma placuta de vanilie.<\/p>\n<p>Beneficii: hidrateaz\u0103 \u00een profunzime \u0219i ofer\u0103 o nutri\u021bie intensiv\u0103, repara buzele cr\u0103pate, las\u0103 buzele moi \u0219i netede, tonific\u0103 u\u0219or buzele.<\/p>\n<p>Testat dermatologic.<\/p>","protected":false},"excerpt":{"rendered":"<p>Mod de utilizare: Se aplica de minim 2 ori pe zi pana la maxim 4 aplicari. Recomandare: nu eliberati o cantitate mare din recipient deoarece exista posibilitatea ruperii balsamului. Avertismente: Uz extern. Nu lasati la indemana copiilor. Depozitati in mediu uscat, ferit de lumina soarelui, la temperaturi intre 18-25 grade C, cu capacul inchis cu [&hellip;]<\/p>\n","protected":false},"featured_media":8154,"comment_status":"open","ping_status":"closed","template":"","meta":{"_themeisle_gutenberg_block_has_review":false},"product_brand":[],"product_cat":[68,67,20],"product_tag":[],"class_list":{"0":"post-8150","1":"product","2":"type-product","3":"status-publish","4":"has-post-thumbnail","6":"product_cat-balsam-de-buze","7":"product_cat-machiaj-buze","8":"product_cat-make-up","9":"product_shipping_class-small-package","10":"entry","11":"has-media","13":"first","14":"onbackorder","15":"taxable","16":"shipping-taxable","17":"purchasable","18":"product-type-simple","19":"col","20":"span_1_of_3","21":"wvn-content-left","22":"wvn-thumbs-layout-horizontal","23":"wvn-btn-normal","24":"wvn-tabs-layout-horizontal"},"jetpack_sharing_enabled":true,"_links":{"self":[{"href":"https:\/\/noacosmetics.ro\/en\/wp-json\/wp\/v2\/product\/8150","targetHints":{"allow":["GET"]}}],"collection":[{"href":"https:\/\/noacosmetics.ro\/en\/wp-json\/wp\/v2\/product"}],"about":[{"href":"https:\/\/noacosmetics.ro\/en\/wp-json\/wp\/v2\/types\/product"}],"replies":[{"embeddable":true,"href":"https:\/\/noacosmetics.ro\/en\/wp-json\/wp\/v2\/comments?post=8150"}],"wp:featuredmedia":[{"embeddable":true,"href":"https:\/\/noacosmetics.ro\/en\/wp-json\/wp\/v2\/media\/8154"}],"wp:attachment":[{"href":"https:\/\/noacosmetics.ro\/en\/wp-json\/wp\/v2\/media?parent=8150"}],"wp:term":[{"taxonomy":"product_brand","embeddable":true,"href":"https:\/\/noacosmetics.ro\/en\/wp-json\/wp\/v2\/product_brand?post=8150"},{"taxonomy":"product_cat","embeddable":true,"href":"https:\/\/noacosmetics.ro\/en\/wp-json\/wp\/v2\/product_cat?post=8150"},{"taxonomy":"product_tag","embeddable":true,"href":"https:\/\/noacosmetics.ro\/en\/wp-json\/wp\/v2\/product_tag?post=8150"}],"curies":[{"name":"wp","href":"https:\/\/api.w.org\/{rel}","templated":true}]}}