{"id":8165,"date":"2024-03-28T11:39:05","date_gmt":"2024-03-28T11:39:05","guid":{"rendered":"https:\/\/noacosmetics.ro\/?post_type=product&#038;p=8165"},"modified":"2024-04-27T06:36:06","modified_gmt":"2024-04-27T06:36:06","slug":"roll-on-pentru-fata-si-corp-cu-sclipici-martinelia-1168cv-violet-16g","status":"publish","type":"product","link":"https:\/\/noacosmetics.ro\/en\/product\/roll-on-pentru-fata-si-corp-cu-sclipici-martinelia-1168cv-violet-16g\/","title":{"rendered":"Roll-on pentru fata si corp cu sclipici Martinelia 1168CV, violet, 16g"},"content":{"rendered":"<h4>Mod de utilizare:<\/h4>\n<p>Uz extern. Produsul nu este recomandat copiilor sub 3 ani. A se folosi sub supravegherea unui adult. Evitati contactul cu ochii. In cazul contactului cu ochii clatiti cu apa din abundenta. Depozitati in mediu uscat, ferit de lumina soarelui, la temperaturi intre 18-25 grade C, cu capacul inchis cu grija.<\/p>\n<h4>Descriere:<\/h4>\n<p>Martinelia ne surprinde mereu cu nout\u0103\u021bile sale. Trezi\u021bi-le imagina\u021bia copiilor prin culoare, texturi, machiaj&#8230; nu exist\u0103 o modalitate mai bun\u0103 de a \u00eenv\u0103\u021ba dec\u00e2t&#8230; prin joaca!! Roll-on cu sclipici pentru fa\u021b\u0103, corp \u0219i chiar p\u0103r in forma de unicorn. Gliseaz\u0103 roll-on-ul pe piele \u0219i vei aplica un strat sub\u021bire de sclipici str\u0103lucitor.<\/p>\n<p>Produs testat dermatologic.<\/p>\n<p>Culoare scipici: violet<\/p>\n<p>Cantitate: 16g<\/p>","protected":false},"excerpt":{"rendered":"<p>Mod de utilizare: Uz extern. Produsul nu este recomandat copiilor sub 3 ani. A se folosi sub supravegherea unui adult. Evitati contactul cu ochii. In cazul contactului cu ochii clatiti cu apa din abundenta. Depozitati in mediu uscat, ferit de lumina soarelui, la temperaturi intre 18-25 grade C, cu capacul inchis cu grija. Descriere: Martinelia [&hellip;]<\/p>\n","protected":false},"featured_media":8166,"comment_status":"open","ping_status":"closed","template":"","meta":{"_themeisle_gutenberg_block_has_review":false},"product_brand":[],"product_cat":[75,81,21,79,72],"product_tag":[],"class_list":{"0":"post-8165","1":"product","2":"type-product","3":"status-publish","4":"has-post-thumbnail","6":"product_cat-hidratare","7":"product_cat-hidratare-corp","8":"product_cat-ingrijire","9":"product_cat-ingrijire-corp","10":"product_cat-ingrijire-fata","11":"entry","12":"has-media","14":"first","15":"onbackorder","16":"taxable","17":"shipping-taxable","18":"purchasable","19":"product-type-simple","20":"col","21":"span_1_of_3","22":"wvn-content-left","23":"wvn-thumbs-layout-horizontal","24":"wvn-btn-normal","25":"wvn-tabs-layout-horizontal"},"jetpack_sharing_enabled":true,"_links":{"self":[{"href":"https:\/\/noacosmetics.ro\/en\/wp-json\/wp\/v2\/product\/8165","targetHints":{"allow":["GET"]}}],"collection":[{"href":"https:\/\/noacosmetics.ro\/en\/wp-json\/wp\/v2\/product"}],"about":[{"href":"https:\/\/noacosmetics.ro\/en\/wp-json\/wp\/v2\/types\/product"}],"replies":[{"embeddable":true,"href":"https:\/\/noacosmetics.ro\/en\/wp-json\/wp\/v2\/comments?post=8165"}],"wp:featuredmedia":[{"embeddable":true,"href":"https:\/\/noacosmetics.ro\/en\/wp-json\/wp\/v2\/media\/8166"}],"wp:attachment":[{"href":"https:\/\/noacosmetics.ro\/en\/wp-json\/wp\/v2\/media?parent=8165"}],"wp:term":[{"taxonomy":"product_brand","embeddable":true,"href":"https:\/\/noacosmetics.ro\/en\/wp-json\/wp\/v2\/product_brand?post=8165"},{"taxonomy":"product_cat","embeddable":true,"href":"https:\/\/noacosmetics.ro\/en\/wp-json\/wp\/v2\/product_cat?post=8165"},{"taxonomy":"product_tag","embeddable":true,"href":"https:\/\/noacosmetics.ro\/en\/wp-json\/wp\/v2\/product_tag?post=8165"}],"curies":[{"name":"wp","href":"https:\/\/api.w.org\/{rel}","templated":true}]}}