{"id":8468,"date":"2024-03-30T09:52:55","date_gmt":"2024-03-30T09:52:55","guid":{"rendered":"https:\/\/noacosmetics.ro\/?post_type=product&#038;p=8468"},"modified":"2024-04-27T06:30:41","modified_gmt":"2024-04-27T06:30:41","slug":"gerovital-tratament-expert-sampon-regenerat-cu-keratina-250ml","status":"publish","type":"product","link":"https:\/\/noacosmetics.ro\/en\/product\/gerovital-tratament-expert-sampon-regenerat-cu-keratina-250ml\/","title":{"rendered":"Gerovital Tratament Expert Sampon Regenerat cu Keratina 250ml"},"content":{"rendered":"<h4 style=\"text-align: left;\">Mod de utilizare:<\/h4>\n<p>Aplica\u021bi \u015famponul mas\u00e2nd u\u015for pielea capului, pentru stimulare \u015fi tonifiere, aproximativ 1 minut, apoi se limpeze\u015fte bine. Se repet\u0103, dac\u0103 este necesar.<\/p>\n<p>O dat\u0103 pe s\u0103pt\u0103m\u00e2n\u0103 se suplimenteaz\u0103 aportul de keratin\u0103 aplic\u00e2nd Masca Regenerant\u0103 cu keratin\u0103 din aceea\u015fi gam\u0103.<\/p>\n<h4>Descriere:<\/h4>\n<p>Av\u00e2nd \u00een componen\u021ba sa ingrediente precum Keratina hidrolizat\u0103, \u0218amponul Regenerant Gerovital ac\u021bioneaz\u0103 direct asupra firului de p\u0103r prin refacerea nivelului de keratin\u0103, proteina ce asigur\u0103 p\u0103rului elasticitate \u0219i-l protejeaz\u0103 de efectele distructive ale agen\u021bilor externi. Ingredientele active \u0219i rolul lor<\/p>\n<p>Keratina hidrolizat\u0103 cu rol principal \u00een refacerea structurii firului de p\u0103r, keratina fiind constituentul esen\u021bial al firului de p\u0103r.<br \/>\nVitamine \u0219i oligoelemente reunite \u00eentr-un complex bioactiv \u0219i extracte naturale din plante, cu rol hr\u0103nitor \u0219i antioxidant<\/p>","protected":false},"excerpt":{"rendered":"<p>Mod de utilizare: Aplica\u021bi \u015famponul mas\u00e2nd u\u015for pielea capului, pentru stimulare \u015fi tonifiere, aproximativ 1 minut, apoi se limpeze\u015fte bine. Se repet\u0103, dac\u0103 este necesar. O dat\u0103 pe s\u0103pt\u0103m\u00e2n\u0103 se suplimenteaz\u0103 aportul de keratin\u0103 aplic\u00e2nd Masca Regenerant\u0103 cu keratin\u0103 din aceea\u015fi gam\u0103. Descriere: Av\u00e2nd \u00een componen\u021ba sa ingrediente precum Keratina hidrolizat\u0103, \u0218amponul Regenerant Gerovital ac\u021bioneaz\u0103 [&hellip;]<\/p>\n","protected":false},"featured_media":9887,"comment_status":"open","ping_status":"closed","template":"","meta":{"_themeisle_gutenberg_block_has_review":false},"product_brand":[],"product_cat":[83,21,84,86],"product_tag":[],"class_list":{"0":"post-8468","1":"product","2":"type-product","3":"status-publish","4":"has-post-thumbnail","6":"product_cat-ingrijire-par","7":"product_cat-ingrijire","8":"product_cat-sampon","9":"product_cat-tratament","10":"product_shipping_class-small-package","11":"entry","12":"has-media","14":"first","15":"onbackorder","16":"taxable","17":"shipping-taxable","18":"purchasable","19":"product-type-simple","20":"col","21":"span_1_of_3","22":"wvn-content-left","23":"wvn-thumbs-layout-horizontal","24":"wvn-btn-normal","25":"wvn-tabs-layout-horizontal","26":"has-no-thumbnails"},"jetpack_sharing_enabled":true,"_links":{"self":[{"href":"https:\/\/noacosmetics.ro\/en\/wp-json\/wp\/v2\/product\/8468","targetHints":{"allow":["GET"]}}],"collection":[{"href":"https:\/\/noacosmetics.ro\/en\/wp-json\/wp\/v2\/product"}],"about":[{"href":"https:\/\/noacosmetics.ro\/en\/wp-json\/wp\/v2\/types\/product"}],"replies":[{"embeddable":true,"href":"https:\/\/noacosmetics.ro\/en\/wp-json\/wp\/v2\/comments?post=8468"}],"wp:featuredmedia":[{"embeddable":true,"href":"https:\/\/noacosmetics.ro\/en\/wp-json\/wp\/v2\/media\/9887"}],"wp:attachment":[{"href":"https:\/\/noacosmetics.ro\/en\/wp-json\/wp\/v2\/media?parent=8468"}],"wp:term":[{"taxonomy":"product_brand","embeddable":true,"href":"https:\/\/noacosmetics.ro\/en\/wp-json\/wp\/v2\/product_brand?post=8468"},{"taxonomy":"product_cat","embeddable":true,"href":"https:\/\/noacosmetics.ro\/en\/wp-json\/wp\/v2\/product_cat?post=8468"},{"taxonomy":"product_tag","embeddable":true,"href":"https:\/\/noacosmetics.ro\/en\/wp-json\/wp\/v2\/product_tag?post=8468"}],"curies":[{"name":"wp","href":"https:\/\/api.w.org\/{rel}","templated":true}]}}