{"id":8488,"date":"2024-03-30T10:22:53","date_gmt":"2024-03-30T10:22:53","guid":{"rendered":"https:\/\/noacosmetics.ro\/?post_type=product&#038;p=8488"},"modified":"2024-04-27T06:28:37","modified_gmt":"2024-04-27T06:28:37","slug":"schwarzkopf-gliss-sampon-ultimate-repaire-250ml","status":"publish","type":"product","link":"https:\/\/noacosmetics.ro\/en\/product\/schwarzkopf-gliss-sampon-ultimate-repaire-250ml\/","title":{"rendered":"Schwarzkopf Gliss Sampon Ultimate Repaire 250ml"},"content":{"rendered":"<h4>Mod de utilizare:<\/h4>\n<p>Aplica\u021bi o cantitate potrivit\u0103 de \u0219ampon pe p\u0103rul \u0219i scalpul umed, masa\u021bi \u0219i spuma\u021bi, apoi cl\u0103ti\u021bi.<\/p>\n<h4>Descriere:<\/h4>\n<p>\u0218amponul regenerant &#8211; Schwarzkopf Gliss Ultimate Repair va face fa\u021b\u0103 chiar \u0219i p\u0103rului foarte grav deteriorat, reduc\u00e2nd fragilitatea \u0219uvi\u021belor cu 95% \u0219i recuper\u00e2nd str\u0103lucirea, elasticitatea \u0219i frumuse\u021bea pierdut\u0103! Acest produs extrem de eficient ofer\u0103 de asemenea o cur\u0103\u021bare delicat\u0103, o \u00eengrijire bl\u00e2nd\u0103 \u0219i un rezultat vizibil \u00een timp record. Formula inovatoare a \u0219amponului include o concentra\u021bie tripl\u0103 de cheratine lichide, datorit\u0103 c\u0103rora zonele deteriorate ale p\u0103rului sunt umplute din interior \u0219i reconstruite rapid. Acestea \u00eenvelesc buclele cu un scut protector invizibil, prevenind uscarea \u0219i deteriorarea firelor de p\u0103r \u0219i previn uscarea \u0219i disconfortul scalpului.<\/p>","protected":false},"excerpt":{"rendered":"<p>Mod de utilizare: Aplica\u021bi o cantitate potrivit\u0103 de \u0219ampon pe p\u0103rul \u0219i scalpul umed, masa\u021bi \u0219i spuma\u021bi, apoi cl\u0103ti\u021bi. Descriere: \u0218amponul regenerant &#8211; Schwarzkopf Gliss Ultimate Repair va face fa\u021b\u0103 chiar \u0219i p\u0103rului foarte grav deteriorat, reduc\u00e2nd fragilitatea \u0219uvi\u021belor cu 95% \u0219i recuper\u00e2nd str\u0103lucirea, elasticitatea \u0219i frumuse\u021bea pierdut\u0103! Acest produs extrem de eficient ofer\u0103 de [&hellip;]<\/p>\n","protected":false},"featured_media":8489,"comment_status":"open","ping_status":"closed","template":"","meta":{"_themeisle_gutenberg_block_has_review":false},"product_brand":[],"product_cat":[21,83,84],"product_tag":[],"class_list":{"0":"post-8488","1":"product","2":"type-product","3":"status-publish","4":"has-post-thumbnail","6":"product_cat-ingrijire","7":"product_cat-ingrijire-par","8":"product_cat-sampon","9":"product_shipping_class-small-package","10":"entry","11":"has-media","13":"first","14":"onbackorder","15":"taxable","16":"shipping-taxable","17":"purchasable","18":"product-type-simple","19":"col","20":"span_1_of_3","21":"wvn-content-left","22":"wvn-thumbs-layout-horizontal","23":"wvn-btn-normal","24":"wvn-tabs-layout-horizontal","25":"has-no-thumbnails"},"jetpack_sharing_enabled":true,"_links":{"self":[{"href":"https:\/\/noacosmetics.ro\/en\/wp-json\/wp\/v2\/product\/8488","targetHints":{"allow":["GET"]}}],"collection":[{"href":"https:\/\/noacosmetics.ro\/en\/wp-json\/wp\/v2\/product"}],"about":[{"href":"https:\/\/noacosmetics.ro\/en\/wp-json\/wp\/v2\/types\/product"}],"replies":[{"embeddable":true,"href":"https:\/\/noacosmetics.ro\/en\/wp-json\/wp\/v2\/comments?post=8488"}],"wp:featuredmedia":[{"embeddable":true,"href":"https:\/\/noacosmetics.ro\/en\/wp-json\/wp\/v2\/media\/8489"}],"wp:attachment":[{"href":"https:\/\/noacosmetics.ro\/en\/wp-json\/wp\/v2\/media?parent=8488"}],"wp:term":[{"taxonomy":"product_brand","embeddable":true,"href":"https:\/\/noacosmetics.ro\/en\/wp-json\/wp\/v2\/product_brand?post=8488"},{"taxonomy":"product_cat","embeddable":true,"href":"https:\/\/noacosmetics.ro\/en\/wp-json\/wp\/v2\/product_cat?post=8488"},{"taxonomy":"product_tag","embeddable":true,"href":"https:\/\/noacosmetics.ro\/en\/wp-json\/wp\/v2\/product_tag?post=8488"}],"curies":[{"name":"wp","href":"https:\/\/api.w.org\/{rel}","templated":true}]}}