{"id":8500,"date":"2024-03-30T10:51:55","date_gmt":"2024-03-30T10:51:55","guid":{"rendered":"https:\/\/noacosmetics.ro\/?post_type=product&#038;p=8500"},"modified":"2024-11-10T06:47:55","modified_gmt":"2024-11-10T06:47:55","slug":"taft-fixativ-volume-5-250ml","status":"publish","type":"product","link":"https:\/\/noacosmetics.ro\/en\/product\/taft-fixativ-volume-5-250ml\/","title":{"rendered":"Taft Fixativ Volume 5 250ml"},"content":{"rendered":"<h4>Mod de utilizare:<\/h4>\n<p>Pulveriza\u021bi pe p\u0103r de la o distan\u021b\u0103 de 30cm de p\u0103r<\/p>\n<h4>Descriere:<\/h4>\n<p>Taft VOLUME fixativ pentru p\u0103r sub\u021bire. Nivel 5 de fixare \u2022 Fixare de p\u00e2n\u0103 la 24h f\u0103r\u0103 a lipi firele de p\u0103r \u2022 Protejeaz\u0103 p\u0103rul \u00eempotriva usc\u0103rii \u2022 F\u0103r\u0103 reziduuri \u0219i nu \u00eengreuneaz\u0103 firul de p\u0103r \u2022 Ofer\u0103 rezisten\u021b\u0103 coafurii \u00eempotriva umidit\u0103\u021bii \u0219i a v\u00e2ntului<\/p>","protected":false},"excerpt":{"rendered":"<p>Mod de utilizare: Pulveriza\u021bi pe p\u0103r de la o distan\u021b\u0103 de 30cm de p\u0103r Descriere: Taft VOLUME fixativ pentru p\u0103r sub\u021bire. Nivel 5 de fixare \u2022 Fixare de p\u00e2n\u0103 la 24h f\u0103r\u0103 a lipi firele de p\u0103r \u2022 Protejeaz\u0103 p\u0103rul \u00eempotriva usc\u0103rii \u2022 F\u0103r\u0103 reziduuri \u0219i nu \u00eengreuneaz\u0103 firul de p\u0103r \u2022 Ofer\u0103 rezisten\u021b\u0103 coafurii [&hellip;]<\/p>\n","protected":false},"featured_media":8501,"comment_status":"open","ping_status":"closed","template":"","meta":{"_themeisle_gutenberg_block_has_review":false},"product_brand":[],"product_cat":[21,87,83],"product_tag":[],"class_list":{"0":"post-8500","1":"product","2":"type-product","3":"status-publish","4":"has-post-thumbnail","6":"product_cat-ingrijire","7":"product_cat-aranjarestyling","8":"product_cat-ingrijire-par","9":"product_shipping_class-small-package","10":"entry","11":"has-media","13":"first","14":"onbackorder","15":"taxable","16":"shipping-taxable","17":"purchasable","18":"product-type-simple","19":"col","20":"span_1_of_3","21":"wvn-content-left","22":"wvn-thumbs-layout-horizontal","23":"wvn-btn-normal","24":"wvn-tabs-layout-horizontal","25":"has-no-thumbnails"},"jetpack_sharing_enabled":true,"_links":{"self":[{"href":"https:\/\/noacosmetics.ro\/en\/wp-json\/wp\/v2\/product\/8500","targetHints":{"allow":["GET"]}}],"collection":[{"href":"https:\/\/noacosmetics.ro\/en\/wp-json\/wp\/v2\/product"}],"about":[{"href":"https:\/\/noacosmetics.ro\/en\/wp-json\/wp\/v2\/types\/product"}],"replies":[{"embeddable":true,"href":"https:\/\/noacosmetics.ro\/en\/wp-json\/wp\/v2\/comments?post=8500"}],"wp:featuredmedia":[{"embeddable":true,"href":"https:\/\/noacosmetics.ro\/en\/wp-json\/wp\/v2\/media\/8501"}],"wp:attachment":[{"href":"https:\/\/noacosmetics.ro\/en\/wp-json\/wp\/v2\/media?parent=8500"}],"wp:term":[{"taxonomy":"product_brand","embeddable":true,"href":"https:\/\/noacosmetics.ro\/en\/wp-json\/wp\/v2\/product_brand?post=8500"},{"taxonomy":"product_cat","embeddable":true,"href":"https:\/\/noacosmetics.ro\/en\/wp-json\/wp\/v2\/product_cat?post=8500"},{"taxonomy":"product_tag","embeddable":true,"href":"https:\/\/noacosmetics.ro\/en\/wp-json\/wp\/v2\/product_tag?post=8500"}],"curies":[{"name":"wp","href":"https:\/\/api.w.org\/{rel}","templated":true}]}}